{"id":1921,"date":"2023-02-25T21:42:59","date_gmt":"2023-02-25T21:42:59","guid":{"rendered":"https:\/\/status-wellness.pt\/?page_id=1921"},"modified":"2026-03-22T14:59:39","modified_gmt":"2026-03-22T14:59:39","slug":"monterey","status":"publish","type":"page","link":"https:\/\/status-wellness.pt\/en\/spas\/freeflowspas\/monterey\/","title":{"rendered":"Monterey\u2122"},"content":{"rendered":"<div data-elementor-type=\"wp-page\" data-elementor-id=\"1921\" class=\"elementor elementor-1921\" data-elementor-post-type=\"page\">\n\t\t\t\t\t\t<section class=\"elementor-section elementor-top-section elementor-element elementor-element-f9629d4 elementor-reverse-tablet elementor-reverse-mobile elementor-section-boxed elementor-section-height-default elementor-section-height-default\" data-id=\"f9629d4\" data-element_type=\"section\" data-e-type=\"section\" data-settings=\"{&quot;background_background&quot;:&quot;classic&quot;}\">\n\t\t\t\t\t\t<div class=\"elementor-container elementor-column-gap-default\">\n\t\t\t\t\t<div class=\"elementor-column elementor-col-50 elementor-top-column elementor-element elementor-element-c1f6160\" data-id=\"c1f6160\" data-element_type=\"column\" data-e-type=\"column\">\n\t\t\t<div class=\"elementor-widget-wrap elementor-element-populated\">\n\t\t\t\t\t\t<div class=\"elementor-element elementor-element-5edc614 elementor-widget elementor-widget-text-editor\" data-id=\"5edc614\" data-element_type=\"widget\" data-e-type=\"widget\" data-widget_type=\"text-editor.default\">\n\t\t\t\t<div class=\"elementor-widget-container\">\n\t\t\t\t\t\t\t\t\t<p><a href=\"https:\/\/status-wellness.pt\/en\/spas\/freeflowspas\/\">FreeflowSpas Collection<\/a><\/p>\t\t\t\t\t\t\t\t<\/div>\n\t\t\t\t<\/div>\n\t\t\t\t<div class=\"elementor-element elementor-element-d418b1e elementor-widget elementor-widget-heading\" data-id=\"d418b1e\" data-element_type=\"widget\" data-e-type=\"widget\" data-widget_type=\"heading.default\">\n\t\t\t\t<div class=\"elementor-widget-container\">\n\t\t\t\t\t<h1 class=\"elementor-heading-title elementor-size-default\">Monterey\u2122<\/h1>\t\t\t\t<\/div>\n\t\t\t\t<\/div>\n\t\t\t\t<div class=\"elementor-element elementor-element-14a62cf elementor-widget elementor-widget-text-editor\" data-id=\"14a62cf\" data-element_type=\"widget\" data-e-type=\"widget\" data-widget_type=\"text-editor.default\">\n\t\t\t\t<div class=\"elementor-widget-container\">\n\t\t\t\t\t\t\t\t\t<p>The <a href=\"https:\/\/status-wellness.pt\/en\/spas\/\"><strong>jacuzzi<\/strong><\/a> Monterey\u2122 is one of the largest in the range <a href=\"https:\/\/status-wellness.pt\/en\/spas\/freeflowspas\/\"><strong>Freeflow<\/strong><\/a>, from Hot Spring, with enough space to comfortably accommodate five adults. Sit back, relax and enjoy this spa on your own or with friends and family.<\/p>\n<p>Buying a jacuzzi is quick and easy. Enjoy!<\/p>\t\t\t\t\t\t\t\t<\/div>\n\t\t\t\t<\/div>\n\t\t\t\t<div class=\"elementor-element elementor-element-8fdab25 elementor-widget elementor-widget-heading\" data-id=\"8fdab25\" data-element_type=\"widget\" data-e-type=\"widget\" data-widget_type=\"heading.default\">\n\t\t\t\t<div class=\"elementor-widget-container\">\n\t\t\t\t\t<h3 class=\"elementor-heading-title elementor-size-default\">Buy Jacuzzi with Price <b style=\"color:#264892\">On Request<\/b><\/h3>\t\t\t\t<\/div>\n\t\t\t\t<\/div>\n\t\t\t\t<div class=\"elementor-element elementor-element-89471d1 elementor-align-left elementor-widget elementor-widget-button\" data-id=\"89471d1\" data-element_type=\"widget\" data-e-type=\"widget\" data-widget_type=\"button.default\">\n\t\t\t\t<div class=\"elementor-widget-container\">\n\t\t\t\t\t\t\t\t\t<div class=\"elementor-button-wrapper\">\n\t\t\t\t\t<a class=\"elementor-button elementor-button-link elementor-size-sm\" href=\"#elementor-action%3Aaction%3Dpopup%3Aopen%26settings%3DeyJpZCI6Ijg0MTUiLCJ0b2dnbGUiOmZhbHNlfQ%3D%3D\">\n\t\t\t\t\t\t<span class=\"elementor-button-content-wrapper\">\n\t\t\t\t\t\t\t\t\t<span class=\"elementor-button-text\">Get our best price!<\/span>\n\t\t\t\t\t<\/span>\n\t\t\t\t\t<\/a>\n\t\t\t\t<\/div>\n\t\t\t\t\t\t\t\t<\/div>\n\t\t\t\t<\/div>\n\t\t\t\t<section class=\"elementor-section elementor-inner-section elementor-element elementor-element-b04de77 elementor-section-boxed elementor-section-height-default elementor-section-height-default\" data-id=\"b04de77\" data-element_type=\"section\" data-e-type=\"section\">\n\t\t\t\t\t\t<div class=\"elementor-container elementor-column-gap-default\">\n\t\t\t\t\t<div class=\"elementor-column elementor-col-50 elementor-inner-column elementor-element elementor-element-79ce819\" data-id=\"79ce819\" data-element_type=\"column\" data-e-type=\"column\">\n\t\t\t<div class=\"elementor-widget-wrap elementor-element-populated\">\n\t\t\t\t\t\t<div class=\"elementor-element elementor-element-20743dc elementor-widget elementor-widget-heading\" data-id=\"20743dc\" data-element_type=\"widget\" data-e-type=\"widget\" data-widget_type=\"heading.default\">\n\t\t\t\t<div class=\"elementor-widget-container\">\n\t\t\t\t\t<h5 class=\"elementor-heading-title elementor-size-default\">Capacity<\/h5>\t\t\t\t<\/div>\n\t\t\t\t<\/div>\n\t\t\t\t<div class=\"elementor-element elementor-element-610702d elementor-widget elementor-widget-text-editor\" data-id=\"610702d\" data-element_type=\"widget\" data-e-type=\"widget\" data-widget_type=\"text-editor.default\">\n\t\t\t\t<div class=\"elementor-widget-container\">\n\t\t\t\t\t\t\t\t\t<p>5 people<\/p>\t\t\t\t\t\t\t\t<\/div>\n\t\t\t\t<\/div>\n\t\t\t\t\t<\/div>\n\t\t<\/div>\n\t\t\t\t<div class=\"elementor-column elementor-col-50 elementor-inner-column elementor-element elementor-element-8c13411\" data-id=\"8c13411\" data-element_type=\"column\" data-e-type=\"column\">\n\t\t\t<div class=\"elementor-widget-wrap elementor-element-populated\">\n\t\t\t\t\t\t<div class=\"elementor-element elementor-element-81a7923 elementor-widget elementor-widget-heading\" data-id=\"81a7923\" data-element_type=\"widget\" data-e-type=\"widget\" data-widget_type=\"heading.default\">\n\t\t\t\t<div class=\"elementor-widget-container\">\n\t\t\t\t\t<h5 class=\"elementor-heading-title elementor-size-default\">Voltage<\/h5>\t\t\t\t<\/div>\n\t\t\t\t<\/div>\n\t\t\t\t<div class=\"elementor-element elementor-element-891d2f7 elementor-widget elementor-widget-text-editor\" data-id=\"891d2f7\" data-element_type=\"widget\" data-e-type=\"widget\" data-widget_type=\"text-editor.default\">\n\t\t\t\t<div class=\"elementor-widget-container\">\n\t\t\t\t\t\t\t\t\t<p>230V<\/p>\t\t\t\t\t\t\t\t<\/div>\n\t\t\t\t<\/div>\n\t\t\t\t\t<\/div>\n\t\t<\/div>\n\t\t\t\t\t<\/div>\n\t\t<\/section>\n\t\t\t\t<div class=\"elementor-element elementor-element-29d5571 elementor-widget elementor-widget-heading\" data-id=\"29d5571\" data-element_type=\"widget\" data-e-type=\"widget\" data-widget_type=\"heading.default\">\n\t\t\t\t<div class=\"elementor-widget-container\">\n\t\t\t\t\t<h5 class=\"elementor-heading-title elementor-size-default\">Dimensions<\/h5>\t\t\t\t<\/div>\n\t\t\t\t<\/div>\n\t\t\t\t<div class=\"elementor-element elementor-element-66b03a7 elementor-widget elementor-widget-text-editor\" data-id=\"66b03a7\" data-element_type=\"widget\" data-e-type=\"widget\" data-widget_type=\"text-editor.default\">\n\t\t\t\t<div class=\"elementor-widget-container\">\n\t\t\t\t\t\t\t\t\t<p>198 \u00d7 198 \u00d7 86 cm<\/p>\t\t\t\t\t\t\t\t<\/div>\n\t\t\t\t<\/div>\n\t\t\t\t<div class=\"elementor-element elementor-element-1e54100 elementor-widget elementor-widget-heading\" data-id=\"1e54100\" data-element_type=\"widget\" data-e-type=\"widget\" data-widget_type=\"heading.default\">\n\t\t\t\t<div class=\"elementor-widget-container\">\n\t\t\t\t\t<h5 class=\"elementor-heading-title elementor-size-default\">Water treatment<\/h5>\t\t\t\t<\/div>\n\t\t\t\t<\/div>\n\t\t\t\t<div class=\"elementor-element elementor-element-d4abdb1 elementor-widget elementor-widget-text-editor\" data-id=\"d4abdb1\" data-element_type=\"widget\" data-e-type=\"widget\" data-widget_type=\"text-editor.default\">\n\t\t\t\t<div class=\"elementor-widget-container\">\n\t\t\t\t\t\t\t\t\t<p>FROG\u00ae Cartridge Ready<br>Ozone Optional<\/p>\t\t\t\t\t\t\t\t<\/div>\n\t\t\t\t<\/div>\n\t\t\t\t\t<\/div>\n\t\t<\/div>\n\t\t\t\t<div class=\"elementor-column elementor-col-50 elementor-top-column elementor-element elementor-element-b10ce7b\" data-id=\"b10ce7b\" data-element_type=\"column\" data-e-type=\"column\">\n\t\t\t<div class=\"elementor-widget-wrap elementor-element-populated\">\n\t\t\t\t\t\t<div class=\"elementor-element elementor-element-93c28db slide-produto elementor--h-position-center elementor--v-position-middle elementor-arrows-position-inside elementor-pagination-position-inside elementor-widget elementor-widget-slides\" data-id=\"93c28db\" data-element_type=\"widget\" data-e-type=\"widget\" data-settings=\"{&quot;autoplay_speed&quot;:2000,&quot;navigation&quot;:&quot;both&quot;,&quot;autoplay&quot;:&quot;yes&quot;,&quot;infinite&quot;:&quot;yes&quot;,&quot;transition&quot;:&quot;slide&quot;,&quot;transition_speed&quot;:500}\" data-widget_type=\"slides.default\">\n\t\t\t\t<div class=\"elementor-widget-container\">\n\t\t\t\t\t\t\t\t\t<div class=\"elementor-swiper\">\n\t\t\t\t\t<div class=\"elementor-slides-wrapper elementor-main-swiper swiper\" role=\"region\" aria-roledescription=\"carousel\" aria-label=\"Slides\" dir=\"ltr\" data-animation=\"fadeInUp\">\n\t\t\t\t<div class=\"swiper-wrapper elementor-slides\">\n\t\t\t\t\t\t\t\t\t\t<div class=\"elementor-repeater-item-726b4d9 swiper-slide\" role=\"group\" aria-roledescription=\"slide\"><div class=\"swiper-slide-bg\" role=\"img\" aria-label=\"HSS-FF-Monterey-ExtremeAngle-Smoke-DiamondWeave\"><\/div><div class=\"swiper-slide-inner\" ><div class=\"swiper-slide-contents\"><\/div><\/div><\/div><div class=\"elementor-repeater-item-9ceedf8 swiper-slide\" role=\"group\" aria-roledescription=\"slide\"><div class=\"swiper-slide-bg\" role=\"img\" aria-label=\"HSS-FF-2025-Monterey-Overhead\"><\/div><div class=\"swiper-slide-inner\" ><div class=\"swiper-slide-contents\"><\/div><\/div><\/div><div class=\"elementor-repeater-item-1d5add7 swiper-slide\" role=\"group\" aria-roledescription=\"slide\"><div class=\"swiper-slide-bg\" role=\"img\" aria-label=\"HSS-FF-Monterey-Smoke-Mosaic-Front\"><\/div><div class=\"swiper-slide-inner\" ><div class=\"swiper-slide-contents\"><\/div><\/div><\/div><div class=\"elementor-repeater-item-339e011 swiper-slide\" role=\"group\" aria-roledescription=\"slide\"><div class=\"swiper-slide-bg\" role=\"img\" aria-label=\"HSS-FF-Monterey-Cover-Lifestyle\"><\/div><div class=\"swiper-slide-inner\" ><div class=\"swiper-slide-contents\"><\/div><\/div><\/div><div class=\"elementor-repeater-item-30ef7b8 swiper-slide\" role=\"group\" aria-roledescription=\"slide\"><div class=\"swiper-slide-bg\" role=\"img\" aria-label=\"HSS-FF-Monterey-ControlPanel\"><\/div><div class=\"swiper-slide-inner\" ><div class=\"swiper-slide-contents\"><\/div><\/div><\/div>\t\t\t\t<\/div>\n\t\t\t\t\t\t\t\t\t\t\t\t\t\t\t<div class=\"elementor-swiper-button elementor-swiper-button-prev\" role=\"button\" tabindex=\"0\" aria-label=\"Previous slide\">\n\t\t\t\t\t\t\t<i aria-hidden=\"true\" class=\"eicon-chevron-left\"><\/i>\t\t\t\t\t\t<\/div>\n\t\t\t\t\t\t<div class=\"elementor-swiper-button elementor-swiper-button-next\" role=\"button\" tabindex=\"0\" aria-label=\"Next slide\">\n\t\t\t\t\t\t\t<i aria-hidden=\"true\" class=\"eicon-chevron-right\"><\/i>\t\t\t\t\t\t<\/div>\n\t\t\t\t\t\t\t\t\t\t\t\t\t\t\t\t<div class=\"swiper-pagination\"><\/div>\n\t\t\t\t\t\t\t\t\t\t\t\t<\/div>\n\t\t\t\t<\/div>\n\t\t\t\t\t\t\t\t<\/div>\n\t\t\t\t<\/div>\n\t\t\t\t\t<\/div>\n\t\t<\/div>\n\t\t\t\t\t<\/div>\n\t\t<\/section>\n\t\t\t\t<section class=\"elementor-section elementor-top-section elementor-element elementor-element-5b1e7ca elementor-section-boxed elementor-section-height-default elementor-section-height-default\" data-id=\"5b1e7ca\" data-element_type=\"section\" data-e-type=\"section\">\n\t\t\t\t\t\t<div class=\"elementor-container elementor-column-gap-default\">\n\t\t\t\t\t<div class=\"elementor-column elementor-col-100 elementor-top-column elementor-element elementor-element-39c5348\" data-id=\"39c5348\" data-element_type=\"column\" data-e-type=\"column\" data-settings=\"{&quot;background_background&quot;:&quot;classic&quot;}\">\n\t\t\t<div class=\"elementor-widget-wrap elementor-element-populated\">\n\t\t\t\t\t<div class=\"elementor-background-overlay\"><\/div>\n\t\t\t\t\t\t<div class=\"elementor-element elementor-element-7e58627 elementor-widget elementor-widget-spacer\" data-id=\"7e58627\" data-element_type=\"widget\" data-e-type=\"widget\" data-widget_type=\"spacer.default\">\n\t\t\t\t<div class=\"elementor-widget-container\">\n\t\t\t\t\t\t\t<div class=\"elementor-spacer\">\n\t\t\t<div class=\"elementor-spacer-inner\"><\/div>\n\t\t<\/div>\n\t\t\t\t\t\t<\/div>\n\t\t\t\t<\/div>\n\t\t\t\t\t<\/div>\n\t\t<\/div>\n\t\t\t\t\t<\/div>\n\t\t<\/section>\n\t\t\t\t<section class=\"elementor-section elementor-top-section elementor-element elementor-element-72a8e8a elementor-section-boxed elementor-section-height-default elementor-section-height-default\" data-id=\"72a8e8a\" data-element_type=\"section\" data-e-type=\"section\" data-settings=\"{&quot;background_background&quot;:&quot;classic&quot;}\">\n\t\t\t\t\t\t<div class=\"elementor-container elementor-column-gap-default\">\n\t\t\t\t\t<div class=\"elementor-column elementor-col-100 elementor-top-column elementor-element elementor-element-ab455a6\" data-id=\"ab455a6\" data-element_type=\"column\" data-e-type=\"column\">\n\t\t\t<div class=\"elementor-widget-wrap elementor-element-populated\">\n\t\t\t\t\t\t<div class=\"elementor-element elementor-element-e974dd1 elementor-widget elementor-widget-heading\" data-id=\"e974dd1\" data-element_type=\"widget\" data-e-type=\"widget\" data-widget_type=\"heading.default\">\n\t\t\t\t<div class=\"elementor-widget-container\">\n\t\t\t\t\t<h4 class=\"elementor-heading-title elementor-size-default\">Specifications<\/h4>\t\t\t\t<\/div>\n\t\t\t\t<\/div>\n\t\t\t\t<div class=\"elementor-element elementor-element-5a2ef66 elementor-widget elementor-widget-text-editor\" data-id=\"5a2ef66\" data-element_type=\"widget\" data-e-type=\"widget\" data-widget_type=\"text-editor.default\">\n\t\t\t\t<div class=\"elementor-widget-container\">\n\t\t\t\t\t\t\t\t\t<p><strong>Seats:<\/strong>&nbsp;5 adults<br><strong>Dimensions:<\/strong> 198 \u00d7 198 \u00d7 86 cm<br><strong>Jet count:<\/strong>&nbsp;40<br><strong>Capacity:<\/strong>&nbsp;1025 liters<br><strong>Weight without water:<\/strong> 195kg<br><b>Weight with water:<\/b> 1620 kg<br><strong>Colors:<\/strong>&nbsp;Smoke, Dune<br><strong>Exterior Colour:<\/strong>&nbsp;Diamond Weave, Mosaic<br><strong>Type of step:<\/strong>&nbsp;Straight Roto, Brown or Grey<br><strong>WeatherPro\u2122 cover:<\/strong>&nbsp;Grey, Cocoa \/ 6.35\u201310 cm, tapered \/ Foam core with a density of 16 kg\/m\u00b3<br><strong>Lift cover:<\/strong>&nbsp;Low Mount, Cover Rx<br><strong>Lighting:<\/strong>&nbsp;Footwell Multi-Colour Light, 2 External Lights<br><strong>Jet pump:<\/strong> 2.0 HP Two-Speed<br><strong>Jets:<\/strong><br>&#8211; 8 Ultra Mini Jets<br>&#8211; 26 Mini Jets<br>&#8211; 6 Twin Pulse Jets<br><b>Controls:<\/b> LCD screen<br><strong>Heater:<\/strong> 2 KW\/230v<br><b>Filtration:<\/b> 4.5 m\u00b2 Filter<br><b>Water treatment: <\/b>FROG\u00ae Cartridge Ready \/ Ozone Optional<br><strong>Voltage:<\/strong> 230v<br><strong>Water features:<\/strong> Waterfall<\/p><p><b>WARRANTY<\/b><\/p>\u2013 5 years for the structure<br>\u2013 5 years for the exterior cladding<br>\u2013 2 years for textured cabinets<br>\u2013 2 years\u2019 warranty on the plumbing against leaks<br>\u2013 2 years\u2019 warranty on parts and labour\t\t\t\t\t\t\t\t<\/div>\n\t\t\t\t<\/div>\n\t\t\t\t\t<\/div>\n\t\t<\/div>\n\t\t\t\t\t<\/div>\n\t\t<\/section>\n\t\t\t\t<\/div>","protected":false},"excerpt":{"rendered":"<p>Cole\u00e7\u00e3o FreeFlowSpas Monterey\u2122 O jacuzzi Monterey\u2122 \u00e9 um das maiores da linha Freeflow, da Hot Spring, com capacidade para acomodar confortavelmente cinco adultos. Sente-se, relaxe e desfrute deste spa sozinho ou com amigos e fam\u00edlia. Comprar um jacuzzi \u00e9 f\u00e1cil e r\u00e1pido. Aproveite! Comprar Jacuzzi com Pre\u00e7o Sob Consulta Obtenha o nosso melhor pre\u00e7o! Capacidade [&hellip;]<\/p>\n","protected":false},"author":1,"featured_media":10939,"parent":437,"menu_order":0,"comment_status":"closed","ping_status":"closed","template":"","meta":{"footnotes":""},"class_list":["post-1921","page","type-page","status-publish","has-post-thumbnail","hentry"],"yoast_head":"<!-- This site is optimized with the Yoast SEO Premium plugin v20.4 (Yoast SEO v27.1.1) - https:\/\/yoast.com\/product\/yoast-seo-premium-wordpress\/ -->\n<title>Monterey\u2122 - Comprar Jacuzzi 5 pessoas<\/title>\n<meta name=\"description\" content=\"Aproveite o conforto do jacuzzi Monterey. Com capacidade para 5 adultos e 40 jatos de hidroterapia.\" \/>\n<meta name=\"robots\" content=\"index, follow, max-snippet:-1, max-image-preview:large, max-video-preview:-1\" \/>\n<link rel=\"canonical\" href=\"https:\/\/status-wellness.pt\/en\/spas\/freeflowspas\/monterey\/\" \/>\n<meta property=\"og:locale\" content=\"en_GB\" \/>\n<meta property=\"og:type\" content=\"article\" \/>\n<meta property=\"og:title\" content=\"Monterey\u2122 - Status Wellness\" \/>\n<meta property=\"og:description\" content=\"Aproveite o conforto do jacuzzi Monterey. Com capacidade para 5 adultos e 40 jatos de hidroterapia.\" \/>\n<meta property=\"og:url\" content=\"https:\/\/status-wellness.pt\/en\/spas\/freeflowspas\/monterey\/\" \/>\n<meta property=\"og:site_name\" content=\"Status Wellness\" \/>\n<meta property=\"article:publisher\" content=\"https:\/\/www.facebook.com\/statuswellness\" \/>\n<meta property=\"article:modified_time\" content=\"2026-03-22T14:59:39+00:00\" \/>\n<meta property=\"og:image\" content=\"https:\/\/status-wellness.pt\/wp-content\/uploads\/2026\/03\/HSS-FF-Monterey-ExtremeAngle-Smoke-DiamondWeave-scaled-e1774191572262.png\" \/>\n\t<meta property=\"og:image:width\" content=\"2475\" \/>\n\t<meta property=\"og:image:height\" content=\"1796\" \/>\n\t<meta property=\"og:image:type\" content=\"image\/png\" \/>\n<meta name=\"twitter:card\" content=\"summary_large_image\" \/>\n<meta name=\"twitter:label1\" content=\"Estimated reading time\" \/>\n\t<meta name=\"twitter:data1\" content=\"2 minutes\" \/>\n<script type=\"application\/ld+json\" class=\"yoast-schema-graph\">{\"@context\":\"https:\/\/schema.org\",\"@graph\":[{\"@type\":\"WebPage\",\"@id\":\"https:\/\/status-wellness.pt\/spas\/freeflowspas\/monterey\/\",\"url\":\"https:\/\/status-wellness.pt\/spas\/freeflowspas\/monterey\/\",\"name\":\"Monterey\u2122 - Comprar Jacuzzi 5 pessoas\",\"isPartOf\":{\"@id\":\"https:\/\/status-wellness.pt\/#website\"},\"primaryImageOfPage\":{\"@id\":\"https:\/\/status-wellness.pt\/spas\/freeflowspas\/monterey\/#primaryimage\"},\"image\":{\"@id\":\"https:\/\/status-wellness.pt\/spas\/freeflowspas\/monterey\/#primaryimage\"},\"thumbnailUrl\":\"https:\/\/status-wellness.pt\/wp-content\/uploads\/2026\/03\/HSS-FF-Monterey-ExtremeAngle-Smoke-DiamondWeave-scaled-e1774191572262.png\",\"datePublished\":\"2023-02-25T21:42:59+00:00\",\"dateModified\":\"2026-03-22T14:59:39+00:00\",\"description\":\"Aproveite o conforto do jacuzzi Monterey. Com capacidade para 5 adultos e 40 jatos de hidroterapia.\",\"breadcrumb\":{\"@id\":\"https:\/\/status-wellness.pt\/spas\/freeflowspas\/monterey\/#breadcrumb\"},\"inLanguage\":\"en-GB\",\"potentialAction\":[{\"@type\":\"ReadAction\",\"target\":[\"https:\/\/status-wellness.pt\/spas\/freeflowspas\/monterey\/\"]}]},{\"@type\":\"ImageObject\",\"inLanguage\":\"en-GB\",\"@id\":\"https:\/\/status-wellness.pt\/spas\/freeflowspas\/monterey\/#primaryimage\",\"url\":\"https:\/\/status-wellness.pt\/wp-content\/uploads\/2026\/03\/HSS-FF-Monterey-ExtremeAngle-Smoke-DiamondWeave-scaled-e1774191572262.png\",\"contentUrl\":\"https:\/\/status-wellness.pt\/wp-content\/uploads\/2026\/03\/HSS-FF-Monterey-ExtremeAngle-Smoke-DiamondWeave-scaled-e1774191572262.png\",\"width\":2475,\"height\":1796},{\"@type\":\"BreadcrumbList\",\"@id\":\"https:\/\/status-wellness.pt\/spas\/freeflowspas\/monterey\/#breadcrumb\",\"itemListElement\":[{\"@type\":\"ListItem\",\"position\":1,\"name\":\"Home\",\"item\":\"https:\/\/status-wellness.pt\/\"},{\"@type\":\"ListItem\",\"position\":2,\"name\":\"Spas\",\"item\":\"https:\/\/status-wellness.pt\/spas\/\"},{\"@type\":\"ListItem\",\"position\":3,\"name\":\"Cole\u00e7\u00e3o FreeflowSpas\u00ae\u200b\",\"item\":\"https:\/\/status-wellness.pt\/spas\/freeflowspas\/\"},{\"@type\":\"ListItem\",\"position\":4,\"name\":\"Monterey\u2122\"}]},{\"@type\":\"WebSite\",\"@id\":\"https:\/\/status-wellness.pt\/#website\",\"url\":\"https:\/\/status-wellness.pt\/\",\"name\":\"STATUS Wellness\",\"description\":\"Spas Exteriores, Jacuzzis e Saunas\",\"publisher\":{\"@id\":\"https:\/\/status-wellness.pt\/#organization\"},\"alternateName\":\"STATUS Wellness\",\"potentialAction\":[{\"@type\":\"SearchAction\",\"target\":{\"@type\":\"EntryPoint\",\"urlTemplate\":\"https:\/\/status-wellness.pt\/?s={search_term_string}\"},\"query-input\":{\"@type\":\"PropertyValueSpecification\",\"valueRequired\":true,\"valueName\":\"search_term_string\"}}],\"inLanguage\":\"en-GB\"},{\"@type\":\"Organization\",\"@id\":\"https:\/\/status-wellness.pt\/#organization\",\"name\":\"STATUS Wellness\",\"url\":\"https:\/\/status-wellness.pt\/\",\"logo\":{\"@type\":\"ImageObject\",\"inLanguage\":\"en-GB\",\"@id\":\"https:\/\/status-wellness.pt\/#\/schema\/logo\/image\/\",\"url\":\"https:\/\/status-wellness.pt\/wp-content\/uploads\/2023\/02\/cropped-icon.png\",\"contentUrl\":\"https:\/\/status-wellness.pt\/wp-content\/uploads\/2023\/02\/cropped-icon.png\",\"width\":512,\"height\":512,\"caption\":\"STATUS Wellness\"},\"image\":{\"@id\":\"https:\/\/status-wellness.pt\/#\/schema\/logo\/image\/\"},\"sameAs\":[\"https:\/\/www.facebook.com\/statuswellness\",\"https:\/\/www.instagram.com\/status_wellness\/\"]}]}<\/script>\n<!-- \/ Yoast SEO Premium plugin. -->","yoast_head_json":{"title":"Monterey\u2122 - Comprar Jacuzzi 5 pessoas","description":"Aproveite o conforto do jacuzzi Monterey. Com capacidade para 5 adultos e 40 jatos de hidroterapia.","robots":{"index":"index","follow":"follow","max-snippet":"max-snippet:-1","max-image-preview":"max-image-preview:large","max-video-preview":"max-video-preview:-1"},"canonical":"https:\/\/status-wellness.pt\/en\/spas\/freeflowspas\/monterey\/","og_locale":"en_GB","og_type":"article","og_title":"Monterey\u2122 - Status Wellness","og_description":"Aproveite o conforto do jacuzzi Monterey. Com capacidade para 5 adultos e 40 jatos de hidroterapia.","og_url":"https:\/\/status-wellness.pt\/en\/spas\/freeflowspas\/monterey\/","og_site_name":"Status Wellness","article_publisher":"https:\/\/www.facebook.com\/statuswellness","article_modified_time":"2026-03-22T14:59:39+00:00","og_image":[{"width":2475,"height":1796,"url":"https:\/\/status-wellness.pt\/wp-content\/uploads\/2026\/03\/HSS-FF-Monterey-ExtremeAngle-Smoke-DiamondWeave-scaled-e1774191572262.png","type":"image\/png"}],"twitter_card":"summary_large_image","twitter_misc":{"Estimated reading time":"2 minutes"},"schema":{"@context":"https:\/\/schema.org","@graph":[{"@type":"WebPage","@id":"https:\/\/status-wellness.pt\/spas\/freeflowspas\/monterey\/","url":"https:\/\/status-wellness.pt\/spas\/freeflowspas\/monterey\/","name":"Monterey\u2122 - Comprar Jacuzzi 5 pessoas","isPartOf":{"@id":"https:\/\/status-wellness.pt\/#website"},"primaryImageOfPage":{"@id":"https:\/\/status-wellness.pt\/spas\/freeflowspas\/monterey\/#primaryimage"},"image":{"@id":"https:\/\/status-wellness.pt\/spas\/freeflowspas\/monterey\/#primaryimage"},"thumbnailUrl":"https:\/\/status-wellness.pt\/wp-content\/uploads\/2026\/03\/HSS-FF-Monterey-ExtremeAngle-Smoke-DiamondWeave-scaled-e1774191572262.png","datePublished":"2023-02-25T21:42:59+00:00","dateModified":"2026-03-22T14:59:39+00:00","description":"Aproveite o conforto do jacuzzi Monterey. Com capacidade para 5 adultos e 40 jatos de hidroterapia.","breadcrumb":{"@id":"https:\/\/status-wellness.pt\/spas\/freeflowspas\/monterey\/#breadcrumb"},"inLanguage":"en-GB","potentialAction":[{"@type":"ReadAction","target":["https:\/\/status-wellness.pt\/spas\/freeflowspas\/monterey\/"]}]},{"@type":"ImageObject","inLanguage":"en-GB","@id":"https:\/\/status-wellness.pt\/spas\/freeflowspas\/monterey\/#primaryimage","url":"https:\/\/status-wellness.pt\/wp-content\/uploads\/2026\/03\/HSS-FF-Monterey-ExtremeAngle-Smoke-DiamondWeave-scaled-e1774191572262.png","contentUrl":"https:\/\/status-wellness.pt\/wp-content\/uploads\/2026\/03\/HSS-FF-Monterey-ExtremeAngle-Smoke-DiamondWeave-scaled-e1774191572262.png","width":2475,"height":1796},{"@type":"BreadcrumbList","@id":"https:\/\/status-wellness.pt\/spas\/freeflowspas\/monterey\/#breadcrumb","itemListElement":[{"@type":"ListItem","position":1,"name":"Home","item":"https:\/\/status-wellness.pt\/"},{"@type":"ListItem","position":2,"name":"Spas","item":"https:\/\/status-wellness.pt\/spas\/"},{"@type":"ListItem","position":3,"name":"Cole\u00e7\u00e3o FreeflowSpas\u00ae\u200b","item":"https:\/\/status-wellness.pt\/spas\/freeflowspas\/"},{"@type":"ListItem","position":4,"name":"Monterey\u2122"}]},{"@type":"WebSite","@id":"https:\/\/status-wellness.pt\/#website","url":"https:\/\/status-wellness.pt\/","name":"STATUS Wellness","description":"Spas Exteriores, Jacuzzis e Saunas","publisher":{"@id":"https:\/\/status-wellness.pt\/#organization"},"alternateName":"STATUS Wellness","potentialAction":[{"@type":"SearchAction","target":{"@type":"EntryPoint","urlTemplate":"https:\/\/status-wellness.pt\/?s={search_term_string}"},"query-input":{"@type":"PropertyValueSpecification","valueRequired":true,"valueName":"search_term_string"}}],"inLanguage":"en-GB"},{"@type":"Organization","@id":"https:\/\/status-wellness.pt\/#organization","name":"STATUS Wellness","url":"https:\/\/status-wellness.pt\/","logo":{"@type":"ImageObject","inLanguage":"en-GB","@id":"https:\/\/status-wellness.pt\/#\/schema\/logo\/image\/","url":"https:\/\/status-wellness.pt\/wp-content\/uploads\/2023\/02\/cropped-icon.png","contentUrl":"https:\/\/status-wellness.pt\/wp-content\/uploads\/2023\/02\/cropped-icon.png","width":512,"height":512,"caption":"STATUS Wellness"},"image":{"@id":"https:\/\/status-wellness.pt\/#\/schema\/logo\/image\/"},"sameAs":["https:\/\/www.facebook.com\/statuswellness","https:\/\/www.instagram.com\/status_wellness\/"]}]}},"_links":{"self":[{"href":"https:\/\/status-wellness.pt\/en\/wp-json\/wp\/v2\/pages\/1921","targetHints":{"allow":["GET"]}}],"collection":[{"href":"https:\/\/status-wellness.pt\/en\/wp-json\/wp\/v2\/pages"}],"about":[{"href":"https:\/\/status-wellness.pt\/en\/wp-json\/wp\/v2\/types\/page"}],"author":[{"embeddable":true,"href":"https:\/\/status-wellness.pt\/en\/wp-json\/wp\/v2\/users\/1"}],"replies":[{"embeddable":true,"href":"https:\/\/status-wellness.pt\/en\/wp-json\/wp\/v2\/comments?post=1921"}],"version-history":[{"count":55,"href":"https:\/\/status-wellness.pt\/en\/wp-json\/wp\/v2\/pages\/1921\/revisions"}],"predecessor-version":[{"id":11072,"href":"https:\/\/status-wellness.pt\/en\/wp-json\/wp\/v2\/pages\/1921\/revisions\/11072"}],"up":[{"embeddable":true,"href":"https:\/\/status-wellness.pt\/en\/wp-json\/wp\/v2\/pages\/437"}],"wp:featuredmedia":[{"embeddable":true,"href":"https:\/\/status-wellness.pt\/en\/wp-json\/wp\/v2\/media\/10939"}],"wp:attachment":[{"href":"https:\/\/status-wellness.pt\/en\/wp-json\/wp\/v2\/media?parent=1921"}],"curies":[{"name":"wp","href":"https:\/\/api.w.org\/{rel}","templated":true}]}}