{"id":21,"date":"2023-01-26T11:31:20","date_gmt":"2023-01-26T11:31:20","guid":{"rendered":"https:\/\/demo.icodi.pt\/statuswellness\/?page_id=21"},"modified":"2026-03-22T14:38:24","modified_gmt":"2026-03-22T14:38:24","slug":"contactos","status":"publish","type":"page","link":"https:\/\/status-wellness.pt\/en\/contactos\/","title":{"rendered":"Contacts"},"content":{"rendered":"\t\t<div data-elementor-type=\"wp-page\" data-elementor-id=\"21\" class=\"elementor elementor-21\" data-elementor-post-type=\"page\">\n\t\t\t\t\t\t<section class=\"elementor-section elementor-top-section elementor-element elementor-element-a068d75 elementor-section-boxed elementor-section-height-default elementor-section-height-default\" data-id=\"a068d75\" data-element_type=\"section\" data-e-type=\"section\">\n\t\t\t\t\t\t<div class=\"elementor-container elementor-column-gap-default\">\n\t\t\t\t\t<div class=\"elementor-column elementor-col-100 elementor-top-column elementor-element elementor-element-48a3df9\" data-id=\"48a3df9\" data-element_type=\"column\" data-e-type=\"column\" data-settings=\"{&quot;background_background&quot;:&quot;classic&quot;}\">\n\t\t\t<div class=\"elementor-widget-wrap elementor-element-populated\">\n\t\t\t\t\t\t<div class=\"elementor-element elementor-element-1af7b75 elementor-widget elementor-widget-heading\" data-id=\"1af7b75\" data-element_type=\"widget\" data-e-type=\"widget\" data-widget_type=\"heading.default\">\n\t\t\t\t<div class=\"elementor-widget-container\">\n\t\t\t\t\t<h1 class=\"elementor-heading-title elementor-size-default\">Contacte-nos<\/h1>\t\t\t\t<\/div>\n\t\t\t\t<\/div>\n\t\t\t\t<div class=\"elementor-element elementor-element-451a386 elementor-widget elementor-widget-text-editor\" data-id=\"451a386\" data-element_type=\"widget\" data-e-type=\"widget\" data-widget_type=\"text-editor.default\">\n\t\t\t\t<div class=\"elementor-widget-container\">\n\t\t\t\t\t\t\t\t\t<p>Estamos aqui para responder a todas as suas perguntas e ajud\u00e1-lo(a) a encontrar o spa ou a sauna perfeita para as suas necessidades. Entre em contacto com a Status Wellness para obter assist\u00eancia personalizada, orienta\u00e7\u00e3o especializada ou para agendar uma visita ao nosso showroom.<\/p><p>A nossa equipa dedicada est\u00e1 pronta para fornecer informa\u00e7\u00f5es detalhadas sobre todos os nossos produtos, sejam os spas HotSpring ou as saunas Auroom, ajudando-o(a) a fazer a melhor escolha para o seu espa\u00e7o e estilo de vida.<\/p><p>Estamos comprometidos em oferecer um servi\u00e7o excepcional e garantir a sua total satisfa\u00e7\u00e3o. N\u00e3o hesite em contactar-nos atrav\u00e9s do formul\u00e1rio abaixo ou pelos nossos n\u00fameros de telefone.<\/p>\t\t\t\t\t\t\t\t<\/div>\n\t\t\t\t<\/div>\n\t\t\t\t\t<\/div>\n\t\t<\/div>\n\t\t\t\t\t<\/div>\n\t\t<\/section>\n\t\t\t\t<section class=\"elementor-section elementor-top-section elementor-element elementor-element-596e16f elementor-section-boxed elementor-section-height-default elementor-section-height-default\" data-id=\"596e16f\" data-element_type=\"section\" data-e-type=\"section\">\n\t\t\t\t\t\t<div class=\"elementor-container elementor-column-gap-default\">\n\t\t\t\t\t<div class=\"elementor-column elementor-col-100 elementor-top-column elementor-element elementor-element-e8f9b32\" data-id=\"e8f9b32\" data-element_type=\"column\" data-e-type=\"column\" data-settings=\"{&quot;background_background&quot;:&quot;classic&quot;}\">\n\t\t\t<div class=\"elementor-widget-wrap elementor-element-populated\">\n\t\t\t\t\t\t<section class=\"elementor-section elementor-inner-section elementor-element elementor-element-82137e4 elementor-section-boxed elementor-section-height-default elementor-section-height-default\" data-id=\"82137e4\" data-element_type=\"section\" data-e-type=\"section\">\n\t\t\t\t\t\t<div class=\"elementor-container elementor-column-gap-default\">\n\t\t\t\t\t<div class=\"elementor-column elementor-col-50 elementor-inner-column elementor-element elementor-element-a50be38\" data-id=\"a50be38\" data-element_type=\"column\" data-e-type=\"column\">\n\t\t\t<div class=\"elementor-widget-wrap elementor-element-populated\">\n\t\t\t\t\t\t<div class=\"elementor-element elementor-element-3a0a325 elementor-widget elementor-widget-heading\" data-id=\"3a0a325\" data-element_type=\"widget\" data-e-type=\"widget\" data-widget_type=\"heading.default\">\n\t\t\t\t<div class=\"elementor-widget-container\">\n\t\t\t\t\t<h2 class=\"elementor-heading-title elementor-size-default\">Estamos aqui para o ajudar a escolher o melhor jacuzzi para si!<\/h2>\t\t\t\t<\/div>\n\t\t\t\t<\/div>\n\t\t\t\t<div class=\"elementor-element elementor-element-41be831 elementor-button-align-start elementor-widget elementor-widget-form\" data-id=\"41be831\" data-element_type=\"widget\" data-e-type=\"widget\" data-settings=\"{&quot;step_next_label&quot;:&quot;Next&quot;,&quot;step_previous_label&quot;:&quot;Previous&quot;,&quot;button_width&quot;:&quot;100&quot;,&quot;step_type&quot;:&quot;number_text&quot;,&quot;step_icon_shape&quot;:&quot;circle&quot;}\" data-widget_type=\"form.default\">\n\t\t\t\t<div class=\"elementor-widget-container\">\n\t\t\t\t\t\t\t<form class=\"elementor-form\" method=\"post\" name=\"Formul\u00e1rio de contacto\" aria-label=\"Formul\u00e1rio de contacto\">\n\t\t\t<input type=\"hidden\" name=\"post_id\" value=\"21\"\/>\n\t\t\t<input type=\"hidden\" name=\"form_id\" value=\"41be831\"\/>\n\t\t\t<input type=\"hidden\" name=\"referer_title\" value=\"Contactos - Status Wellness\" \/>\n\n\t\t\t\t\t\t\t<input type=\"hidden\" name=\"queried_id\" value=\"21\"\/>\n\t\t\t\n\t\t\t<div class=\"elementor-form-fields-wrapper elementor-labels-\">\n\t\t\t\t\t\t\t\t<div class=\"elementor-field-type-text elementor-field-group elementor-column elementor-field-group-nome elementor-col-100 elementor-field-required\">\n\t\t\t\t\t\t\t\t\t\t\t\t<label for=\"form-field-nome\" class=\"elementor-field-label elementor-screen-only\">\n\t\t\t\t\t\t\t\tNome\t\t\t\t\t\t\t<\/label>\n\t\t\t\t\t\t\t\t\t\t\t\t\t\t<input size=\"1\" type=\"text\" name=\"form_fields[nome]\" id=\"form-field-nome\" class=\"elementor-field elementor-size-sm  elementor-field-textual\" placeholder=\"Nome\" required=\"required\">\n\t\t\t\t\t\t\t\t\t\t\t<\/div>\n\t\t\t\t\t\t\t\t<div class=\"elementor-field-type-email elementor-field-group elementor-column elementor-field-group-email elementor-col-100 elementor-field-required\">\n\t\t\t\t\t\t\t\t\t\t\t\t<label for=\"form-field-email\" class=\"elementor-field-label elementor-screen-only\">\n\t\t\t\t\t\t\t\tEmail\t\t\t\t\t\t\t<\/label>\n\t\t\t\t\t\t\t\t\t\t\t\t\t\t<input size=\"1\" type=\"email\" name=\"form_fields[email]\" id=\"form-field-email\" class=\"elementor-field elementor-size-sm  elementor-field-textual\" placeholder=\"Email\" required=\"required\">\n\t\t\t\t\t\t\t\t\t\t\t<\/div>\n\t\t\t\t\t\t\t\t<div class=\"elementor-field-type-tel elementor-field-group elementor-column elementor-field-group-telemovel elementor-col-100 elementor-field-required\">\n\t\t\t\t\t\t\t\t\t\t\t\t<label for=\"form-field-telemovel\" class=\"elementor-field-label elementor-screen-only\">\n\t\t\t\t\t\t\t\tTelem\u00f3vel\t\t\t\t\t\t\t<\/label>\n\t\t\t\t\t\t\t\t<input size=\"1\" type=\"tel\" name=\"form_fields[telemovel]\" id=\"form-field-telemovel\" class=\"elementor-field elementor-size-sm  elementor-field-textual\" placeholder=\"Telem\u00f3vel\" required=\"required\" pattern=\"[0-9()#&amp;+*-=.]+\" title=\"Phone\">\n\n\t\t\t\t\t\t<\/div>\n\t\t\t\t\t\t\t\t<div class=\"elementor-field-type-textarea elementor-field-group elementor-column elementor-field-group-mensagem elementor-col-100 elementor-field-required\">\n\t\t\t\t\t\t\t\t\t\t\t\t<label for=\"form-field-mensagem\" class=\"elementor-field-label elementor-screen-only\">\n\t\t\t\t\t\t\t\tMensagem\t\t\t\t\t\t\t<\/label>\n\t\t\t\t\t\t<textarea class=\"elementor-field-textual elementor-field  elementor-size-sm\" name=\"form_fields[mensagem]\" id=\"form-field-mensagem\" rows=\"4\" placeholder=\"Mensagem\" required=\"required\"><\/textarea>\t\t\t\t<\/div>\n\t\t\t\t\t\t\t\t<div class=\"elementor-field-type-recaptcha_v3 elementor-field-group elementor-column elementor-field-group-field_75b9aa9 elementor-col-100 recaptcha_v3-inline\">\n\t\t\t\t\t<div class=\"elementor-field\" id=\"form-field-field_75b9aa9\"><div class=\"elementor-g-recaptcha\" data-sitekey=\"6LeDhcUlAAAAAA-_XDTqdfGoyiNgTrS26TPPqeRw\" data-type=\"v3\" data-action=\"Form\" data-badge=\"inline\" data-size=\"invisible\"><\/div><\/div>\t\t\t\t<\/div>\n\t\t\t\t\t\t\t\t<div class=\"elementor-field-group elementor-column elementor-field-type-submit elementor-col-100 e-form__buttons\">\n\t\t\t\t\t<button class=\"elementor-button elementor-size-sm\" type=\"submit\">\n\t\t\t\t\t\t<span class=\"elementor-button-content-wrapper\">\n\t\t\t\t\t\t\t\t\t\t\t\t\t\t\t<span class=\"elementor-button-icon\">\n\t\t\t\t\t\t\t\t\t<i aria-hidden=\"true\" class=\"fas fa-check\"><\/i>\t\t\t\t\t\t\t\t\t\t\t\t\t\t\t\t\t<\/span>\n\t\t\t\t\t\t\t\t\t\t\t\t\t\t\t\t\t\t\t\t\t\t<span class=\"elementor-button-text\">Enviar<\/span>\n\t\t\t\t\t\t\t\t\t\t\t\t\t<\/span>\n\t\t\t\t\t<\/button>\n\t\t\t\t<\/div>\n\t\t\t<\/div>\n\t\t<\/form>\n\t\t\t\t\t\t<\/div>\n\t\t\t\t<\/div>\n\t\t\t\t\t<\/div>\n\t\t<\/div>\n\t\t\t\t<div class=\"elementor-column elementor-col-50 elementor-inner-column elementor-element elementor-element-e32644a\" data-id=\"e32644a\" data-element_type=\"column\" data-e-type=\"column\">\n\t\t\t<div class=\"elementor-widget-wrap elementor-element-populated\">\n\t\t\t\t\t\t<div class=\"elementor-element elementor-element-49e321f elementor-align-end elementor-icon-list--layout-traditional elementor-list-item-link-full_width elementor-widget elementor-widget-icon-list\" data-id=\"49e321f\" data-element_type=\"widget\" data-e-type=\"widget\" data-widget_type=\"icon-list.default\">\n\t\t\t\t<div class=\"elementor-widget-container\">\n\t\t\t\t\t\t\t<ul class=\"elementor-icon-list-items\">\n\t\t\t\t\t\t\t<li class=\"elementor-icon-list-item\">\n\t\t\t\t\t\t\t\t\t\t\t<a href=\"mailto:filipe@status-wellness.pt\">\n\n\t\t\t\t\t\t\t\t\t\t\t\t<span class=\"elementor-icon-list-icon\">\n\t\t\t\t\t\t\t<i aria-hidden=\"true\" class=\"fas fa-envelope\"><\/i>\t\t\t\t\t\t<\/span>\n\t\t\t\t\t\t\t\t\t\t<span class=\"elementor-icon-list-text\">filipe@status-wellness.pt<\/span>\n\t\t\t\t\t\t\t\t\t\t\t<\/a>\n\t\t\t\t\t\t\t\t\t<\/li>\n\t\t\t\t\t\t\t\t<li class=\"elementor-icon-list-item\">\n\t\t\t\t\t\t\t\t\t\t\t<a href=\"tel:+351919809091\">\n\n\t\t\t\t\t\t\t\t\t\t\t\t<span class=\"elementor-icon-list-icon\">\n\t\t\t\t\t\t\t<i aria-hidden=\"true\" class=\"fas fa-phone-alt\"><\/i>\t\t\t\t\t\t<\/span>\n\t\t\t\t\t\t\t\t\t\t<span class=\"elementor-icon-list-text\">+351 919 809 091 *<\/span>\n\t\t\t\t\t\t\t\t\t\t\t<\/a>\n\t\t\t\t\t\t\t\t\t<\/li>\n\t\t\t\t\t\t\t\t<li class=\"elementor-icon-list-item\">\n\t\t\t\t\t\t\t\t\t\t\t<a href=\"https:\/\/maps.google.com\/maps?ll=39.461486,-8.4621&#038;z=14&#038;t=m&#038;hl=en-GB&#038;gl=US&#038;mapclient=embed&#038;cid=1395593095383344149\" target=\"_blank\" rel=\"noreferrer\">\n\n\t\t\t\t\t\t\t\t\t\t\t\t<span class=\"elementor-icon-list-icon\">\n\t\t\t\t\t\t\t<i aria-hidden=\"true\" class=\"fas fa-map-pin\"><\/i>\t\t\t\t\t\t<\/span>\n\t\t\t\t\t\t\t\t\t\t<span class=\"elementor-icon-list-text\">Estrada Nacional 375 20\/22<br>2330-066 Entroncamento<\/span>\n\t\t\t\t\t\t\t\t\t\t\t<\/a>\n\t\t\t\t\t\t\t\t\t<\/li>\n\t\t\t\t\t\t<\/ul>\n\t\t\t\t\t\t<\/div>\n\t\t\t\t<\/div>\n\t\t\t\t\t<\/div>\n\t\t<\/div>\n\t\t\t\t\t<\/div>\n\t\t<\/section>\n\t\t\t\t<section class=\"elementor-section elementor-inner-section elementor-element elementor-element-db36bf8 elementor-section-boxed elementor-section-height-default elementor-section-height-default\" data-id=\"db36bf8\" data-element_type=\"section\" data-e-type=\"section\">\n\t\t\t\t\t\t<div class=\"elementor-container elementor-column-gap-default\">\n\t\t\t\t\t<div class=\"elementor-column elementor-col-100 elementor-inner-column elementor-element elementor-element-6faba21\" data-id=\"6faba21\" data-element_type=\"column\" data-e-type=\"column\">\n\t\t\t<div class=\"elementor-widget-wrap elementor-element-populated\">\n\t\t\t\t\t\t<div class=\"elementor-element elementor-element-8a5f4ab elementor-widget elementor-widget-google_maps\" data-id=\"8a5f4ab\" data-element_type=\"widget\" data-e-type=\"widget\" data-widget_type=\"google_maps.default\">\n\t\t\t\t<div class=\"elementor-widget-container\">\n\t\t\t\t\t\t\t<div class=\"elementor-custom-embed\">\n\t\t\t<iframe loading=\"lazy\"\n\t\t\t\t\tsrc=\"https:\/\/maps.google.com\/maps?q=Status%20Wellness%C2%A9%2CEstrada%20Nacional%20365%20n.20%2F22%2C%202330-071%20Entroncamento&#038;t=m&#038;z=14&#038;output=embed&#038;iwloc=near\"\n\t\t\t\t\ttitle=\"Status Wellness\u00a9,Estrada Nacional 365 n.20\/22, 2330-071 Entroncamento\"\n\t\t\t\t\taria-label=\"Status Wellness\u00a9,Estrada Nacional 365 n.20\/22, 2330-071 Entroncamento\"\n\t\t\t><\/iframe>\n\t\t<\/div>\n\t\t\t\t\t\t<\/div>\n\t\t\t\t<\/div>\n\t\t\t\t\t<\/div>\n\t\t<\/div>\n\t\t\t\t\t<\/div>\n\t\t<\/section>\n\t\t\t\t\t<\/div>\n\t\t<\/div>\n\t\t\t\t\t<\/div>\n\t\t<\/section>\n\t\t\t\t<\/div>\n\t\t","protected":false},"excerpt":{"rendered":"<p>Contacte-nos Estamos aqui para responder a todas as suas perguntas e ajud\u00e1-lo(a) a encontrar o spa ou a sauna perfeita para as suas necessidades. Entre em contacto com a Status Wellness para obter assist\u00eancia personalizada, orienta\u00e7\u00e3o especializada ou para agendar uma visita ao nosso showroom. A nossa equipa dedicada est\u00e1 pronta para fornecer informa\u00e7\u00f5es detalhadas [&hellip;]<\/p>\n","protected":false},"author":1,"featured_media":1992,"parent":0,"menu_order":0,"comment_status":"closed","ping_status":"closed","template":"","meta":{"footnotes":""},"class_list":["post-21","page","type-page","status-publish","has-post-thumbnail","hentry"],"yoast_head":"<!-- This site is optimized with the Yoast SEO Premium plugin v20.4 (Yoast SEO v27.1.1) - https:\/\/yoast.com\/product\/yoast-seo-premium-wordpress\/ -->\n<title>Contactos - Status Wellness<\/title>\n<meta name=\"description\" content=\"Entre em contacto connosco na Status Wellness e descubra como podemos impulsionar o seu bem-estar. Estamos dispostos a ajudar.\" \/>\n<meta name=\"robots\" content=\"index, follow, max-snippet:-1, max-image-preview:large, max-video-preview:-1\" \/>\n<link rel=\"canonical\" href=\"https:\/\/status-wellness.pt\/en\/contactos\/\" \/>\n<meta property=\"og:locale\" content=\"en_GB\" \/>\n<meta property=\"og:type\" content=\"article\" \/>\n<meta property=\"og:title\" content=\"Contactos - Status Wellness\" \/>\n<meta property=\"og:description\" content=\"Entre em contacto connosco na Status Wellness e descubra como podemos impulsionar o seu bem-estar. Estamos dispostos a ajudar.\" \/>\n<meta property=\"og:url\" content=\"https:\/\/status-wellness.pt\/en\/contactos\/\" \/>\n<meta property=\"og:site_name\" content=\"Status Wellness\" \/>\n<meta property=\"article:publisher\" content=\"https:\/\/www.facebook.com\/statuswellness\" \/>\n<meta property=\"article:modified_time\" content=\"2026-03-22T14:38:24+00:00\" \/>\n<meta property=\"og:image\" content=\"https:\/\/status-wellness.pt\/wp-content\/uploads\/2023\/02\/E59BAB66-8F79-4F3F-99F3-D1C1DB2D35C1-2023-02-26-22_50_44.png\" \/>\n\t<meta property=\"og:image:width\" content=\"1200\" \/>\n\t<meta property=\"og:image:height\" content=\"630\" \/>\n\t<meta property=\"og:image:type\" content=\"image\/png\" \/>\n<meta name=\"twitter:card\" content=\"summary_large_image\" \/>\n<meta name=\"twitter:label1\" content=\"Estimated reading time\" \/>\n\t<meta name=\"twitter:data1\" content=\"1 minute\" \/>\n<script type=\"application\/ld+json\" class=\"yoast-schema-graph\">{\"@context\":\"https:\/\/schema.org\",\"@graph\":[{\"@type\":\"WebPage\",\"@id\":\"https:\/\/status-wellness.pt\/contactos\/\",\"url\":\"https:\/\/status-wellness.pt\/contactos\/\",\"name\":\"Contactos - Status Wellness\",\"isPartOf\":{\"@id\":\"https:\/\/status-wellness.pt\/#website\"},\"primaryImageOfPage\":{\"@id\":\"https:\/\/status-wellness.pt\/contactos\/#primaryimage\"},\"image\":{\"@id\":\"https:\/\/status-wellness.pt\/contactos\/#primaryimage\"},\"thumbnailUrl\":\"https:\/\/status-wellness.pt\/wp-content\/uploads\/2023\/02\/E59BAB66-8F79-4F3F-99F3-D1C1DB2D35C1-2023-02-26-22_50_44.png\",\"datePublished\":\"2023-01-26T11:31:20+00:00\",\"dateModified\":\"2026-03-22T14:38:24+00:00\",\"description\":\"Entre em contacto connosco na Status Wellness e descubra como podemos impulsionar o seu bem-estar. Estamos dispostos a ajudar.\",\"breadcrumb\":{\"@id\":\"https:\/\/status-wellness.pt\/contactos\/#breadcrumb\"},\"inLanguage\":\"en-GB\",\"potentialAction\":[{\"@type\":\"ReadAction\",\"target\":[\"https:\/\/status-wellness.pt\/contactos\/\"]}]},{\"@type\":\"ImageObject\",\"inLanguage\":\"en-GB\",\"@id\":\"https:\/\/status-wellness.pt\/contactos\/#primaryimage\",\"url\":\"https:\/\/status-wellness.pt\/wp-content\/uploads\/2023\/02\/E59BAB66-8F79-4F3F-99F3-D1C1DB2D35C1-2023-02-26-22_50_44.png\",\"contentUrl\":\"https:\/\/status-wellness.pt\/wp-content\/uploads\/2023\/02\/E59BAB66-8F79-4F3F-99F3-D1C1DB2D35C1-2023-02-26-22_50_44.png\",\"width\":1200,\"height\":630,\"caption\":\"logotipo status wellness\"},{\"@type\":\"BreadcrumbList\",\"@id\":\"https:\/\/status-wellness.pt\/contactos\/#breadcrumb\",\"itemListElement\":[{\"@type\":\"ListItem\",\"position\":1,\"name\":\"Home\",\"item\":\"https:\/\/status-wellness.pt\/\"},{\"@type\":\"ListItem\",\"position\":2,\"name\":\"Contactos\"}]},{\"@type\":\"WebSite\",\"@id\":\"https:\/\/status-wellness.pt\/#website\",\"url\":\"https:\/\/status-wellness.pt\/\",\"name\":\"STATUS Wellness\",\"description\":\"Spas Exteriores, Jacuzzis e Saunas\",\"publisher\":{\"@id\":\"https:\/\/status-wellness.pt\/#organization\"},\"alternateName\":\"STATUS Wellness\",\"potentialAction\":[{\"@type\":\"SearchAction\",\"target\":{\"@type\":\"EntryPoint\",\"urlTemplate\":\"https:\/\/status-wellness.pt\/?s={search_term_string}\"},\"query-input\":{\"@type\":\"PropertyValueSpecification\",\"valueRequired\":true,\"valueName\":\"search_term_string\"}}],\"inLanguage\":\"en-GB\"},{\"@type\":\"Organization\",\"@id\":\"https:\/\/status-wellness.pt\/#organization\",\"name\":\"STATUS Wellness\",\"url\":\"https:\/\/status-wellness.pt\/\",\"logo\":{\"@type\":\"ImageObject\",\"inLanguage\":\"en-GB\",\"@id\":\"https:\/\/status-wellness.pt\/#\/schema\/logo\/image\/\",\"url\":\"https:\/\/status-wellness.pt\/wp-content\/uploads\/2023\/02\/cropped-icon.png\",\"contentUrl\":\"https:\/\/status-wellness.pt\/wp-content\/uploads\/2023\/02\/cropped-icon.png\",\"width\":512,\"height\":512,\"caption\":\"STATUS Wellness\"},\"image\":{\"@id\":\"https:\/\/status-wellness.pt\/#\/schema\/logo\/image\/\"},\"sameAs\":[\"https:\/\/www.facebook.com\/statuswellness\",\"https:\/\/www.instagram.com\/status_wellness\/\"]}]}<\/script>\n<!-- \/ Yoast SEO Premium plugin. -->","yoast_head_json":{"title":"Contactos - Status Wellness","description":"Entre em contacto connosco na Status Wellness e descubra como podemos impulsionar o seu bem-estar. Estamos dispostos a ajudar.","robots":{"index":"index","follow":"follow","max-snippet":"max-snippet:-1","max-image-preview":"max-image-preview:large","max-video-preview":"max-video-preview:-1"},"canonical":"https:\/\/status-wellness.pt\/en\/contactos\/","og_locale":"en_GB","og_type":"article","og_title":"Contactos - Status Wellness","og_description":"Entre em contacto connosco na Status Wellness e descubra como podemos impulsionar o seu bem-estar. Estamos dispostos a ajudar.","og_url":"https:\/\/status-wellness.pt\/en\/contactos\/","og_site_name":"Status Wellness","article_publisher":"https:\/\/www.facebook.com\/statuswellness","article_modified_time":"2026-03-22T14:38:24+00:00","og_image":[{"width":1200,"height":630,"url":"https:\/\/status-wellness.pt\/wp-content\/uploads\/2023\/02\/E59BAB66-8F79-4F3F-99F3-D1C1DB2D35C1-2023-02-26-22_50_44.png","type":"image\/png"}],"twitter_card":"summary_large_image","twitter_misc":{"Estimated reading time":"1 minute"},"schema":{"@context":"https:\/\/schema.org","@graph":[{"@type":"WebPage","@id":"https:\/\/status-wellness.pt\/contactos\/","url":"https:\/\/status-wellness.pt\/contactos\/","name":"Contactos - Status Wellness","isPartOf":{"@id":"https:\/\/status-wellness.pt\/#website"},"primaryImageOfPage":{"@id":"https:\/\/status-wellness.pt\/contactos\/#primaryimage"},"image":{"@id":"https:\/\/status-wellness.pt\/contactos\/#primaryimage"},"thumbnailUrl":"https:\/\/status-wellness.pt\/wp-content\/uploads\/2023\/02\/E59BAB66-8F79-4F3F-99F3-D1C1DB2D35C1-2023-02-26-22_50_44.png","datePublished":"2023-01-26T11:31:20+00:00","dateModified":"2026-03-22T14:38:24+00:00","description":"Entre em contacto connosco na Status Wellness e descubra como podemos impulsionar o seu bem-estar. Estamos dispostos a ajudar.","breadcrumb":{"@id":"https:\/\/status-wellness.pt\/contactos\/#breadcrumb"},"inLanguage":"en-GB","potentialAction":[{"@type":"ReadAction","target":["https:\/\/status-wellness.pt\/contactos\/"]}]},{"@type":"ImageObject","inLanguage":"en-GB","@id":"https:\/\/status-wellness.pt\/contactos\/#primaryimage","url":"https:\/\/status-wellness.pt\/wp-content\/uploads\/2023\/02\/E59BAB66-8F79-4F3F-99F3-D1C1DB2D35C1-2023-02-26-22_50_44.png","contentUrl":"https:\/\/status-wellness.pt\/wp-content\/uploads\/2023\/02\/E59BAB66-8F79-4F3F-99F3-D1C1DB2D35C1-2023-02-26-22_50_44.png","width":1200,"height":630,"caption":"logotipo status wellness"},{"@type":"BreadcrumbList","@id":"https:\/\/status-wellness.pt\/contactos\/#breadcrumb","itemListElement":[{"@type":"ListItem","position":1,"name":"Home","item":"https:\/\/status-wellness.pt\/"},{"@type":"ListItem","position":2,"name":"Contactos"}]},{"@type":"WebSite","@id":"https:\/\/status-wellness.pt\/#website","url":"https:\/\/status-wellness.pt\/","name":"STATUS Wellness","description":"Spas Exteriores, Jacuzzis e Saunas","publisher":{"@id":"https:\/\/status-wellness.pt\/#organization"},"alternateName":"STATUS Wellness","potentialAction":[{"@type":"SearchAction","target":{"@type":"EntryPoint","urlTemplate":"https:\/\/status-wellness.pt\/?s={search_term_string}"},"query-input":{"@type":"PropertyValueSpecification","valueRequired":true,"valueName":"search_term_string"}}],"inLanguage":"en-GB"},{"@type":"Organization","@id":"https:\/\/status-wellness.pt\/#organization","name":"STATUS Wellness","url":"https:\/\/status-wellness.pt\/","logo":{"@type":"ImageObject","inLanguage":"en-GB","@id":"https:\/\/status-wellness.pt\/#\/schema\/logo\/image\/","url":"https:\/\/status-wellness.pt\/wp-content\/uploads\/2023\/02\/cropped-icon.png","contentUrl":"https:\/\/status-wellness.pt\/wp-content\/uploads\/2023\/02\/cropped-icon.png","width":512,"height":512,"caption":"STATUS Wellness"},"image":{"@id":"https:\/\/status-wellness.pt\/#\/schema\/logo\/image\/"},"sameAs":["https:\/\/www.facebook.com\/statuswellness","https:\/\/www.instagram.com\/status_wellness\/"]}]}},"_links":{"self":[{"href":"https:\/\/status-wellness.pt\/en\/wp-json\/wp\/v2\/pages\/21","targetHints":{"allow":["GET"]}}],"collection":[{"href":"https:\/\/status-wellness.pt\/en\/wp-json\/wp\/v2\/pages"}],"about":[{"href":"https:\/\/status-wellness.pt\/en\/wp-json\/wp\/v2\/types\/page"}],"author":[{"embeddable":true,"href":"https:\/\/status-wellness.pt\/en\/wp-json\/wp\/v2\/users\/1"}],"replies":[{"embeddable":true,"href":"https:\/\/status-wellness.pt\/en\/wp-json\/wp\/v2\/comments?post=21"}],"version-history":[{"count":20,"href":"https:\/\/status-wellness.pt\/en\/wp-json\/wp\/v2\/pages\/21\/revisions"}],"predecessor-version":[{"id":11032,"href":"https:\/\/status-wellness.pt\/en\/wp-json\/wp\/v2\/pages\/21\/revisions\/11032"}],"wp:featuredmedia":[{"embeddable":true,"href":"https:\/\/status-wellness.pt\/en\/wp-json\/wp\/v2\/media\/1992"}],"wp:attachment":[{"href":"https:\/\/status-wellness.pt\/en\/wp-json\/wp\/v2\/media?parent=21"}],"curies":[{"name":"wp","href":"https:\/\/api.w.org\/{rel}","templated":true}]}}