{"id":3199,"date":"2023-11-04T01:47:51","date_gmt":"2023-11-04T01:47:51","guid":{"rendered":"https:\/\/status-wellness.pt\/?page_id=3199"},"modified":"2026-03-22T14:51:58","modified_gmt":"2026-03-22T14:51:58","slug":"melhorias-laterais-do-spa","status":"publish","type":"page","link":"https:\/\/status-wellness.pt\/en\/spas\/acessorios\/melhorias-laterais-do-spa\/","title":{"rendered":"Spa Side Enhancements"},"content":{"rendered":"<div data-elementor-type=\"wp-page\" data-elementor-id=\"3199\" class=\"elementor elementor-3199\" data-elementor-post-type=\"page\">\n\t\t\t\t\t\t<section class=\"elementor-section elementor-top-section elementor-element elementor-element-268aa4c elementor-section-boxed elementor-section-height-default elementor-section-height-default\" data-id=\"268aa4c\" data-element_type=\"section\" data-e-type=\"section\">\n\t\t\t\t\t\t<div class=\"elementor-container elementor-column-gap-default\">\n\t\t\t\t\t<div class=\"elementor-column elementor-col-100 elementor-top-column elementor-element elementor-element-4b7f59d\" data-id=\"4b7f59d\" data-element_type=\"column\" data-e-type=\"column\" data-settings=\"{&quot;background_background&quot;:&quot;classic&quot;}\">\n\t\t\t<div class=\"elementor-widget-wrap elementor-element-populated\">\n\t\t\t\t\t<div class=\"elementor-background-overlay\"><\/div>\n\t\t\t\t\t\t<div class=\"elementor-element elementor-element-a7f2269 elementor-widget elementor-widget-heading\" data-id=\"a7f2269\" data-element_type=\"widget\" data-e-type=\"widget\" data-widget_type=\"heading.default\">\n\t\t\t\t<div class=\"elementor-widget-container\">\n\t\t\t\t\t<h1 class=\"elementor-heading-title elementor-size-default\"><a href=\"https:\/\/status-wellness.pt\/en\/spas\/\">Spa Side Enhancements<\/a><\/h1>\t\t\t\t<\/div>\n\t\t\t\t<\/div>\n\t\t\t\t<div class=\"elementor-element elementor-element-8fc412b elementor-widget elementor-widget-text-editor\" data-id=\"8fc412b\" data-element_type=\"widget\" data-e-type=\"widget\" data-widget_type=\"text-editor.default\">\n\t\t\t\t<div class=\"elementor-widget-container\">\n\t\t\t\t\t\t\t\t\t<p>Take relaxation a step further with spa side enhancements, i.e. additional spa accessories\u00a0<a href=\"https:\/\/www.hotspring.com\/shop\/accessories\/spa-side-enhancements\">Hot Spring<\/a>. With these thoughtful additions to your spa here at <a href=\"https:\/\/status-wellness.pt\/en\/\"><strong>Status Wellness<\/strong><\/a>,\u00a0 can further enhance your hot tub \u2013 so you can enjoy a peaceful vacation in your backyard every day. Spa side enhancements offer an unparalleled relaxation experience, with adjustable supports and handrails providing maximum comfort and convenience. Imagine yourself diving into heated waters, while the <a href=\"https:\/\/status-wellness.pt\/en\/spas\/vantagens\/jatos\/\"><strong>jets<\/strong><\/a> gently massage your muscles. With these innovations, your spa becomes a personal oasis of tranquility and rejuvenation.<\/p>\t\t\t\t\t\t\t\t<\/div>\n\t\t\t\t<\/div>\n\t\t\t\t\t<\/div>\n\t\t<\/div>\n\t\t\t\t\t<\/div>\n\t\t<\/section>\n\t\t\t\t<section class=\"elementor-section elementor-top-section elementor-element elementor-element-8f0d44b elementor-section-boxed elementor-section-height-default elementor-section-height-default\" data-id=\"8f0d44b\" data-element_type=\"section\" data-e-type=\"section\" data-settings=\"{&quot;background_background&quot;:&quot;classic&quot;}\">\n\t\t\t\t\t\t<div class=\"elementor-container elementor-column-gap-default\">\n\t\t\t\t\t<div class=\"elementor-column elementor-col-33 elementor-top-column elementor-element elementor-element-a4826bf\" data-id=\"a4826bf\" data-element_type=\"column\" data-e-type=\"column\">\n\t\t\t<div class=\"elementor-widget-wrap elementor-element-populated\">\n\t\t\t\t\t\t<div class=\"elementor-element elementor-element-bf5c8f1 elementor-cta--layout-image-above elementor-cta--valign-top elementor-cta--skin-classic elementor-animated-content elementor-bg-transform elementor-bg-transform-zoom-in elementor-widget elementor-widget-call-to-action\" data-id=\"bf5c8f1\" data-element_type=\"widget\" data-e-type=\"widget\" data-widget_type=\"call-to-action.default\">\n\t\t\t\t<div class=\"elementor-widget-container\">\n\t\t\t\t\t\t\t<div class=\"elementor-cta\">\n\t\t\t\t\t<div class=\"elementor-cta__bg-wrapper\">\n\t\t\t\t<div class=\"elementor-cta__bg elementor-bg\" style=\"background-image: url(https:\/\/status-wellness.pt\/wp-content\/uploads\/2023\/11\/accessories300x300.jpg);\" role=\"img\" aria-label=\"Guarda-Sol lateral de spa\u200b no exterior\"><\/div>\n\t\t\t\t<div class=\"elementor-cta__bg-overlay\"><\/div>\n\t\t\t<\/div>\n\t\t\t\t\t\t\t<div class=\"elementor-cta__content\">\n\t\t\t\t\n\t\t\t\t\t\t\t\t\t<h2 class=\"elementor-cta__title elementor-cta__content-item elementor-content-item\">\n\t\t\t\t\t\tSpa Side Umbrella\t\t\t\t\t<\/h2>\n\t\t\t\t\n\t\t\t\t\t\t\t\t\t<div class=\"elementor-cta__description elementor-cta__content-item elementor-content-item\">\n\t\t\t\t\t\tBring shade to your spa with the 360\u00b0 Rotating Spa Side Umbrella. Constructed of powder coated aluminum and zinc plated steel, this umbrella is rust resistant with a base plate beneath the spa cabinet for added stability. The 297 cm diameter canopy is available in Cr\u00e8me or Navy Blue.\t\t\t\t\t<\/div>\n\t\t\t\t\n\t\t\t\t\t\t\t<\/div>\n\t\t\t\t\t\t<\/div>\n\t\t\t\t\t\t<\/div>\n\t\t\t\t<\/div>\n\t\t\t\t\t<\/div>\n\t\t<\/div>\n\t\t\t\t<div class=\"elementor-column elementor-col-33 elementor-top-column elementor-element elementor-element-edc84b4\" data-id=\"edc84b4\" data-element_type=\"column\" data-e-type=\"column\">\n\t\t\t<div class=\"elementor-widget-wrap elementor-element-populated\">\n\t\t\t\t\t\t<div class=\"elementor-element elementor-element-b5ee1d7 elementor-cta--layout-image-above elementor-cta--valign-top elementor-cta--skin-classic elementor-animated-content elementor-bg-transform elementor-bg-transform-zoom-in elementor-widget elementor-widget-call-to-action\" data-id=\"b5ee1d7\" data-element_type=\"widget\" data-e-type=\"widget\" data-widget_type=\"call-to-action.default\">\n\t\t\t\t<div class=\"elementor-widget-container\">\n\t\t\t\t\t\t\t<div class=\"elementor-cta\">\n\t\t\t\t\t<div class=\"elementor-cta__bg-wrapper\">\n\t\t\t\t<div class=\"elementor-cta__bg elementor-bg\" style=\"background-image: url(https:\/\/status-wellness.pt\/wp-content\/uploads\/2023\/11\/side-enhancements-04.jpg);\" role=\"img\" aria-label=\"Spa Side Towel Tree\"><\/div>\n\t\t\t\t<div class=\"elementor-cta__bg-overlay\"><\/div>\n\t\t\t<\/div>\n\t\t\t\t\t\t\t<div class=\"elementor-cta__content\">\n\t\t\t\t\n\t\t\t\t\t\t\t\t\t<h2 class=\"elementor-cta__title elementor-cta__content-item elementor-content-item\">\n\t\t\t\t\t\tSpa Side Towel Tree\t\t\t\t\t<\/h2>\n\t\t\t\t\n\t\t\t\t\t\t\t\t\t<div class=\"elementor-cta__description elementor-cta__content-item elementor-content-item\">\n\t\t\t\t\t\tKeep your towel within reach with this easy-to-assemble towel rack. Constructed of powder coated aluminum with a bronze finish that makes a stylish and convenient addition to your backyard.\t\t\t\t\t<\/div>\n\t\t\t\t\n\t\t\t\t\t\t\t<\/div>\n\t\t\t\t\t\t<\/div>\n\t\t\t\t\t\t<\/div>\n\t\t\t\t<\/div>\n\t\t\t\t\t<\/div>\n\t\t<\/div>\n\t\t\t\t<div class=\"elementor-column elementor-col-33 elementor-top-column elementor-element elementor-element-e78e33b\" data-id=\"e78e33b\" data-element_type=\"column\" data-e-type=\"column\">\n\t\t\t<div class=\"elementor-widget-wrap elementor-element-populated\">\n\t\t\t\t\t\t<div class=\"elementor-element elementor-element-3f9714a elementor-cta--layout-image-above elementor-cta--valign-top elementor-cta--skin-classic elementor-animated-content elementor-bg-transform elementor-bg-transform-zoom-in elementor-widget elementor-widget-call-to-action\" data-id=\"3f9714a\" data-element_type=\"widget\" data-e-type=\"widget\" data-widget_type=\"call-to-action.default\">\n\t\t\t\t<div class=\"elementor-widget-container\">\n\t\t\t\t\t\t\t<div class=\"elementor-cta\">\n\t\t\t\t\t<div class=\"elementor-cta__bg-wrapper\">\n\t\t\t\t<div class=\"elementor-cta__bg elementor-bg\" style=\"background-image: url(https:\/\/status-wellness.pt\/wp-content\/uploads\/2023\/11\/side-enhancements-05.jpg);\" role=\"img\" aria-label=\"Spa Side Handrail\"><\/div>\n\t\t\t\t<div class=\"elementor-cta__bg-overlay\"><\/div>\n\t\t\t<\/div>\n\t\t\t\t\t\t\t<div class=\"elementor-cta__content\">\n\t\t\t\t\n\t\t\t\t\t\t\t\t\t<h2 class=\"elementor-cta__title elementor-cta__content-item elementor-content-item\">\n\t\t\t\t\t\tSpa Side Handrail\t\t\t\t\t<\/h2>\n\t\t\t\t\n\t\t\t\t\t\t\t\t\t<div class=\"elementor-cta__description elementor-cta__content-item elementor-content-item\">\n\t\t\t\t\t\tThis handrail\u2019s base plate slips securely under the spa cabinet for stability, and swings in and out of your spa \u2014 making it easy to reach when entering or exiting the spa. It also features a battery powered LED light for added convenience and safety at night.\t\t\t\t\t<\/div>\n\t\t\t\t\n\t\t\t\t\t\t\t<\/div>\n\t\t\t\t\t\t<\/div>\n\t\t\t\t\t\t<\/div>\n\t\t\t\t<\/div>\n\t\t\t\t\t<\/div>\n\t\t<\/div>\n\t\t\t\t\t<\/div>\n\t\t<\/section>\n\t\t\t\t<\/div>","protected":false},"excerpt":{"rendered":"<p>Melhorias laterais do Spa Leve o relaxamento um passo adiante com as melhorias laterais do spa,isto \u00e9 acess\u00f3rios adicionais para spas\u00a0Hot Spring. Com estas adi\u00e7\u00f5es para o seu spa bem pensadas aqui na Status Wellness,\u00a0 pode melhorar ainda mais a sua banheira de hidromassagem &#8211; para que possa desfrutar de umas f\u00e9rias tranquilas no seu [&hellip;]<\/p>\n","protected":false},"author":1,"featured_media":3202,"parent":3057,"menu_order":0,"comment_status":"closed","ping_status":"closed","template":"","meta":{"footnotes":""},"class_list":["post-3199","page","type-page","status-publish","has-post-thumbnail","hentry"],"yoast_head":"<!-- This site is optimized with the Yoast SEO Premium plugin v20.4 (Yoast SEO v27.1.1) - https:\/\/yoast.com\/product\/yoast-seo-premium-wordpress\/ -->\n<title>Melhorias laterais do Spa - Acess\u00f3rios<\/title>\n<meta name=\"description\" content=\"Descubra como as melhorias laterais do spa podem transformar a sua experi\u00eancia. Conhe\u00e7a as nossas op\u00e7\u00f5es para um conforto m\u00e1ximo.\" \/>\n<meta name=\"robots\" content=\"index, follow, max-snippet:-1, max-image-preview:large, max-video-preview:-1\" \/>\n<link rel=\"canonical\" href=\"https:\/\/status-wellness.pt\/en\/spas\/acessorios\/melhorias-laterais-do-spa\/\" \/>\n<meta property=\"og:locale\" content=\"en_GB\" \/>\n<meta property=\"og:type\" content=\"article\" \/>\n<meta property=\"og:title\" content=\"Melhorias laterais do Spa - Status Wellness\" \/>\n<meta property=\"og:description\" content=\"Descubra como as melhorias laterais do spa podem transformar a sua experi\u00eancia. Conhe\u00e7a as nossas op\u00e7\u00f5es para um conforto m\u00e1ximo.\" \/>\n<meta property=\"og:url\" content=\"https:\/\/status-wellness.pt\/en\/spas\/acessorios\/melhorias-laterais-do-spa\/\" \/>\n<meta property=\"og:site_name\" content=\"Status Wellness\" \/>\n<meta property=\"article:publisher\" content=\"https:\/\/www.facebook.com\/statuswellness\" \/>\n<meta property=\"article:modified_time\" content=\"2026-03-22T14:51:58+00:00\" \/>\n<meta property=\"og:image\" content=\"https:\/\/status-wellness.pt\/wp-content\/uploads\/2023\/11\/side-enhancements-hero_0.jpg\" \/>\n\t<meta property=\"og:image:width\" content=\"1600\" \/>\n\t<meta property=\"og:image:height\" content=\"464\" \/>\n\t<meta property=\"og:image:type\" content=\"image\/jpeg\" \/>\n<meta name=\"twitter:card\" content=\"summary_large_image\" \/>\n<meta name=\"twitter:label1\" content=\"Estimated reading time\" \/>\n\t<meta name=\"twitter:data1\" content=\"2 minutes\" \/>\n<script type=\"application\/ld+json\" class=\"yoast-schema-graph\">{\"@context\":\"https:\/\/schema.org\",\"@graph\":[{\"@type\":\"WebPage\",\"@id\":\"https:\/\/status-wellness.pt\/spas\/acessorios\/melhorias-laterais-do-spa\/\",\"url\":\"https:\/\/status-wellness.pt\/spas\/acessorios\/melhorias-laterais-do-spa\/\",\"name\":\"Melhorias laterais do Spa - Acess\u00f3rios\",\"isPartOf\":{\"@id\":\"https:\/\/status-wellness.pt\/#website\"},\"primaryImageOfPage\":{\"@id\":\"https:\/\/status-wellness.pt\/spas\/acessorios\/melhorias-laterais-do-spa\/#primaryimage\"},\"image\":{\"@id\":\"https:\/\/status-wellness.pt\/spas\/acessorios\/melhorias-laterais-do-spa\/#primaryimage\"},\"thumbnailUrl\":\"https:\/\/status-wellness.pt\/wp-content\/uploads\/2023\/11\/side-enhancements-hero_0.jpg\",\"datePublished\":\"2023-11-04T01:47:51+00:00\",\"dateModified\":\"2026-03-22T14:51:58+00:00\",\"description\":\"Descubra como as melhorias laterais do spa podem transformar a sua experi\u00eancia. Conhe\u00e7a as nossas op\u00e7\u00f5es para um conforto m\u00e1ximo.\",\"breadcrumb\":{\"@id\":\"https:\/\/status-wellness.pt\/spas\/acessorios\/melhorias-laterais-do-spa\/#breadcrumb\"},\"inLanguage\":\"en-GB\",\"potentialAction\":[{\"@type\":\"ReadAction\",\"target\":[\"https:\/\/status-wellness.pt\/spas\/acessorios\/melhorias-laterais-do-spa\/\"]}]},{\"@type\":\"ImageObject\",\"inLanguage\":\"en-GB\",\"@id\":\"https:\/\/status-wellness.pt\/spas\/acessorios\/melhorias-laterais-do-spa\/#primaryimage\",\"url\":\"https:\/\/status-wellness.pt\/wp-content\/uploads\/2023\/11\/side-enhancements-hero_0.jpg\",\"contentUrl\":\"https:\/\/status-wellness.pt\/wp-content\/uploads\/2023\/11\/side-enhancements-hero_0.jpg\",\"width\":1600,\"height\":464,\"caption\":\"casal no spa\"},{\"@type\":\"BreadcrumbList\",\"@id\":\"https:\/\/status-wellness.pt\/spas\/acessorios\/melhorias-laterais-do-spa\/#breadcrumb\",\"itemListElement\":[{\"@type\":\"ListItem\",\"position\":1,\"name\":\"Home\",\"item\":\"https:\/\/status-wellness.pt\/\"},{\"@type\":\"ListItem\",\"position\":2,\"name\":\"Spas\",\"item\":\"https:\/\/status-wellness.pt\/spas\/\"},{\"@type\":\"ListItem\",\"position\":3,\"name\":\"Acess\u00f3rios para spas\",\"item\":\"https:\/\/status-wellness.pt\/spas\/acessorios\/\"},{\"@type\":\"ListItem\",\"position\":4,\"name\":\"Melhorias laterais do Spa\"}]},{\"@type\":\"WebSite\",\"@id\":\"https:\/\/status-wellness.pt\/#website\",\"url\":\"https:\/\/status-wellness.pt\/\",\"name\":\"STATUS Wellness\",\"description\":\"Spas Exteriores, Jacuzzis e Saunas\",\"publisher\":{\"@id\":\"https:\/\/status-wellness.pt\/#organization\"},\"alternateName\":\"STATUS Wellness\",\"potentialAction\":[{\"@type\":\"SearchAction\",\"target\":{\"@type\":\"EntryPoint\",\"urlTemplate\":\"https:\/\/status-wellness.pt\/?s={search_term_string}\"},\"query-input\":{\"@type\":\"PropertyValueSpecification\",\"valueRequired\":true,\"valueName\":\"search_term_string\"}}],\"inLanguage\":\"en-GB\"},{\"@type\":\"Organization\",\"@id\":\"https:\/\/status-wellness.pt\/#organization\",\"name\":\"STATUS Wellness\",\"url\":\"https:\/\/status-wellness.pt\/\",\"logo\":{\"@type\":\"ImageObject\",\"inLanguage\":\"en-GB\",\"@id\":\"https:\/\/status-wellness.pt\/#\/schema\/logo\/image\/\",\"url\":\"https:\/\/status-wellness.pt\/wp-content\/uploads\/2023\/02\/cropped-icon.png\",\"contentUrl\":\"https:\/\/status-wellness.pt\/wp-content\/uploads\/2023\/02\/cropped-icon.png\",\"width\":512,\"height\":512,\"caption\":\"STATUS Wellness\"},\"image\":{\"@id\":\"https:\/\/status-wellness.pt\/#\/schema\/logo\/image\/\"},\"sameAs\":[\"https:\/\/www.facebook.com\/statuswellness\",\"https:\/\/www.instagram.com\/status_wellness\/\"]}]}<\/script>\n<!-- \/ Yoast SEO Premium plugin. -->","yoast_head_json":{"title":"Spa Side Enhancements - Accessories","description":"Discover how spa side enhancements can transform your experience. Discover our options for maximum comfort.","robots":{"index":"index","follow":"follow","max-snippet":"max-snippet:-1","max-image-preview":"max-image-preview:large","max-video-preview":"max-video-preview:-1"},"canonical":"https:\/\/status-wellness.pt\/en\/spas\/acessorios\/melhorias-laterais-do-spa\/","og_locale":"en_GB","og_type":"article","og_title":"Melhorias laterais do Spa - Status Wellness","og_description":"Descubra como as melhorias laterais do spa podem transformar a sua experi\u00eancia. Conhe\u00e7a as nossas op\u00e7\u00f5es para um conforto m\u00e1ximo.","og_url":"https:\/\/status-wellness.pt\/en\/spas\/acessorios\/melhorias-laterais-do-spa\/","og_site_name":"Status Wellness","article_publisher":"https:\/\/www.facebook.com\/statuswellness","article_modified_time":"2026-03-22T14:51:58+00:00","og_image":[{"width":1600,"height":464,"url":"https:\/\/status-wellness.pt\/wp-content\/uploads\/2023\/11\/side-enhancements-hero_0.jpg","type":"image\/jpeg"}],"twitter_card":"summary_large_image","twitter_misc":{"Estimated reading time":"2 minutes"},"schema":{"@context":"https:\/\/schema.org","@graph":[{"@type":"WebPage","@id":"https:\/\/status-wellness.pt\/spas\/acessorios\/melhorias-laterais-do-spa\/","url":"https:\/\/status-wellness.pt\/spas\/acessorios\/melhorias-laterais-do-spa\/","name":"Spa Side Enhancements - Accessories","isPartOf":{"@id":"https:\/\/status-wellness.pt\/#website"},"primaryImageOfPage":{"@id":"https:\/\/status-wellness.pt\/spas\/acessorios\/melhorias-laterais-do-spa\/#primaryimage"},"image":{"@id":"https:\/\/status-wellness.pt\/spas\/acessorios\/melhorias-laterais-do-spa\/#primaryimage"},"thumbnailUrl":"https:\/\/status-wellness.pt\/wp-content\/uploads\/2023\/11\/side-enhancements-hero_0.jpg","datePublished":"2023-11-04T01:47:51+00:00","dateModified":"2026-03-22T14:51:58+00:00","description":"Discover how spa side enhancements can transform your experience. Discover our options for maximum comfort.","breadcrumb":{"@id":"https:\/\/status-wellness.pt\/spas\/acessorios\/melhorias-laterais-do-spa\/#breadcrumb"},"inLanguage":"en-GB","potentialAction":[{"@type":"ReadAction","target":["https:\/\/status-wellness.pt\/spas\/acessorios\/melhorias-laterais-do-spa\/"]}]},{"@type":"ImageObject","inLanguage":"en-GB","@id":"https:\/\/status-wellness.pt\/spas\/acessorios\/melhorias-laterais-do-spa\/#primaryimage","url":"https:\/\/status-wellness.pt\/wp-content\/uploads\/2023\/11\/side-enhancements-hero_0.jpg","contentUrl":"https:\/\/status-wellness.pt\/wp-content\/uploads\/2023\/11\/side-enhancements-hero_0.jpg","width":1600,"height":464,"caption":"casal no spa"},{"@type":"BreadcrumbList","@id":"https:\/\/status-wellness.pt\/spas\/acessorios\/melhorias-laterais-do-spa\/#breadcrumb","itemListElement":[{"@type":"ListItem","position":1,"name":"Home","item":"https:\/\/status-wellness.pt\/"},{"@type":"ListItem","position":2,"name":"Spas","item":"https:\/\/status-wellness.pt\/spas\/"},{"@type":"ListItem","position":3,"name":"Acess\u00f3rios para spas","item":"https:\/\/status-wellness.pt\/spas\/acessorios\/"},{"@type":"ListItem","position":4,"name":"Melhorias laterais do Spa"}]},{"@type":"WebSite","@id":"https:\/\/status-wellness.pt\/#website","url":"https:\/\/status-wellness.pt\/","name":"STATUS Wellness","description":"Spas Exteriores, Jacuzzis e Saunas","publisher":{"@id":"https:\/\/status-wellness.pt\/#organization"},"alternateName":"STATUS Wellness","potentialAction":[{"@type":"SearchAction","target":{"@type":"EntryPoint","urlTemplate":"https:\/\/status-wellness.pt\/?s={search_term_string}"},"query-input":{"@type":"PropertyValueSpecification","valueRequired":true,"valueName":"search_term_string"}}],"inLanguage":"en-GB"},{"@type":"Organization","@id":"https:\/\/status-wellness.pt\/#organization","name":"STATUS Wellness","url":"https:\/\/status-wellness.pt\/","logo":{"@type":"ImageObject","inLanguage":"en-GB","@id":"https:\/\/status-wellness.pt\/#\/schema\/logo\/image\/","url":"https:\/\/status-wellness.pt\/wp-content\/uploads\/2023\/02\/cropped-icon.png","contentUrl":"https:\/\/status-wellness.pt\/wp-content\/uploads\/2023\/02\/cropped-icon.png","width":512,"height":512,"caption":"STATUS Wellness"},"image":{"@id":"https:\/\/status-wellness.pt\/#\/schema\/logo\/image\/"},"sameAs":["https:\/\/www.facebook.com\/statuswellness","https:\/\/www.instagram.com\/status_wellness\/"]}]}},"_links":{"self":[{"href":"https:\/\/status-wellness.pt\/en\/wp-json\/wp\/v2\/pages\/3199","targetHints":{"allow":["GET"]}}],"collection":[{"href":"https:\/\/status-wellness.pt\/en\/wp-json\/wp\/v2\/pages"}],"about":[{"href":"https:\/\/status-wellness.pt\/en\/wp-json\/wp\/v2\/types\/page"}],"author":[{"embeddable":true,"href":"https:\/\/status-wellness.pt\/en\/wp-json\/wp\/v2\/users\/1"}],"replies":[{"embeddable":true,"href":"https:\/\/status-wellness.pt\/en\/wp-json\/wp\/v2\/comments?post=3199"}],"version-history":[{"count":34,"href":"https:\/\/status-wellness.pt\/en\/wp-json\/wp\/v2\/pages\/3199\/revisions"}],"predecessor-version":[{"id":11064,"href":"https:\/\/status-wellness.pt\/en\/wp-json\/wp\/v2\/pages\/3199\/revisions\/11064"}],"up":[{"embeddable":true,"href":"https:\/\/status-wellness.pt\/en\/wp-json\/wp\/v2\/pages\/3057"}],"wp:featuredmedia":[{"embeddable":true,"href":"https:\/\/status-wellness.pt\/en\/wp-json\/wp\/v2\/media\/3202"}],"wp:attachment":[{"href":"https:\/\/status-wellness.pt\/en\/wp-json\/wp\/v2\/media?parent=3199"}],"curies":[{"name":"wp","href":"https:\/\/api.w.org\/{rel}","templated":true}]}}