{"id":3214,"date":"2023-11-05T15:07:05","date_gmt":"2023-11-05T15:07:05","guid":{"rendered":"https:\/\/status-wellness.pt\/?page_id=3214"},"modified":"2026-03-22T14:51:34","modified_gmt":"2026-03-22T14:51:34","slug":"entretenimento","status":"publish","type":"page","link":"https:\/\/status-wellness.pt\/en\/spas\/acessorios\/entretenimento\/","title":{"rendered":"Entertainment"},"content":{"rendered":"<div data-elementor-type=\"wp-page\" data-elementor-id=\"3214\" class=\"elementor elementor-3214\" data-elementor-post-type=\"page\">\n\t\t\t\t\t\t<section class=\"elementor-section elementor-top-section elementor-element elementor-element-dc13710 elementor-section-boxed elementor-section-height-default elementor-section-height-default\" data-id=\"dc13710\" data-element_type=\"section\" data-e-type=\"section\">\n\t\t\t\t\t\t<div class=\"elementor-container elementor-column-gap-default\">\n\t\t\t\t\t<div class=\"elementor-column elementor-col-100 elementor-top-column elementor-element elementor-element-2bff28e\" data-id=\"2bff28e\" data-element_type=\"column\" data-e-type=\"column\" data-settings=\"{&quot;background_background&quot;:&quot;classic&quot;}\">\n\t\t\t<div class=\"elementor-widget-wrap elementor-element-populated\">\n\t\t\t\t\t<div class=\"elementor-background-overlay\"><\/div>\n\t\t\t\t\t\t<div class=\"elementor-element elementor-element-9f5fbe2 elementor-widget elementor-widget-heading\" data-id=\"9f5fbe2\" data-element_type=\"widget\" data-e-type=\"widget\" data-widget_type=\"heading.default\">\n\t\t\t\t<div class=\"elementor-widget-container\">\n\t\t\t\t\t<h1 class=\"elementor-heading-title elementor-size-default\">Enhance your hot tub experience<\/h1>\t\t\t\t<\/div>\n\t\t\t\t<\/div>\n\t\t\t\t<div class=\"elementor-element elementor-element-1bc7944 elementor-widget elementor-widget-text-editor\" data-id=\"1bc7944\" data-element_type=\"widget\" data-e-type=\"widget\" data-widget_type=\"text-editor.default\">\n\t\t\t\t<div class=\"elementor-widget-container\">\n\t\t\t\t\t\t\t\t\t<p>Explore at <a href=\"https:\/\/status-wellness.pt\/en\/\"><strong>Status Wellness<\/strong><\/a> our selection of <a href=\"https:\/\/status-wellness.pt\/en\/spas\/acessorios\/\"><strong>spa accessories<\/strong><\/a> which makes your entertainment experience even more relaxing and fun. Imagine yourself immersed in the tranquility of the waters, accompanied by your favorite music. With our Bluetooth\u00ae music system and optional monitor, you can enjoy streaming straight from your device.<\/p>\t\t\t\t\t\t\t\t<\/div>\n\t\t\t\t<\/div>\n\t\t\t\t\t<\/div>\n\t\t<\/div>\n\t\t\t\t\t<\/div>\n\t\t<\/section>\n\t\t\t\t<section class=\"elementor-section elementor-top-section elementor-element elementor-element-c7aafce elementor-section-boxed elementor-section-height-default elementor-section-height-default\" data-id=\"c7aafce\" data-element_type=\"section\" data-e-type=\"section\" data-settings=\"{&quot;background_background&quot;:&quot;classic&quot;}\">\n\t\t\t\t\t\t<div class=\"elementor-container elementor-column-gap-default\">\n\t\t\t\t\t<div class=\"elementor-column elementor-col-100 elementor-top-column elementor-element elementor-element-bcd5984\" data-id=\"bcd5984\" data-element_type=\"column\" data-e-type=\"column\">\n\t\t\t<div class=\"elementor-widget-wrap elementor-element-populated\">\n\t\t\t\t\t\t<div class=\"elementor-element elementor-element-6750082 elementor-widget elementor-widget-heading\" data-id=\"6750082\" data-element_type=\"widget\" data-e-type=\"widget\" data-widget_type=\"heading.default\">\n\t\t\t\t<div class=\"elementor-widget-container\">\n\t\t\t\t\t<h2 class=\"elementor-heading-title elementor-size-default\">Optional hot tub entertainment accessories<\/h2>\t\t\t\t<\/div>\n\t\t\t\t<\/div>\n\t\t\t\t<div class=\"elementor-element elementor-element-ab94cd8 elementor-widget elementor-widget-text-editor\" data-id=\"ab94cd8\" data-element_type=\"widget\" data-e-type=\"widget\" data-widget_type=\"text-editor.default\">\n\t\t\t\t<div class=\"elementor-widget-container\">\n\t\t\t\t\t\t\t\t\t<p>There are many ways to enjoy spa entertainment <a href=\"https:\/\/www.hotspring.com\/shop\/accessories\/entertainment\">HotSpring<\/a>. When you opt for a spa with a sound system, you get built-in speakers as standard. But if you want, you can add a wireless Bluetooth\u00ae audio system, which allows you to connect your spa to your home entertainment system and other devices. Add a subwoofer too and it might never get out of the water.<\/p>\t\t\t\t\t\t\t\t<\/div>\n\t\t\t\t<\/div>\n\t\t\t\t<div class=\"elementor-element elementor-element-817c18d elementor-widget elementor-widget-image\" data-id=\"817c18d\" data-element_type=\"widget\" data-e-type=\"widget\" data-widget_type=\"image.default\">\n\t\t\t\t<div class=\"elementor-widget-container\">\n\t\t\t\t\t\t\t\t\t\t\t\t\t\t\t<img fetchpriority=\"high\" decoding=\"async\" width=\"800\" height=\"600\" src=\"https:\/\/status-wellness.pt\/wp-content\/uploads\/2023\/11\/hot-spring-highlife-envoy-speaker-1024x768.jpg\" class=\"attachment-large size-large wp-image-3224\" alt=\"sistema de som e entretenimento bluetooth\" srcset=\"https:\/\/status-wellness.pt\/wp-content\/uploads\/2023\/11\/hot-spring-highlife-envoy-speaker-1024x768.jpg 1024w, https:\/\/status-wellness.pt\/wp-content\/uploads\/2023\/11\/hot-spring-highlife-envoy-speaker-300x225.jpg 300w, https:\/\/status-wellness.pt\/wp-content\/uploads\/2023\/11\/hot-spring-highlife-envoy-speaker-768x576.jpg 768w, https:\/\/status-wellness.pt\/wp-content\/uploads\/2023\/11\/hot-spring-highlife-envoy-speaker-1536x1152.jpg 1536w, https:\/\/status-wellness.pt\/wp-content\/uploads\/2023\/11\/hot-spring-highlife-envoy-speaker-16x12.jpg 16w, https:\/\/status-wellness.pt\/wp-content\/uploads\/2023\/11\/hot-spring-highlife-envoy-speaker.jpg 1600w\" sizes=\"(max-width: 800px) 100vw, 800px\" \/>\t\t\t\t\t\t\t\t\t\t\t\t\t\t\t<\/div>\n\t\t\t\t<\/div>\n\t\t\t\t<div class=\"elementor-element elementor-element-92e8768 elementor-widget elementor-widget-image\" data-id=\"92e8768\" data-element_type=\"widget\" data-e-type=\"widget\" data-widget_type=\"image.default\">\n\t\t\t\t<div class=\"elementor-widget-container\">\n\t\t\t\t\t\t\t\t\t\t\t\t\t\t\t<img decoding=\"async\" width=\"800\" height=\"533\" src=\"https:\/\/status-wellness.pt\/wp-content\/uploads\/2023\/11\/entertainment-3-800x533-1.jpg\" class=\"attachment-large size-large wp-image-3225\" alt=\"Fam\u00edlia a usufruir do spa cole\u00e7\u00e3o highlife\" srcset=\"https:\/\/status-wellness.pt\/wp-content\/uploads\/2023\/11\/entertainment-3-800x533-1.jpg 800w, https:\/\/status-wellness.pt\/wp-content\/uploads\/2023\/11\/entertainment-3-800x533-1-300x200.jpg 300w, https:\/\/status-wellness.pt\/wp-content\/uploads\/2023\/11\/entertainment-3-800x533-1-768x512.jpg 768w, https:\/\/status-wellness.pt\/wp-content\/uploads\/2023\/11\/entertainment-3-800x533-1-18x12.jpg 18w\" sizes=\"(max-width: 800px) 100vw, 800px\" \/>\t\t\t\t\t\t\t\t\t\t\t\t\t\t\t<\/div>\n\t\t\t\t<\/div>\n\t\t\t\t<div class=\"elementor-element elementor-element-4644c57 elementor-widget elementor-widget-text-editor\" data-id=\"4644c57\" data-element_type=\"widget\" data-e-type=\"widget\" data-widget_type=\"text-editor.default\">\n\t\t\t\t<div class=\"elementor-widget-container\">\n\t\t\t\t\t\t\t\t\t<p>To enjoy live TV, stream video, and more in your hot tub or while entertaining in your backyard, add an all-weather, 22\u201d HD wireless monitor to your spa. The monitor offers excellent picture quality with 1080p screen resolution, tempered glass, and anti-reflective\/anti-glare coating. HDMI-enabled, it can connect to your in-home video sources or a streaming stick for a range of display options. A monitor pedestal that slides under the base of the spa is included for easy mounting and installation, and a heavy-grade vinyl monitor cover (sold separately) offers additional protection and comes in a range of colors to match the spa cover.<\/p>\t\t\t\t\t\t\t\t<\/div>\n\t\t\t\t<\/div>\n\t\t\t\t<div class=\"elementor-element elementor-element-cf89222 elementor-widget elementor-widget-testimonial\" data-id=\"cf89222\" data-element_type=\"widget\" data-e-type=\"widget\" data-widget_type=\"testimonial.default\">\n\t\t\t\t<div class=\"elementor-widget-container\">\n\t\t\t\t\t\t\t<div class=\"elementor-testimonial-wrapper\">\n\t\t\t\t\t\t\t<div class=\"elementor-testimonial-content\">\"Top notch service with sales, delivery and setup. Was given a thorough walk-through of all the functions, including setting up the awesome Bluetooth sound system! Platinum service!\"<\/div>\n\t\t\t\n\t\t\t\t\t\t<div class=\"elementor-testimonial-meta\">\n\t\t\t\t<div class=\"elementor-testimonial-meta-inner\">\n\t\t\t\t\t\n\t\t\t\t\t\t\t\t\t\t<div class=\"elementor-testimonial-details\">\n\t\t\t\t\t\t\t\t\t\t\t\t\t\t<div class=\"elementor-testimonial-name\">Highlife Owner<\/div>\n\t\t\t\t\t\t\t\t\t\t\t\t\t\t\t\t\t\t\t\t\t\t<div class=\"elementor-testimonial-job\">Grand Forks, ND, USA<\/div>\n\t\t\t\t\t\t\t\t\t\t\t\t\t<\/div>\n\t\t\t\t\t\t\t\t\t<\/div>\n\t\t\t<\/div>\n\t\t\t\t\t<\/div>\n\t\t\t\t\t\t<\/div>\n\t\t\t\t<\/div>\n\t\t\t\t\t<\/div>\n\t\t<\/div>\n\t\t\t\t\t<\/div>\n\t\t<\/section>\n\t\t\t\t<\/div>","protected":false},"excerpt":{"rendered":"<p>Melhore a sua experi\u00eancia na banheira de hidromassagem Explore na Status Wellness nossa sele\u00e7\u00e3o de acess\u00f3rios para o spa o que torna a sua experi\u00eancia de entretenimento ainda mais relaxante e divertida. Imagine-se mergulhado na tranquilidade das \u00e1guas, acompanhado pela sua m\u00fasica favorita. Com o nosso sistema de m\u00fasica Bluetooth\u00ae e monitor opcional, pode desfrutar [&hellip;]<\/p>\n","protected":false},"author":1,"featured_media":9606,"parent":3057,"menu_order":0,"comment_status":"closed","ping_status":"closed","template":"","meta":{"footnotes":""},"class_list":["post-3214","page","type-page","status-publish","has-post-thumbnail","hentry"],"yoast_head":"<!-- This site is optimized with the Yoast SEO Premium plugin v20.4 (Yoast SEO v27.1.1) - https:\/\/yoast.com\/product\/yoast-seo-premium-wordpress\/ -->\n<title>Entretenimento - Acess\u00f3rios<\/title>\n<meta name=\"description\" content=\"Descubra op\u00e7\u00f5es de entretenimento para elevar sua experi\u00eancia de spa. M\u00fasica, luzes e mais para relaxar e aproveitar ao m\u00e1ximo.\" \/>\n<meta name=\"robots\" content=\"index, follow, max-snippet:-1, max-image-preview:large, max-video-preview:-1\" \/>\n<link rel=\"canonical\" href=\"https:\/\/status-wellness.pt\/en\/spas\/acessorios\/entretenimento\/\" \/>\n<meta property=\"og:locale\" content=\"en_GB\" \/>\n<meta property=\"og:type\" content=\"article\" \/>\n<meta property=\"og:title\" content=\"Entretenimento - Status Wellness\" \/>\n<meta property=\"og:description\" content=\"Descubra op\u00e7\u00f5es de entretenimento para elevar sua experi\u00eancia de spa. M\u00fasica, luzes e mais para relaxar e aproveitar ao m\u00e1ximo.\" \/>\n<meta property=\"og:url\" content=\"https:\/\/status-wellness.pt\/en\/spas\/acessorios\/entretenimento\/\" \/>\n<meta property=\"og:site_name\" content=\"Status Wellness\" \/>\n<meta property=\"article:publisher\" content=\"https:\/\/www.facebook.com\/statuswellness\" \/>\n<meta property=\"article:modified_time\" content=\"2026-03-22T14:51:34+00:00\" \/>\n<meta property=\"og:image\" content=\"https:\/\/status-wellness.pt\/wp-content\/uploads\/2025\/01\/hot-spring-highlife-envoy-speaker.jpg\" \/>\n\t<meta property=\"og:image:width\" content=\"1600\" \/>\n\t<meta property=\"og:image:height\" content=\"1200\" \/>\n\t<meta property=\"og:image:type\" content=\"image\/jpeg\" \/>\n<meta name=\"twitter:card\" content=\"summary_large_image\" \/>\n<meta name=\"twitter:label1\" content=\"Estimated reading time\" \/>\n\t<meta name=\"twitter:data1\" content=\"3 minutes\" \/>\n<script type=\"application\/ld+json\" class=\"yoast-schema-graph\">{\"@context\":\"https:\/\/schema.org\",\"@graph\":[{\"@type\":\"WebPage\",\"@id\":\"https:\/\/status-wellness.pt\/spas\/acessorios\/entretenimento\/\",\"url\":\"https:\/\/status-wellness.pt\/spas\/acessorios\/entretenimento\/\",\"name\":\"Entretenimento - Acess\u00f3rios\",\"isPartOf\":{\"@id\":\"https:\/\/status-wellness.pt\/#website\"},\"primaryImageOfPage\":{\"@id\":\"https:\/\/status-wellness.pt\/spas\/acessorios\/entretenimento\/#primaryimage\"},\"image\":{\"@id\":\"https:\/\/status-wellness.pt\/spas\/acessorios\/entretenimento\/#primaryimage\"},\"thumbnailUrl\":\"https:\/\/status-wellness.pt\/wp-content\/uploads\/2025\/01\/hot-spring-highlife-envoy-speaker.jpg\",\"datePublished\":\"2023-11-05T15:07:05+00:00\",\"dateModified\":\"2026-03-22T14:51:34+00:00\",\"description\":\"Descubra op\u00e7\u00f5es de entretenimento para elevar sua experi\u00eancia de spa. M\u00fasica, luzes e mais para relaxar e aproveitar ao m\u00e1ximo.\",\"breadcrumb\":{\"@id\":\"https:\/\/status-wellness.pt\/spas\/acessorios\/entretenimento\/#breadcrumb\"},\"inLanguage\":\"en-GB\",\"potentialAction\":[{\"@type\":\"ReadAction\",\"target\":[\"https:\/\/status-wellness.pt\/spas\/acessorios\/entretenimento\/\"]}]},{\"@type\":\"ImageObject\",\"inLanguage\":\"en-GB\",\"@id\":\"https:\/\/status-wellness.pt\/spas\/acessorios\/entretenimento\/#primaryimage\",\"url\":\"https:\/\/status-wellness.pt\/wp-content\/uploads\/2025\/01\/hot-spring-highlife-envoy-speaker.jpg\",\"contentUrl\":\"https:\/\/status-wellness.pt\/wp-content\/uploads\/2025\/01\/hot-spring-highlife-envoy-speaker.jpg\",\"width\":1600,\"height\":1200},{\"@type\":\"BreadcrumbList\",\"@id\":\"https:\/\/status-wellness.pt\/spas\/acessorios\/entretenimento\/#breadcrumb\",\"itemListElement\":[{\"@type\":\"ListItem\",\"position\":1,\"name\":\"Home\",\"item\":\"https:\/\/status-wellness.pt\/\"},{\"@type\":\"ListItem\",\"position\":2,\"name\":\"Spas\",\"item\":\"https:\/\/status-wellness.pt\/spas\/\"},{\"@type\":\"ListItem\",\"position\":3,\"name\":\"Acess\u00f3rios para spas\",\"item\":\"https:\/\/status-wellness.pt\/spas\/acessorios\/\"},{\"@type\":\"ListItem\",\"position\":4,\"name\":\"Entretenimento\"}]},{\"@type\":\"WebSite\",\"@id\":\"https:\/\/status-wellness.pt\/#website\",\"url\":\"https:\/\/status-wellness.pt\/\",\"name\":\"STATUS Wellness\",\"description\":\"Spas Exteriores, Jacuzzis e Saunas\",\"publisher\":{\"@id\":\"https:\/\/status-wellness.pt\/#organization\"},\"alternateName\":\"STATUS Wellness\",\"potentialAction\":[{\"@type\":\"SearchAction\",\"target\":{\"@type\":\"EntryPoint\",\"urlTemplate\":\"https:\/\/status-wellness.pt\/?s={search_term_string}\"},\"query-input\":{\"@type\":\"PropertyValueSpecification\",\"valueRequired\":true,\"valueName\":\"search_term_string\"}}],\"inLanguage\":\"en-GB\"},{\"@type\":\"Organization\",\"@id\":\"https:\/\/status-wellness.pt\/#organization\",\"name\":\"STATUS Wellness\",\"url\":\"https:\/\/status-wellness.pt\/\",\"logo\":{\"@type\":\"ImageObject\",\"inLanguage\":\"en-GB\",\"@id\":\"https:\/\/status-wellness.pt\/#\/schema\/logo\/image\/\",\"url\":\"https:\/\/status-wellness.pt\/wp-content\/uploads\/2023\/02\/cropped-icon.png\",\"contentUrl\":\"https:\/\/status-wellness.pt\/wp-content\/uploads\/2023\/02\/cropped-icon.png\",\"width\":512,\"height\":512,\"caption\":\"STATUS Wellness\"},\"image\":{\"@id\":\"https:\/\/status-wellness.pt\/#\/schema\/logo\/image\/\"},\"sameAs\":[\"https:\/\/www.facebook.com\/statuswellness\",\"https:\/\/www.instagram.com\/status_wellness\/\"]}]}<\/script>\n<!-- \/ Yoast SEO Premium plugin. -->","yoast_head_json":{"title":"Entertainment - Accessories","description":"Discover entertainment options to elevate your spa experience. Music, lights and more to relax and enjoy to the fullest.","robots":{"index":"index","follow":"follow","max-snippet":"max-snippet:-1","max-image-preview":"max-image-preview:large","max-video-preview":"max-video-preview:-1"},"canonical":"https:\/\/status-wellness.pt\/en\/spas\/acessorios\/entretenimento\/","og_locale":"en_GB","og_type":"article","og_title":"Entretenimento - Status Wellness","og_description":"Descubra op\u00e7\u00f5es de entretenimento para elevar sua experi\u00eancia de spa. M\u00fasica, luzes e mais para relaxar e aproveitar ao m\u00e1ximo.","og_url":"https:\/\/status-wellness.pt\/en\/spas\/acessorios\/entretenimento\/","og_site_name":"Status Wellness","article_publisher":"https:\/\/www.facebook.com\/statuswellness","article_modified_time":"2026-03-22T14:51:34+00:00","og_image":[{"width":1600,"height":1200,"url":"https:\/\/status-wellness.pt\/wp-content\/uploads\/2025\/01\/hot-spring-highlife-envoy-speaker.jpg","type":"image\/jpeg"}],"twitter_card":"summary_large_image","twitter_misc":{"Estimated reading time":"3 minutes"},"schema":{"@context":"https:\/\/schema.org","@graph":[{"@type":"WebPage","@id":"https:\/\/status-wellness.pt\/spas\/acessorios\/entretenimento\/","url":"https:\/\/status-wellness.pt\/spas\/acessorios\/entretenimento\/","name":"Entertainment - Accessories","isPartOf":{"@id":"https:\/\/status-wellness.pt\/#website"},"primaryImageOfPage":{"@id":"https:\/\/status-wellness.pt\/spas\/acessorios\/entretenimento\/#primaryimage"},"image":{"@id":"https:\/\/status-wellness.pt\/spas\/acessorios\/entretenimento\/#primaryimage"},"thumbnailUrl":"https:\/\/status-wellness.pt\/wp-content\/uploads\/2025\/01\/hot-spring-highlife-envoy-speaker.jpg","datePublished":"2023-11-05T15:07:05+00:00","dateModified":"2026-03-22T14:51:34+00:00","description":"Discover entertainment options to elevate your spa experience. Music, lights and more to relax and enjoy to the fullest.","breadcrumb":{"@id":"https:\/\/status-wellness.pt\/spas\/acessorios\/entretenimento\/#breadcrumb"},"inLanguage":"en-GB","potentialAction":[{"@type":"ReadAction","target":["https:\/\/status-wellness.pt\/spas\/acessorios\/entretenimento\/"]}]},{"@type":"ImageObject","inLanguage":"en-GB","@id":"https:\/\/status-wellness.pt\/spas\/acessorios\/entretenimento\/#primaryimage","url":"https:\/\/status-wellness.pt\/wp-content\/uploads\/2025\/01\/hot-spring-highlife-envoy-speaker.jpg","contentUrl":"https:\/\/status-wellness.pt\/wp-content\/uploads\/2025\/01\/hot-spring-highlife-envoy-speaker.jpg","width":1600,"height":1200},{"@type":"BreadcrumbList","@id":"https:\/\/status-wellness.pt\/spas\/acessorios\/entretenimento\/#breadcrumb","itemListElement":[{"@type":"ListItem","position":1,"name":"Home","item":"https:\/\/status-wellness.pt\/"},{"@type":"ListItem","position":2,"name":"Spas","item":"https:\/\/status-wellness.pt\/spas\/"},{"@type":"ListItem","position":3,"name":"Acess\u00f3rios para spas","item":"https:\/\/status-wellness.pt\/spas\/acessorios\/"},{"@type":"ListItem","position":4,"name":"Entretenimento"}]},{"@type":"WebSite","@id":"https:\/\/status-wellness.pt\/#website","url":"https:\/\/status-wellness.pt\/","name":"STATUS Wellness","description":"Spas Exteriores, Jacuzzis e Saunas","publisher":{"@id":"https:\/\/status-wellness.pt\/#organization"},"alternateName":"STATUS Wellness","potentialAction":[{"@type":"SearchAction","target":{"@type":"EntryPoint","urlTemplate":"https:\/\/status-wellness.pt\/?s={search_term_string}"},"query-input":{"@type":"PropertyValueSpecification","valueRequired":true,"valueName":"search_term_string"}}],"inLanguage":"en-GB"},{"@type":"Organization","@id":"https:\/\/status-wellness.pt\/#organization","name":"STATUS Wellness","url":"https:\/\/status-wellness.pt\/","logo":{"@type":"ImageObject","inLanguage":"en-GB","@id":"https:\/\/status-wellness.pt\/#\/schema\/logo\/image\/","url":"https:\/\/status-wellness.pt\/wp-content\/uploads\/2023\/02\/cropped-icon.png","contentUrl":"https:\/\/status-wellness.pt\/wp-content\/uploads\/2023\/02\/cropped-icon.png","width":512,"height":512,"caption":"STATUS Wellness"},"image":{"@id":"https:\/\/status-wellness.pt\/#\/schema\/logo\/image\/"},"sameAs":["https:\/\/www.facebook.com\/statuswellness","https:\/\/www.instagram.com\/status_wellness\/"]}]}},"_links":{"self":[{"href":"https:\/\/status-wellness.pt\/en\/wp-json\/wp\/v2\/pages\/3214","targetHints":{"allow":["GET"]}}],"collection":[{"href":"https:\/\/status-wellness.pt\/en\/wp-json\/wp\/v2\/pages"}],"about":[{"href":"https:\/\/status-wellness.pt\/en\/wp-json\/wp\/v2\/types\/page"}],"author":[{"embeddable":true,"href":"https:\/\/status-wellness.pt\/en\/wp-json\/wp\/v2\/users\/1"}],"replies":[{"embeddable":true,"href":"https:\/\/status-wellness.pt\/en\/wp-json\/wp\/v2\/comments?post=3214"}],"version-history":[{"count":21,"href":"https:\/\/status-wellness.pt\/en\/wp-json\/wp\/v2\/pages\/3214\/revisions"}],"predecessor-version":[{"id":11063,"href":"https:\/\/status-wellness.pt\/en\/wp-json\/wp\/v2\/pages\/3214\/revisions\/11063"}],"up":[{"embeddable":true,"href":"https:\/\/status-wellness.pt\/en\/wp-json\/wp\/v2\/pages\/3057"}],"wp:featuredmedia":[{"embeddable":true,"href":"https:\/\/status-wellness.pt\/en\/wp-json\/wp\/v2\/media\/9606"}],"wp:attachment":[{"href":"https:\/\/status-wellness.pt\/en\/wp-json\/wp\/v2\/media?parent=3214"}],"curies":[{"name":"wp","href":"https:\/\/api.w.org\/{rel}","templated":true}]}}