{"id":479,"date":"2023-02-08T13:13:47","date_gmt":"2023-02-08T13:13:47","guid":{"rendered":"https:\/\/demo.icodi.pt\/statuswellness\/?page_id=479"},"modified":"2026-03-22T15:11:36","modified_gmt":"2026-03-22T15:11:36","slug":"sistema-de-sal-freshwater","status":"publish","type":"page","link":"https:\/\/status-wellness.pt\/en\/spas\/vantagens\/agua\/sistema-de-sal-freshwater\/","title":{"rendered":"FreshWater\u00ae Salt System"},"content":{"rendered":"<div data-elementor-type=\"wp-page\" data-elementor-id=\"479\" class=\"elementor elementor-479\" data-elementor-post-type=\"page\">\n\t\t\t\t\t\t<section class=\"elementor-section elementor-top-section elementor-element elementor-element-746b03b elementor-section-boxed elementor-section-height-default elementor-section-height-default\" data-id=\"746b03b\" data-element_type=\"section\" data-e-type=\"section\">\n\t\t\t\t\t\t<div class=\"elementor-container elementor-column-gap-default\">\n\t\t\t\t\t<div class=\"elementor-column elementor-col-100 elementor-top-column elementor-element elementor-element-13ec157\" data-id=\"13ec157\" data-element_type=\"column\" data-e-type=\"column\" data-settings=\"{&quot;background_background&quot;:&quot;classic&quot;}\">\n\t\t\t<div class=\"elementor-widget-wrap elementor-element-populated\">\n\t\t\t\t\t<div class=\"elementor-background-overlay\"><\/div>\n\t\t\t\t\t\t<div class=\"elementor-element elementor-element-3fd4d39 elementor-widget elementor-widget-heading\" data-id=\"3fd4d39\" data-element_type=\"widget\" data-e-type=\"widget\" data-widget_type=\"heading.default\">\n\t\t\t\t<div class=\"elementor-widget-container\">\n\t\t\t\t\t<h1 class=\"elementor-heading-title elementor-size-default\">FreshWater\u00ae Salt System<\/h1>\t\t\t\t<\/div>\n\t\t\t\t<\/div>\n\t\t\t\t\t<\/div>\n\t\t<\/div>\n\t\t\t\t\t<\/div>\n\t\t<\/section>\n\t\t\t\t<section class=\"elementor-section elementor-top-section elementor-element elementor-element-5f853a8 elementor-section-boxed elementor-section-height-default elementor-section-height-default\" data-id=\"5f853a8\" data-element_type=\"section\" data-e-type=\"section\" data-settings=\"{&quot;background_background&quot;:&quot;classic&quot;}\">\n\t\t\t\t\t\t<div class=\"elementor-container elementor-column-gap-default\">\n\t\t\t\t\t<div class=\"elementor-column elementor-col-100 elementor-top-column elementor-element elementor-element-faaa637\" data-id=\"faaa637\" data-element_type=\"column\" data-e-type=\"column\">\n\t\t\t<div class=\"elementor-widget-wrap elementor-element-populated\">\n\t\t\t\t\t\t<div class=\"elementor-element elementor-element-df76748 elementor-widget elementor-widget-heading\" data-id=\"df76748\" data-element_type=\"widget\" data-e-type=\"widget\" data-widget_type=\"heading.default\">\n\t\t\t\t<div class=\"elementor-widget-container\">\n\t\t\t\t\t<h2 class=\"elementor-heading-title elementor-size-default\">Try our best thermal water<\/h2>\t\t\t\t<\/div>\n\t\t\t\t<\/div>\n\t\t\t\t<div class=\"elementor-element elementor-element-290182c elementor-widget elementor-widget-text-editor\" data-id=\"290182c\" data-element_type=\"widget\" data-e-type=\"widget\" data-widget_type=\"text-editor.default\">\n\t\t\t\t<div class=\"elementor-widget-container\">\n\t\t\t\t\t\t\t\t\t<p>Available at all spas <a href=\"https:\/\/status-wellness.pt\/en\/spas\/highlife\/\">Highlife\u00ae Collection<\/a> and <a href=\"https:\/\/status-wellness.pt\/en\/spas\/limelight\/\">Limelight\u00ae Collection<\/a>, this salt water system is the simple way to keep your spa water clean, clear and sanitized for up to a full year.* With just a little salt in your spa water, the system automatically generates chlorine so you spend less time measuring and adding chemicals. This unique system <a href=\"https:\/\/www.hotspring.com\/shop\/water-care\/freshwater-salt-system\">Hotspring<\/a> helps you spend less time maintaining your spa and more time enjoying it. Furthermore, it provides practicality and efficiency when caring for your spa, allowing you to enjoy relaxing moments without worrying about maintenance.<\/p><p>\u2013 More natural feeling water, no itchy, dry skin or eyes<br \/>\u2013 Fewer added chemicals and no strong odors<br \/>\u2013 Simple water care means more time to enjoy your spa<br \/>\u2013 Save water by reducing spa draining and refills for up to a year*<\/p>\t\t\t\t\t\t\t\t<\/div>\n\t\t\t\t<\/div>\n\t\t\t\t<div class=\"elementor-element elementor-element-08c1264 elementor-widget elementor-widget-video\" data-id=\"08c1264\" data-element_type=\"widget\" data-e-type=\"widget\" data-settings=\"{&quot;youtube_url&quot;:&quot;https:\\\/\\\/www.youtube.com\\\/watch?v=xNVous-YlOs&quot;,&quot;video_type&quot;:&quot;youtube&quot;,&quot;controls&quot;:&quot;yes&quot;}\" data-widget_type=\"video.default\">\n\t\t\t\t<div class=\"elementor-widget-container\">\n\t\t\t\t\t\t\t<div class=\"elementor-wrapper elementor-open-inline\">\n\t\t\t<div class=\"elementor-video\"><\/div>\t\t<\/div>\n\t\t\t\t\t\t<\/div>\n\t\t\t\t<\/div>\n\t\t\t\t\t<\/div>\n\t\t<\/div>\n\t\t\t\t\t<\/div>\n\t\t<\/section>\n\t\t\t\t<section class=\"elementor-section elementor-top-section elementor-element elementor-element-727ad34 elementor-section-boxed elementor-section-height-default elementor-section-height-default\" data-id=\"727ad34\" data-element_type=\"section\" data-e-type=\"section\" data-settings=\"{&quot;background_background&quot;:&quot;classic&quot;}\">\n\t\t\t\t\t\t<div class=\"elementor-container elementor-column-gap-default\">\n\t\t\t\t\t<div class=\"elementor-column elementor-col-100 elementor-top-column elementor-element elementor-element-1af7cb8\" data-id=\"1af7cb8\" data-element_type=\"column\" data-e-type=\"column\">\n\t\t\t<div class=\"elementor-widget-wrap elementor-element-populated\">\n\t\t\t\t\t\t<div class=\"elementor-element elementor-element-30c1a87 elementor-widget elementor-widget-text-editor\" data-id=\"30c1a87\" data-element_type=\"widget\" data-e-type=\"widget\" data-widget_type=\"text-editor.default\">\n\t\t\t\t<div class=\"elementor-widget-container\">\n\t\t\t\t\t\t\t\t\t<p>As you can see above, one of the main concerns of owning a spa is taking care of the water. Plus, watch this video to learn how the FreshWater Salt System lets you spend more time relaxing in your hot tub and almost no time doing maintenance.<\/p><p>The exclusive FreshWater Salt System is an option for all spa models <a href=\"https:\/\/status-wellness.pt\/en\/spas\/highlife\/\">Highlife\u00ae Collection<\/a> and <a href=\"https:\/\/status-wellness.pt\/en\/spas\/limelight\/\">Limelight\u00ae Collection<\/a>.<\/p>\t\t\t\t\t\t\t\t<\/div>\n\t\t\t\t<\/div>\n\t\t\t\t<div class=\"elementor-element elementor-element-956ac4e elementor-widget elementor-widget-video\" data-id=\"956ac4e\" data-element_type=\"widget\" data-e-type=\"widget\" data-settings=\"{&quot;youtube_url&quot;:&quot;https:\\\/\\\/www.youtube.com\\\/watch?list=TLGGbeor96iivGEwODAyMjAyMw&amp;v=D9TQ5csOvbA&quot;,&quot;video_type&quot;:&quot;youtube&quot;,&quot;controls&quot;:&quot;yes&quot;}\" data-widget_type=\"video.default\">\n\t\t\t\t<div class=\"elementor-widget-container\">\n\t\t\t\t\t\t\t<div class=\"elementor-wrapper elementor-open-inline\">\n\t\t\t<div class=\"elementor-video\"><\/div>\t\t<\/div>\n\t\t\t\t\t\t<\/div>\n\t\t\t\t<\/div>\n\t\t\t\t\t<\/div>\n\t\t<\/div>\n\t\t\t\t\t<\/div>\n\t\t<\/section>\n\t\t\t\t<section class=\"elementor-section elementor-top-section elementor-element elementor-element-92d5b50 elementor-section-boxed elementor-section-height-default elementor-section-height-default\" data-id=\"92d5b50\" data-element_type=\"section\" data-e-type=\"section\" data-settings=\"{&quot;background_background&quot;:&quot;classic&quot;}\">\n\t\t\t\t\t\t<div class=\"elementor-container elementor-column-gap-default\">\n\t\t\t\t\t<div class=\"elementor-column elementor-col-100 elementor-top-column elementor-element elementor-element-70d8729\" data-id=\"70d8729\" data-element_type=\"column\" data-e-type=\"column\">\n\t\t\t<div class=\"elementor-widget-wrap elementor-element-populated\">\n\t\t\t\t\t\t<div class=\"elementor-element elementor-element-7cee32e elementor-widget elementor-widget-heading\" data-id=\"7cee32e\" data-element_type=\"widget\" data-e-type=\"widget\" data-widget_type=\"heading.default\">\n\t\t\t\t<div class=\"elementor-widget-container\">\n\t\t\t\t\t<h2 class=\"elementor-heading-title elementor-size-default\">How it works<\/h2>\t\t\t\t<\/div>\n\t\t\t\t<\/div>\n\t\t\t\t<div class=\"elementor-element elementor-element-a4bbf62 elementor-widget elementor-widget-text-editor\" data-id=\"a4bbf62\" data-element_type=\"widget\" data-e-type=\"widget\" data-widget_type=\"text-editor.default\">\n\t\t\t\t<div class=\"elementor-widget-container\">\n\t\t\t\t\t\t\t\t\t<p>Exclusive, patent-pending technology makes the FreshWater Salt System a revolution in hot tub water treatment. The titanium cartridge creates chlorine from salt to disinfect the spa water. Use the control panel to set the system level required to clean the water based on your usage needs.<\/p><p>The control panel prompts you to check the water with a test strip every 10 days and adjust the system if necessary. It also indicates when the system needs attention and instructs you on the steps to take. It's so easy. The disposable cartridge never needs maintenance and lasts up to four months. With just three cartridge changes, water stays clean and sanitized for up to a full year, providing the best spa water possible.*<\/p><p>Indeed, with fewer additives and fewer chemicals, spa water stays cleaner for longer. Spa water lasts up to 12 months before needing to be drained and refilled. *Plus, the FreshWater Salt System saves maintenance time and therefore saves water.<\/p>\t\t\t\t\t\t\t\t<\/div>\n\t\t\t\t<\/div>\n\t\t\t\t<div class=\"elementor-element elementor-element-423e1ba elementor-widget elementor-widget-image\" data-id=\"423e1ba\" data-element_type=\"widget\" data-e-type=\"widget\" data-widget_type=\"image.default\">\n\t\t\t\t<div class=\"elementor-widget-container\">\n\t\t\t\t\t\t\t\t\t\t\t\t\t\t\t<img fetchpriority=\"high\" decoding=\"async\" width=\"384\" height=\"256\" src=\"https:\/\/status-wellness.pt\/wp-content\/uploads\/2023\/02\/Freshwater-384x256-A.webp\" class=\"attachment-large size-large wp-image-483\" alt=\"\" srcset=\"https:\/\/status-wellness.pt\/wp-content\/uploads\/2023\/02\/Freshwater-384x256-A.webp 384w, https:\/\/status-wellness.pt\/wp-content\/uploads\/2023\/02\/Freshwater-384x256-A-300x200.webp 300w\" sizes=\"(max-width: 384px) 100vw, 384px\" \/>\t\t\t\t\t\t\t\t\t\t\t\t\t\t\t<\/div>\n\t\t\t\t<\/div>\n\t\t\t\t<div class=\"elementor-element elementor-element-6265b2f elementor-widget elementor-widget-text-editor\" data-id=\"6265b2f\" data-element_type=\"widget\" data-e-type=\"widget\" data-widget_type=\"text-editor.default\">\n\t\t\t\t<div class=\"elementor-widget-container\">\n\t\t\t\t\t\t\t\t\t<p>The disposable titanium cartridge, hidden in the spa, is easy to replace in just a few seconds, without tools.<\/p>\t\t\t\t\t\t\t\t<\/div>\n\t\t\t\t<\/div>\n\t\t\t\t<div class=\"elementor-element elementor-element-00a90e5 elementor-widget elementor-widget-image\" data-id=\"00a90e5\" data-element_type=\"widget\" data-e-type=\"widget\" data-widget_type=\"image.default\">\n\t\t\t\t<div class=\"elementor-widget-container\">\n\t\t\t\t\t\t\t\t\t\t\t\t\t\t\t<img decoding=\"async\" width=\"800\" height=\"534\" src=\"https:\/\/status-wellness.pt\/wp-content\/uploads\/2023\/02\/Freshwater-384x256-b-1024x683-1.webp\" class=\"attachment-large size-large wp-image-484\" alt=\"\" srcset=\"https:\/\/status-wellness.pt\/wp-content\/uploads\/2023\/02\/Freshwater-384x256-b-1024x683-1.webp 1024w, https:\/\/status-wellness.pt\/wp-content\/uploads\/2023\/02\/Freshwater-384x256-b-1024x683-1-300x200.webp 300w, https:\/\/status-wellness.pt\/wp-content\/uploads\/2023\/02\/Freshwater-384x256-b-1024x683-1-768x512.webp 768w\" sizes=\"(max-width: 800px) 100vw, 800px\" \/>\t\t\t\t\t\t\t\t\t\t\t\t\t\t\t<\/div>\n\t\t\t\t<\/div>\n\t\t\t\t<div class=\"elementor-element elementor-element-194e605 elementor-widget elementor-widget-text-editor\" data-id=\"194e605\" data-element_type=\"widget\" data-e-type=\"widget\" data-widget_type=\"text-editor.default\">\n\t\t\t\t<div class=\"elementor-widget-container\">\n\t\t\t\t\t\t\t\t\t<p>A pack of 3 FreshWater Salt System titanium cartridges to provide up to a year of water treatment.*<\/p>\t\t\t\t\t\t\t\t<\/div>\n\t\t\t\t<\/div>\n\t\t\t\t<div class=\"elementor-element elementor-element-3717d89 elementor-widget elementor-widget-text-editor\" data-id=\"3717d89\" data-element_type=\"widget\" data-e-type=\"widget\" data-widget_type=\"text-editor.default\">\n\t\t\t\t<div class=\"elementor-widget-container\">\n\t\t\t\t\t\t\t\t\t<p>*Many factors affect the life of spa water, such as bather load and water chemistry. When these factors are taken into consideration and the spa is properly maintained, the FreshWater Salt system will keep the water clean and clear for up to a full year.<\/p>\t\t\t\t\t\t\t\t<\/div>\n\t\t\t\t<\/div>\n\t\t\t\t\t<\/div>\n\t\t<\/div>\n\t\t\t\t\t<\/div>\n\t\t<\/section>\n\t\t\t\t<\/div>","protected":false},"excerpt":{"rendered":"<p>Sistema de sal FreshWater\u00ae Experimente a nossa melhor \u00e1gua termal Dispon\u00edvel em todos os spas Highlife\u00ae Collection e Limelight\u00ae Collection, este sistema de \u00e1gua salgada \u00e9 a maneira simples de manter a \u00e1gua do spa limpa, l\u00edmpida e higienizada por at\u00e9 um ano inteiro.* Com apenas um pouco de sal na \u00e1gua do spa, o [&hellip;]<\/p>\n","protected":false},"author":1,"featured_media":483,"parent":737,"menu_order":0,"comment_status":"closed","ping_status":"closed","template":"","meta":{"footnotes":""},"class_list":["post-479","page","type-page","status-publish","has-post-thumbnail","hentry"],"yoast_head":"<!-- This site is optimized with the Yoast SEO Premium plugin v20.4 (Yoast SEO v27.1.1) - https:\/\/yoast.com\/product\/yoast-seo-premium-wordpress\/ -->\n<title>Sistema de sal FreshWater\u00ae - Status Wellness<\/title>\n<meta name=\"description\" content=\"Mantenha seu spa limpo e higienizado por at\u00e9 um ano com o sistema de sal freshwater. Menos tempo em manuten\u00e7\u00e3o, mais tempo aproveitando!\" \/>\n<meta name=\"robots\" content=\"index, follow, max-snippet:-1, max-image-preview:large, max-video-preview:-1\" \/>\n<link rel=\"canonical\" href=\"https:\/\/status-wellness.pt\/en\/spas\/vantagens\/agua\/sistema-de-sal-freshwater\/\" \/>\n<meta property=\"og:locale\" content=\"en_GB\" \/>\n<meta property=\"og:type\" content=\"article\" \/>\n<meta property=\"og:title\" content=\"Sistema de sal FreshWater\u00ae - Status Wellness\" \/>\n<meta property=\"og:description\" content=\"Mantenha seu spa limpo e higienizado por at\u00e9 um ano com o sistema de sal freshwater. Menos tempo em manuten\u00e7\u00e3o, mais tempo aproveitando!\" \/>\n<meta property=\"og:url\" content=\"https:\/\/status-wellness.pt\/en\/spas\/vantagens\/agua\/sistema-de-sal-freshwater\/\" \/>\n<meta property=\"og:site_name\" content=\"Status Wellness\" \/>\n<meta property=\"article:publisher\" content=\"https:\/\/www.facebook.com\/statuswellness\" \/>\n<meta property=\"article:modified_time\" content=\"2026-03-22T15:11:36+00:00\" \/>\n<meta property=\"og:image\" content=\"https:\/\/status-wellness.pt\/wp-content\/uploads\/2023\/02\/Freshwater-384x256-A.webp\" \/>\n\t<meta property=\"og:image:width\" content=\"384\" \/>\n\t<meta property=\"og:image:height\" content=\"256\" \/>\n\t<meta property=\"og:image:type\" content=\"image\/webp\" \/>\n<meta name=\"twitter:card\" content=\"summary_large_image\" \/>\n<meta name=\"twitter:label1\" content=\"Estimated reading time\" \/>\n\t<meta name=\"twitter:data1\" content=\"4 minutes\" \/>\n<script type=\"application\/ld+json\" class=\"yoast-schema-graph\">{\"@context\":\"https:\/\/schema.org\",\"@graph\":[{\"@type\":\"WebPage\",\"@id\":\"https:\/\/status-wellness.pt\/spas\/vantagens\/agua\/sistema-de-sal-freshwater\/\",\"url\":\"https:\/\/status-wellness.pt\/spas\/vantagens\/agua\/sistema-de-sal-freshwater\/\",\"name\":\"Sistema de sal FreshWater\u00ae - Status Wellness\",\"isPartOf\":{\"@id\":\"https:\/\/status-wellness.pt\/#website\"},\"primaryImageOfPage\":{\"@id\":\"https:\/\/status-wellness.pt\/spas\/vantagens\/agua\/sistema-de-sal-freshwater\/#primaryimage\"},\"image\":{\"@id\":\"https:\/\/status-wellness.pt\/spas\/vantagens\/agua\/sistema-de-sal-freshwater\/#primaryimage\"},\"thumbnailUrl\":\"https:\/\/status-wellness.pt\/wp-content\/uploads\/2023\/02\/Freshwater-384x256-A.webp\",\"datePublished\":\"2023-02-08T13:13:47+00:00\",\"dateModified\":\"2026-03-22T15:11:36+00:00\",\"description\":\"Mantenha seu spa limpo e higienizado por at\u00e9 um ano com o sistema de sal freshwater. Menos tempo em manuten\u00e7\u00e3o, mais tempo aproveitando!\",\"breadcrumb\":{\"@id\":\"https:\/\/status-wellness.pt\/spas\/vantagens\/agua\/sistema-de-sal-freshwater\/#breadcrumb\"},\"inLanguage\":\"en-GB\",\"potentialAction\":[{\"@type\":\"ReadAction\",\"target\":[\"https:\/\/status-wellness.pt\/spas\/vantagens\/agua\/sistema-de-sal-freshwater\/\"]}]},{\"@type\":\"ImageObject\",\"inLanguage\":\"en-GB\",\"@id\":\"https:\/\/status-wellness.pt\/spas\/vantagens\/agua\/sistema-de-sal-freshwater\/#primaryimage\",\"url\":\"https:\/\/status-wellness.pt\/wp-content\/uploads\/2023\/02\/Freshwater-384x256-A.webp\",\"contentUrl\":\"https:\/\/status-wellness.pt\/wp-content\/uploads\/2023\/02\/Freshwater-384x256-A.webp\",\"width\":384,\"height\":256},{\"@type\":\"BreadcrumbList\",\"@id\":\"https:\/\/status-wellness.pt\/spas\/vantagens\/agua\/sistema-de-sal-freshwater\/#breadcrumb\",\"itemListElement\":[{\"@type\":\"ListItem\",\"position\":1,\"name\":\"Home\",\"item\":\"https:\/\/status-wellness.pt\/\"},{\"@type\":\"ListItem\",\"position\":2,\"name\":\"Spas\",\"item\":\"https:\/\/status-wellness.pt\/spas\/\"},{\"@type\":\"ListItem\",\"position\":3,\"name\":\"Vantagens dos Spas\",\"item\":\"https:\/\/status-wellness.pt\/spas\/vantagens\/\"},{\"@type\":\"ListItem\",\"position\":4,\"name\":\"\u00c1gua\",\"item\":\"https:\/\/status-wellness.pt\/spas\/vantagens\/agua\/\"},{\"@type\":\"ListItem\",\"position\":5,\"name\":\"Sistema de sal FreshWater\u00ae\"}]},{\"@type\":\"WebSite\",\"@id\":\"https:\/\/status-wellness.pt\/#website\",\"url\":\"https:\/\/status-wellness.pt\/\",\"name\":\"STATUS Wellness\",\"description\":\"Spas Exteriores, Jacuzzis e Saunas\",\"publisher\":{\"@id\":\"https:\/\/status-wellness.pt\/#organization\"},\"alternateName\":\"STATUS Wellness\",\"potentialAction\":[{\"@type\":\"SearchAction\",\"target\":{\"@type\":\"EntryPoint\",\"urlTemplate\":\"https:\/\/status-wellness.pt\/?s={search_term_string}\"},\"query-input\":{\"@type\":\"PropertyValueSpecification\",\"valueRequired\":true,\"valueName\":\"search_term_string\"}}],\"inLanguage\":\"en-GB\"},{\"@type\":\"Organization\",\"@id\":\"https:\/\/status-wellness.pt\/#organization\",\"name\":\"STATUS Wellness\",\"url\":\"https:\/\/status-wellness.pt\/\",\"logo\":{\"@type\":\"ImageObject\",\"inLanguage\":\"en-GB\",\"@id\":\"https:\/\/status-wellness.pt\/#\/schema\/logo\/image\/\",\"url\":\"https:\/\/status-wellness.pt\/wp-content\/uploads\/2023\/02\/cropped-icon.png\",\"contentUrl\":\"https:\/\/status-wellness.pt\/wp-content\/uploads\/2023\/02\/cropped-icon.png\",\"width\":512,\"height\":512,\"caption\":\"STATUS Wellness\"},\"image\":{\"@id\":\"https:\/\/status-wellness.pt\/#\/schema\/logo\/image\/\"},\"sameAs\":[\"https:\/\/www.facebook.com\/statuswellness\",\"https:\/\/www.instagram.com\/status_wellness\/\"]}]}<\/script>\n<!-- \/ Yoast SEO Premium plugin. -->","yoast_head_json":{"title":"Sistema de sal FreshWater\u00ae - Status Wellness","description":"Mantenha seu spa limpo e higienizado por at\u00e9 um ano com o sistema de sal freshwater. Menos tempo em manuten\u00e7\u00e3o, mais tempo aproveitando!","robots":{"index":"index","follow":"follow","max-snippet":"max-snippet:-1","max-image-preview":"max-image-preview:large","max-video-preview":"max-video-preview:-1"},"canonical":"https:\/\/status-wellness.pt\/en\/spas\/vantagens\/agua\/sistema-de-sal-freshwater\/","og_locale":"en_GB","og_type":"article","og_title":"Sistema de sal FreshWater\u00ae - Status Wellness","og_description":"Mantenha seu spa limpo e higienizado por at\u00e9 um ano com o sistema de sal freshwater. Menos tempo em manuten\u00e7\u00e3o, mais tempo aproveitando!","og_url":"https:\/\/status-wellness.pt\/en\/spas\/vantagens\/agua\/sistema-de-sal-freshwater\/","og_site_name":"Status Wellness","article_publisher":"https:\/\/www.facebook.com\/statuswellness","article_modified_time":"2026-03-22T15:11:36+00:00","og_image":[{"width":384,"height":256,"url":"https:\/\/status-wellness.pt\/wp-content\/uploads\/2023\/02\/Freshwater-384x256-A.webp","type":"image\/webp"}],"twitter_card":"summary_large_image","twitter_misc":{"Estimated reading time":"4 minutes"},"schema":{"@context":"https:\/\/schema.org","@graph":[{"@type":"WebPage","@id":"https:\/\/status-wellness.pt\/spas\/vantagens\/agua\/sistema-de-sal-freshwater\/","url":"https:\/\/status-wellness.pt\/spas\/vantagens\/agua\/sistema-de-sal-freshwater\/","name":"Sistema de sal FreshWater\u00ae - Status Wellness","isPartOf":{"@id":"https:\/\/status-wellness.pt\/#website"},"primaryImageOfPage":{"@id":"https:\/\/status-wellness.pt\/spas\/vantagens\/agua\/sistema-de-sal-freshwater\/#primaryimage"},"image":{"@id":"https:\/\/status-wellness.pt\/spas\/vantagens\/agua\/sistema-de-sal-freshwater\/#primaryimage"},"thumbnailUrl":"https:\/\/status-wellness.pt\/wp-content\/uploads\/2023\/02\/Freshwater-384x256-A.webp","datePublished":"2023-02-08T13:13:47+00:00","dateModified":"2026-03-22T15:11:36+00:00","description":"Mantenha seu spa limpo e higienizado por at\u00e9 um ano com o sistema de sal freshwater. Menos tempo em manuten\u00e7\u00e3o, mais tempo aproveitando!","breadcrumb":{"@id":"https:\/\/status-wellness.pt\/spas\/vantagens\/agua\/sistema-de-sal-freshwater\/#breadcrumb"},"inLanguage":"en-GB","potentialAction":[{"@type":"ReadAction","target":["https:\/\/status-wellness.pt\/spas\/vantagens\/agua\/sistema-de-sal-freshwater\/"]}]},{"@type":"ImageObject","inLanguage":"en-GB","@id":"https:\/\/status-wellness.pt\/spas\/vantagens\/agua\/sistema-de-sal-freshwater\/#primaryimage","url":"https:\/\/status-wellness.pt\/wp-content\/uploads\/2023\/02\/Freshwater-384x256-A.webp","contentUrl":"https:\/\/status-wellness.pt\/wp-content\/uploads\/2023\/02\/Freshwater-384x256-A.webp","width":384,"height":256},{"@type":"BreadcrumbList","@id":"https:\/\/status-wellness.pt\/spas\/vantagens\/agua\/sistema-de-sal-freshwater\/#breadcrumb","itemListElement":[{"@type":"ListItem","position":1,"name":"Home","item":"https:\/\/status-wellness.pt\/"},{"@type":"ListItem","position":2,"name":"Spas","item":"https:\/\/status-wellness.pt\/spas\/"},{"@type":"ListItem","position":3,"name":"Vantagens dos Spas","item":"https:\/\/status-wellness.pt\/spas\/vantagens\/"},{"@type":"ListItem","position":4,"name":"\u00c1gua","item":"https:\/\/status-wellness.pt\/spas\/vantagens\/agua\/"},{"@type":"ListItem","position":5,"name":"Sistema de sal FreshWater\u00ae"}]},{"@type":"WebSite","@id":"https:\/\/status-wellness.pt\/#website","url":"https:\/\/status-wellness.pt\/","name":"STATUS Wellness","description":"Spas Exteriores, Jacuzzis e Saunas","publisher":{"@id":"https:\/\/status-wellness.pt\/#organization"},"alternateName":"STATUS Wellness","potentialAction":[{"@type":"SearchAction","target":{"@type":"EntryPoint","urlTemplate":"https:\/\/status-wellness.pt\/?s={search_term_string}"},"query-input":{"@type":"PropertyValueSpecification","valueRequired":true,"valueName":"search_term_string"}}],"inLanguage":"en-GB"},{"@type":"Organization","@id":"https:\/\/status-wellness.pt\/#organization","name":"STATUS Wellness","url":"https:\/\/status-wellness.pt\/","logo":{"@type":"ImageObject","inLanguage":"en-GB","@id":"https:\/\/status-wellness.pt\/#\/schema\/logo\/image\/","url":"https:\/\/status-wellness.pt\/wp-content\/uploads\/2023\/02\/cropped-icon.png","contentUrl":"https:\/\/status-wellness.pt\/wp-content\/uploads\/2023\/02\/cropped-icon.png","width":512,"height":512,"caption":"STATUS Wellness"},"image":{"@id":"https:\/\/status-wellness.pt\/#\/schema\/logo\/image\/"},"sameAs":["https:\/\/www.facebook.com\/statuswellness","https:\/\/www.instagram.com\/status_wellness\/"]}]}},"_links":{"self":[{"href":"https:\/\/status-wellness.pt\/en\/wp-json\/wp\/v2\/pages\/479","targetHints":{"allow":["GET"]}}],"collection":[{"href":"https:\/\/status-wellness.pt\/en\/wp-json\/wp\/v2\/pages"}],"about":[{"href":"https:\/\/status-wellness.pt\/en\/wp-json\/wp\/v2\/types\/page"}],"author":[{"embeddable":true,"href":"https:\/\/status-wellness.pt\/en\/wp-json\/wp\/v2\/users\/1"}],"replies":[{"embeddable":true,"href":"https:\/\/status-wellness.pt\/en\/wp-json\/wp\/v2\/comments?post=479"}],"version-history":[{"count":48,"href":"https:\/\/status-wellness.pt\/en\/wp-json\/wp\/v2\/pages\/479\/revisions"}],"predecessor-version":[{"id":11088,"href":"https:\/\/status-wellness.pt\/en\/wp-json\/wp\/v2\/pages\/479\/revisions\/11088"}],"up":[{"embeddable":true,"href":"https:\/\/status-wellness.pt\/en\/wp-json\/wp\/v2\/pages\/737"}],"wp:featuredmedia":[{"embeddable":true,"href":"https:\/\/status-wellness.pt\/en\/wp-json\/wp\/v2\/media\/483"}],"wp:attachment":[{"href":"https:\/\/status-wellness.pt\/en\/wp-json\/wp\/v2\/media?parent=479"}],"curies":[{"name":"wp","href":"https:\/\/api.w.org\/{rel}","templated":true}]}}