{"id":753,"date":"2023-02-13T20:33:51","date_gmt":"2023-02-13T20:33:51","guid":{"rendered":"https:\/\/demo.icodi.pt\/statuswellness\/?page_id=753"},"modified":"2026-03-22T15:11:24","modified_gmt":"2026-03-22T15:11:24","slug":"sistema-de-ozono-freshwater","status":"publish","type":"page","link":"https:\/\/status-wellness.pt\/en\/spas\/vantagens\/agua\/sistema-de-ozono-freshwater\/","title":{"rendered":"FreshWater\u00ae Ozone System"},"content":{"rendered":"<div data-elementor-type=\"wp-page\" data-elementor-id=\"753\" class=\"elementor elementor-753\" data-elementor-post-type=\"page\">\n\t\t\t\t\t\t<section class=\"elementor-section elementor-top-section elementor-element elementor-element-bcc2053 elementor-section-boxed elementor-section-height-default elementor-section-height-default\" data-id=\"bcc2053\" data-element_type=\"section\" data-e-type=\"section\">\n\t\t\t\t\t\t<div class=\"elementor-container elementor-column-gap-default\">\n\t\t\t\t\t<div class=\"elementor-column elementor-col-100 elementor-top-column elementor-element elementor-element-32f8345\" data-id=\"32f8345\" data-element_type=\"column\" data-e-type=\"column\" data-settings=\"{&quot;background_background&quot;:&quot;classic&quot;}\">\n\t\t\t<div class=\"elementor-widget-wrap elementor-element-populated\">\n\t\t\t\t\t<div class=\"elementor-background-overlay\"><\/div>\n\t\t\t\t\t\t<div class=\"elementor-element elementor-element-48d0219 elementor-widget elementor-widget-heading\" data-id=\"48d0219\" data-element_type=\"widget\" data-e-type=\"widget\" data-widget_type=\"heading.default\">\n\t\t\t\t<div class=\"elementor-widget-container\">\n\t\t\t\t\t<h1 class=\"elementor-heading-title elementor-size-default\"><a href=\"https:\/\/status-wellness.pt\/en\/spas\/vantagens\/agua\/\">FreshWater\u00ae Ozone System<\/a><\/h1>\t\t\t\t<\/div>\n\t\t\t\t<\/div>\n\t\t\t\t\t<\/div>\n\t\t<\/div>\n\t\t\t\t\t<\/div>\n\t\t<\/section>\n\t\t\t\t<section class=\"elementor-section elementor-top-section elementor-element elementor-element-0abd2af elementor-section-boxed elementor-section-height-default elementor-section-height-default\" data-id=\"0abd2af\" data-element_type=\"section\" data-e-type=\"section\" data-settings=\"{&quot;background_background&quot;:&quot;classic&quot;}\">\n\t\t\t\t\t\t<div class=\"elementor-container elementor-column-gap-default\">\n\t\t\t\t\t<div class=\"elementor-column elementor-col-100 elementor-top-column elementor-element elementor-element-ad7e44d\" data-id=\"ad7e44d\" data-element_type=\"column\" data-e-type=\"column\">\n\t\t\t<div class=\"elementor-widget-wrap elementor-element-populated\">\n\t\t\t\t\t\t<div class=\"elementor-element elementor-element-9917001 elementor-widget elementor-widget-text-editor\" data-id=\"9917001\" data-element_type=\"widget\" data-e-type=\"widget\" data-widget_type=\"text-editor.default\">\n\t\t\t\t<div class=\"elementor-widget-container\">\n\t\t\t\t\t\t\t\t\t<p>Keep the water in your spa clean <a href=\"https:\/\/www.hotspring.com\/shop\/water-care\/freshwater-ozone-system\">Hot Spring<\/a>, while reducing the need for chlorine. This system combines the cleaning power of the FreshWater high-performance ozone generator<sup>\u00ae<\/sup>\u00a0III with FreshWater MPS chlorine-free oxidizer and silver ions for contaminant protection.<\/p>\t\t\t\t\t\t\t\t<\/div>\n\t\t\t\t<\/div>\n\t\t\t\t<div class=\"elementor-element elementor-element-7f79765 elementor-widget elementor-widget-heading\" data-id=\"7f79765\" data-element_type=\"widget\" data-e-type=\"widget\" data-widget_type=\"heading.default\">\n\t\t\t\t<div class=\"elementor-widget-container\">\n\t\t\t\t\t<h2 class=\"elementor-heading-title elementor-size-default\">Benefits<\/h2>\t\t\t\t<\/div>\n\t\t\t\t<\/div>\n\t\t\t\t<div class=\"elementor-element elementor-element-02945b6 elementor-widget elementor-widget-text-editor\" data-id=\"02945b6\" data-element_type=\"widget\" data-e-type=\"widget\" data-widget_type=\"text-editor.default\">\n\t\t\t\t<div class=\"elementor-widget-container\">\n\t\t\t\t\t\t\t\t\t<p>\u2013 Continuous cleaning.Ozone and silver ions are continuously released into the spa water.<\/p><p>\u2013 Easy maintenance.Simply dose the spa water with MPS each time the spa is used and add chlorine weekly.<\/p><p>\u2013 Reduced chlorine levels.Enjoy safely sanitized spa water, without the need for a constant residual chlorine level.<\/p><p><strong>HIGH PRODUCTION OZONE<\/strong><br \/>Corona discharge cell technology generates a high concentration of ozone that works to neutralize contaminants on contact and improve water quality.<\/p><p><strong>MPS CHLORINE-FREE OXIDIZER<\/strong><br \/>This fast-acting formula refreshes and brightens spa water. Furthermore, it has a neutral pH, so it does not alter the chemistry of the water.<\/p><p><strong>SILVER ION PURIFIER<\/strong><br \/>The FreshWater Ag+\u00ae continuous silver ion purifier further reduces the need for chlorine by inhibiting bacterial growth. Silver ions are released into the water automatically, so there is no opportunity for under or overdosing. Simply replace the cartridge every four months.<\/p><p><strong>MPS TEST STRIPS<\/strong><br \/>Use the test strips to monitor your spa's MPS, pH and alkalinity levels when using MPS Non-Chlorine Oxidizer.<\/p>\t\t\t\t\t\t\t\t<\/div>\n\t\t\t\t<\/div>\n\t\t\t\t\t<\/div>\n\t\t<\/div>\n\t\t\t\t\t<\/div>\n\t\t<\/section>\n\t\t\t\t<\/div>","protected":false},"excerpt":{"rendered":"<p>Sistema de ozono FreshWater\u00ae Mantenha a \u00e1gua limpa no seu spa Hot Spring, ao mesmo tempo que reduz a necessidade de cloro. Este sistema combina o poder de limpeza do gerador de ozono de alto rendimento FreshWater\u00ae\u00a0III com o oxidante sem cloro FreshWater MPS e \u00edons de prata para prote\u00e7\u00e3o contra contaminantes. Benef\u00edcios &#8211; Limpeza [&hellip;]<\/p>\n","protected":false},"author":1,"featured_media":742,"parent":737,"menu_order":0,"comment_status":"closed","ping_status":"closed","template":"","meta":{"footnotes":""},"class_list":["post-753","page","type-page","status-publish","has-post-thumbnail","hentry"],"yoast_head":"<!-- This site is optimized with the Yoast SEO Premium plugin v20.4 (Yoast SEO v27.1.1) - https:\/\/yoast.com\/product\/yoast-seo-premium-wordpress\/ -->\n<title>Sistema de ozono FreshWater\u00ae\u200b - Status Wellness<\/title>\n<meta name=\"description\" content=\"Desfrute de um spa limpo com o sistema de ozono FreshWater\u00ae\u200b. Manuten\u00e7\u00e3o f\u00e1cil, n\u00edveis reduzidos de cloro e purifica\u00e7\u00e3o cont\u00ednua.\" \/>\n<meta name=\"robots\" content=\"index, follow, max-snippet:-1, max-image-preview:large, max-video-preview:-1\" \/>\n<link rel=\"canonical\" href=\"https:\/\/status-wellness.pt\/en\/spas\/vantagens\/agua\/sistema-de-ozono-freshwater\/\" \/>\n<meta property=\"og:locale\" content=\"en_GB\" \/>\n<meta property=\"og:type\" content=\"article\" \/>\n<meta property=\"og:title\" content=\"Sistema de ozono FreshWater\u00ae\u200b - Status Wellness\" \/>\n<meta property=\"og:description\" content=\"Desfrute de um spa limpo com o sistema de ozono FreshWater\u00ae\u200b. Manuten\u00e7\u00e3o f\u00e1cil, n\u00edveis reduzidos de cloro e purifica\u00e7\u00e3o cont\u00ednua.\" \/>\n<meta property=\"og:url\" content=\"https:\/\/status-wellness.pt\/en\/spas\/vantagens\/agua\/sistema-de-ozono-freshwater\/\" \/>\n<meta property=\"og:site_name\" content=\"Status Wellness\" \/>\n<meta property=\"article:publisher\" content=\"https:\/\/www.facebook.com\/statuswellness\" \/>\n<meta property=\"article:modified_time\" content=\"2026-03-22T15:11:24+00:00\" \/>\n<meta property=\"og:image\" content=\"https:\/\/status-wellness.pt\/wp-content\/uploads\/2023\/02\/freshwater-ozone-system1-e1676316450696.jpg\" \/>\n\t<meta property=\"og:image:width\" content=\"711\" \/>\n\t<meta property=\"og:image:height\" content=\"574\" \/>\n\t<meta property=\"og:image:type\" content=\"image\/jpeg\" \/>\n<meta name=\"twitter:card\" content=\"summary_large_image\" \/>\n<meta name=\"twitter:label1\" content=\"Estimated reading time\" \/>\n\t<meta name=\"twitter:data1\" content=\"2 minutes\" \/>\n<script type=\"application\/ld+json\" class=\"yoast-schema-graph\">{\"@context\":\"https:\/\/schema.org\",\"@graph\":[{\"@type\":\"WebPage\",\"@id\":\"https:\/\/status-wellness.pt\/spas\/vantagens\/agua\/sistema-de-ozono-freshwater\/\",\"url\":\"https:\/\/status-wellness.pt\/spas\/vantagens\/agua\/sistema-de-ozono-freshwater\/\",\"name\":\"Sistema de ozono FreshWater\u00ae\u200b - Status Wellness\",\"isPartOf\":{\"@id\":\"https:\/\/status-wellness.pt\/#website\"},\"primaryImageOfPage\":{\"@id\":\"https:\/\/status-wellness.pt\/spas\/vantagens\/agua\/sistema-de-ozono-freshwater\/#primaryimage\"},\"image\":{\"@id\":\"https:\/\/status-wellness.pt\/spas\/vantagens\/agua\/sistema-de-ozono-freshwater\/#primaryimage\"},\"thumbnailUrl\":\"https:\/\/status-wellness.pt\/wp-content\/uploads\/2023\/02\/freshwater-ozone-system1-e1676316450696.jpg\",\"datePublished\":\"2023-02-13T20:33:51+00:00\",\"dateModified\":\"2026-03-22T15:11:24+00:00\",\"description\":\"Desfrute de um spa limpo com o sistema de ozono FreshWater\u00ae\u200b. Manuten\u00e7\u00e3o f\u00e1cil, n\u00edveis reduzidos de cloro e purifica\u00e7\u00e3o cont\u00ednua.\",\"breadcrumb\":{\"@id\":\"https:\/\/status-wellness.pt\/spas\/vantagens\/agua\/sistema-de-ozono-freshwater\/#breadcrumb\"},\"inLanguage\":\"en-GB\",\"potentialAction\":[{\"@type\":\"ReadAction\",\"target\":[\"https:\/\/status-wellness.pt\/spas\/vantagens\/agua\/sistema-de-ozono-freshwater\/\"]}]},{\"@type\":\"ImageObject\",\"inLanguage\":\"en-GB\",\"@id\":\"https:\/\/status-wellness.pt\/spas\/vantagens\/agua\/sistema-de-ozono-freshwater\/#primaryimage\",\"url\":\"https:\/\/status-wellness.pt\/wp-content\/uploads\/2023\/02\/freshwater-ozone-system1-e1676316450696.jpg\",\"contentUrl\":\"https:\/\/status-wellness.pt\/wp-content\/uploads\/2023\/02\/freshwater-ozone-system1-e1676316450696.jpg\",\"width\":711,\"height\":574,\"caption\":\"Boy in spa\"},{\"@type\":\"BreadcrumbList\",\"@id\":\"https:\/\/status-wellness.pt\/spas\/vantagens\/agua\/sistema-de-ozono-freshwater\/#breadcrumb\",\"itemListElement\":[{\"@type\":\"ListItem\",\"position\":1,\"name\":\"Home\",\"item\":\"https:\/\/status-wellness.pt\/\"},{\"@type\":\"ListItem\",\"position\":2,\"name\":\"Spas\",\"item\":\"https:\/\/status-wellness.pt\/spas\/\"},{\"@type\":\"ListItem\",\"position\":3,\"name\":\"Vantagens dos Spas\",\"item\":\"https:\/\/status-wellness.pt\/spas\/vantagens\/\"},{\"@type\":\"ListItem\",\"position\":4,\"name\":\"\u00c1gua\",\"item\":\"https:\/\/status-wellness.pt\/spas\/vantagens\/agua\/\"},{\"@type\":\"ListItem\",\"position\":5,\"name\":\"Sistema de ozono FreshWater\u00ae\u200b\"}]},{\"@type\":\"WebSite\",\"@id\":\"https:\/\/status-wellness.pt\/#website\",\"url\":\"https:\/\/status-wellness.pt\/\",\"name\":\"STATUS Wellness\",\"description\":\"Spas Exteriores, Jacuzzis e Saunas\",\"publisher\":{\"@id\":\"https:\/\/status-wellness.pt\/#organization\"},\"alternateName\":\"STATUS Wellness\",\"potentialAction\":[{\"@type\":\"SearchAction\",\"target\":{\"@type\":\"EntryPoint\",\"urlTemplate\":\"https:\/\/status-wellness.pt\/?s={search_term_string}\"},\"query-input\":{\"@type\":\"PropertyValueSpecification\",\"valueRequired\":true,\"valueName\":\"search_term_string\"}}],\"inLanguage\":\"en-GB\"},{\"@type\":\"Organization\",\"@id\":\"https:\/\/status-wellness.pt\/#organization\",\"name\":\"STATUS Wellness\",\"url\":\"https:\/\/status-wellness.pt\/\",\"logo\":{\"@type\":\"ImageObject\",\"inLanguage\":\"en-GB\",\"@id\":\"https:\/\/status-wellness.pt\/#\/schema\/logo\/image\/\",\"url\":\"https:\/\/status-wellness.pt\/wp-content\/uploads\/2023\/02\/cropped-icon.png\",\"contentUrl\":\"https:\/\/status-wellness.pt\/wp-content\/uploads\/2023\/02\/cropped-icon.png\",\"width\":512,\"height\":512,\"caption\":\"STATUS Wellness\"},\"image\":{\"@id\":\"https:\/\/status-wellness.pt\/#\/schema\/logo\/image\/\"},\"sameAs\":[\"https:\/\/www.facebook.com\/statuswellness\",\"https:\/\/www.instagram.com\/status_wellness\/\"]}]}<\/script>\n<!-- \/ Yoast SEO Premium plugin. -->","yoast_head_json":{"title":"Sistema de ozono FreshWater\u00ae\u200b - Status Wellness","description":"Desfrute de um spa limpo com o sistema de ozono FreshWater\u00ae\u200b. Manuten\u00e7\u00e3o f\u00e1cil, n\u00edveis reduzidos de cloro e purifica\u00e7\u00e3o cont\u00ednua.","robots":{"index":"index","follow":"follow","max-snippet":"max-snippet:-1","max-image-preview":"max-image-preview:large","max-video-preview":"max-video-preview:-1"},"canonical":"https:\/\/status-wellness.pt\/en\/spas\/vantagens\/agua\/sistema-de-ozono-freshwater\/","og_locale":"en_GB","og_type":"article","og_title":"Sistema de ozono FreshWater\u00ae\u200b - Status Wellness","og_description":"Desfrute de um spa limpo com o sistema de ozono FreshWater\u00ae\u200b. Manuten\u00e7\u00e3o f\u00e1cil, n\u00edveis reduzidos de cloro e purifica\u00e7\u00e3o cont\u00ednua.","og_url":"https:\/\/status-wellness.pt\/en\/spas\/vantagens\/agua\/sistema-de-ozono-freshwater\/","og_site_name":"Status Wellness","article_publisher":"https:\/\/www.facebook.com\/statuswellness","article_modified_time":"2026-03-22T15:11:24+00:00","og_image":[{"width":711,"height":574,"url":"https:\/\/status-wellness.pt\/wp-content\/uploads\/2023\/02\/freshwater-ozone-system1-e1676316450696.jpg","type":"image\/jpeg"}],"twitter_card":"summary_large_image","twitter_misc":{"Estimated reading time":"2 minutes"},"schema":{"@context":"https:\/\/schema.org","@graph":[{"@type":"WebPage","@id":"https:\/\/status-wellness.pt\/spas\/vantagens\/agua\/sistema-de-ozono-freshwater\/","url":"https:\/\/status-wellness.pt\/spas\/vantagens\/agua\/sistema-de-ozono-freshwater\/","name":"Sistema de ozono FreshWater\u00ae\u200b - Status Wellness","isPartOf":{"@id":"https:\/\/status-wellness.pt\/#website"},"primaryImageOfPage":{"@id":"https:\/\/status-wellness.pt\/spas\/vantagens\/agua\/sistema-de-ozono-freshwater\/#primaryimage"},"image":{"@id":"https:\/\/status-wellness.pt\/spas\/vantagens\/agua\/sistema-de-ozono-freshwater\/#primaryimage"},"thumbnailUrl":"https:\/\/status-wellness.pt\/wp-content\/uploads\/2023\/02\/freshwater-ozone-system1-e1676316450696.jpg","datePublished":"2023-02-13T20:33:51+00:00","dateModified":"2026-03-22T15:11:24+00:00","description":"Desfrute de um spa limpo com o sistema de ozono FreshWater\u00ae\u200b. Manuten\u00e7\u00e3o f\u00e1cil, n\u00edveis reduzidos de cloro e purifica\u00e7\u00e3o cont\u00ednua.","breadcrumb":{"@id":"https:\/\/status-wellness.pt\/spas\/vantagens\/agua\/sistema-de-ozono-freshwater\/#breadcrumb"},"inLanguage":"en-GB","potentialAction":[{"@type":"ReadAction","target":["https:\/\/status-wellness.pt\/spas\/vantagens\/agua\/sistema-de-ozono-freshwater\/"]}]},{"@type":"ImageObject","inLanguage":"en-GB","@id":"https:\/\/status-wellness.pt\/spas\/vantagens\/agua\/sistema-de-ozono-freshwater\/#primaryimage","url":"https:\/\/status-wellness.pt\/wp-content\/uploads\/2023\/02\/freshwater-ozone-system1-e1676316450696.jpg","contentUrl":"https:\/\/status-wellness.pt\/wp-content\/uploads\/2023\/02\/freshwater-ozone-system1-e1676316450696.jpg","width":711,"height":574,"caption":"Boy in spa"},{"@type":"BreadcrumbList","@id":"https:\/\/status-wellness.pt\/spas\/vantagens\/agua\/sistema-de-ozono-freshwater\/#breadcrumb","itemListElement":[{"@type":"ListItem","position":1,"name":"Home","item":"https:\/\/status-wellness.pt\/"},{"@type":"ListItem","position":2,"name":"Spas","item":"https:\/\/status-wellness.pt\/spas\/"},{"@type":"ListItem","position":3,"name":"Vantagens dos Spas","item":"https:\/\/status-wellness.pt\/spas\/vantagens\/"},{"@type":"ListItem","position":4,"name":"\u00c1gua","item":"https:\/\/status-wellness.pt\/spas\/vantagens\/agua\/"},{"@type":"ListItem","position":5,"name":"Sistema de ozono FreshWater\u00ae\u200b"}]},{"@type":"WebSite","@id":"https:\/\/status-wellness.pt\/#website","url":"https:\/\/status-wellness.pt\/","name":"STATUS Wellness","description":"Spas Exteriores, Jacuzzis e Saunas","publisher":{"@id":"https:\/\/status-wellness.pt\/#organization"},"alternateName":"STATUS Wellness","potentialAction":[{"@type":"SearchAction","target":{"@type":"EntryPoint","urlTemplate":"https:\/\/status-wellness.pt\/?s={search_term_string}"},"query-input":{"@type":"PropertyValueSpecification","valueRequired":true,"valueName":"search_term_string"}}],"inLanguage":"en-GB"},{"@type":"Organization","@id":"https:\/\/status-wellness.pt\/#organization","name":"STATUS Wellness","url":"https:\/\/status-wellness.pt\/","logo":{"@type":"ImageObject","inLanguage":"en-GB","@id":"https:\/\/status-wellness.pt\/#\/schema\/logo\/image\/","url":"https:\/\/status-wellness.pt\/wp-content\/uploads\/2023\/02\/cropped-icon.png","contentUrl":"https:\/\/status-wellness.pt\/wp-content\/uploads\/2023\/02\/cropped-icon.png","width":512,"height":512,"caption":"STATUS Wellness"},"image":{"@id":"https:\/\/status-wellness.pt\/#\/schema\/logo\/image\/"},"sameAs":["https:\/\/www.facebook.com\/statuswellness","https:\/\/www.instagram.com\/status_wellness\/"]}]}},"_links":{"self":[{"href":"https:\/\/status-wellness.pt\/en\/wp-json\/wp\/v2\/pages\/753","targetHints":{"allow":["GET"]}}],"collection":[{"href":"https:\/\/status-wellness.pt\/en\/wp-json\/wp\/v2\/pages"}],"about":[{"href":"https:\/\/status-wellness.pt\/en\/wp-json\/wp\/v2\/types\/page"}],"author":[{"embeddable":true,"href":"https:\/\/status-wellness.pt\/en\/wp-json\/wp\/v2\/users\/1"}],"replies":[{"embeddable":true,"href":"https:\/\/status-wellness.pt\/en\/wp-json\/wp\/v2\/comments?post=753"}],"version-history":[{"count":30,"href":"https:\/\/status-wellness.pt\/en\/wp-json\/wp\/v2\/pages\/753\/revisions"}],"predecessor-version":[{"id":11087,"href":"https:\/\/status-wellness.pt\/en\/wp-json\/wp\/v2\/pages\/753\/revisions\/11087"}],"up":[{"embeddable":true,"href":"https:\/\/status-wellness.pt\/en\/wp-json\/wp\/v2\/pages\/737"}],"wp:featuredmedia":[{"embeddable":true,"href":"https:\/\/status-wellness.pt\/en\/wp-json\/wp\/v2\/media\/742"}],"wp:attachment":[{"href":"https:\/\/status-wellness.pt\/en\/wp-json\/wp\/v2\/media?parent=753"}],"curies":[{"name":"wp","href":"https:\/\/api.w.org\/{rel}","templated":true}]}}