{"id":770,"date":"2023-02-13T20:42:30","date_gmt":"2023-02-13T20:42:30","guid":{"rendered":"https:\/\/demo.icodi.pt\/statuswellness\/?page_id=770"},"modified":"2026-03-22T15:12:08","modified_gmt":"2026-03-22T15:12:08","slug":"sistema-de-sanitazacao-frog","status":"publish","type":"page","link":"https:\/\/status-wellness.pt\/en\/spas\/vantagens\/agua\/sistema-de-sanitazacao-frog\/","title":{"rendered":"Frog Sanitation System"},"content":{"rendered":"<div data-elementor-type=\"wp-page\" data-elementor-id=\"770\" class=\"elementor elementor-770\" data-elementor-post-type=\"page\">\n\t\t\t\t\t\t<section class=\"elementor-section elementor-top-section elementor-element elementor-element-cb4ba0f elementor-section-boxed elementor-section-height-default elementor-section-height-default\" data-id=\"cb4ba0f\" data-element_type=\"section\" data-e-type=\"section\">\n\t\t\t\t\t\t<div class=\"elementor-container elementor-column-gap-default\">\n\t\t\t\t\t<div class=\"elementor-column elementor-col-100 elementor-top-column elementor-element elementor-element-352b650\" data-id=\"352b650\" data-element_type=\"column\" data-e-type=\"column\" data-settings=\"{&quot;background_background&quot;:&quot;classic&quot;}\">\n\t\t\t<div class=\"elementor-widget-wrap elementor-element-populated\">\n\t\t\t\t\t<div class=\"elementor-background-overlay\"><\/div>\n\t\t\t\t\t\t<div class=\"elementor-element elementor-element-e6d54d5 elementor-widget elementor-widget-heading\" data-id=\"e6d54d5\" data-element_type=\"widget\" data-e-type=\"widget\" data-widget_type=\"heading.default\">\n\t\t\t\t<div class=\"elementor-widget-container\">\n\t\t\t\t\t<h1 class=\"elementor-heading-title elementor-size-default\">Frog\u2122 Sanitation System\u200b<\/h1>\t\t\t\t<\/div>\n\t\t\t\t<\/div>\n\t\t\t\t\t<\/div>\n\t\t<\/div>\n\t\t\t\t\t<\/div>\n\t\t<\/section>\n\t\t\t\t<section class=\"elementor-section elementor-top-section elementor-element elementor-element-fe7dfaf elementor-section-boxed elementor-section-height-default elementor-section-height-default\" data-id=\"fe7dfaf\" data-element_type=\"section\" data-e-type=\"section\" data-settings=\"{&quot;background_background&quot;:&quot;classic&quot;}\">\n\t\t\t\t\t\t<div class=\"elementor-container elementor-column-gap-default\">\n\t\t\t\t\t<div class=\"elementor-column elementor-col-100 elementor-top-column elementor-element elementor-element-2c6da53\" data-id=\"2c6da53\" data-element_type=\"column\" data-e-type=\"column\">\n\t\t\t<div class=\"elementor-widget-wrap elementor-element-populated\">\n\t\t\t\t\t\t<div class=\"elementor-element elementor-element-a28f820 elementor-widget elementor-widget-heading\" data-id=\"a28f820\" data-element_type=\"widget\" data-e-type=\"widget\" data-widget_type=\"heading.default\">\n\t\t\t\t<div class=\"elementor-widget-container\">\n\t\t\t\t\t<h2 class=\"elementor-heading-title elementor-size-default\">Continuous sanitation system<\/h2>\t\t\t\t<\/div>\n\t\t\t\t<\/div>\n\t\t\t\t<div class=\"elementor-element elementor-element-1f4e870 elementor-widget elementor-widget-text-editor\" data-id=\"1f4e870\" data-element_type=\"widget\" data-e-type=\"widget\" data-widget_type=\"text-editor.default\">\n\t\t\t\t<div class=\"elementor-widget-container\">\n\t\t\t\t\t\t\t\t\t<p>The Frog sanitization system is bromine-based and is formulated to work effectively in warm water. The system is integrated into the spa shell where it operates in a continuous manner.<\/p><p>Instead of measuring chemicals, simply replace the cartridge which lasts for weeks or months. The cartridge has a dial that is adjustable depending on how often the spa is used. Bromine is less harmful to the skin, meaning the FROG system requires fewer chemicals, making it easier to use the spa as often as you want. Combine Frog Toilet System Cartridges with the optional FreshWater \u00ae III Ozone System for more effective spa water treatment <a href=\"https:\/\/www.hotspring.com\/shop\/water-care\/frog-ease-chlorine-system\">Hot Spring<\/a>. Additionally, the simplicity of the FROG system allows for easy and convenient maintenance while providing a healthier and more enjoyable spa experience.<\/p>\t\t\t\t\t\t\t\t<\/div>\n\t\t\t\t<\/div>\n\t\t\t\t<div class=\"elementor-element elementor-element-26b55e7 elementor-widget elementor-widget-spacer\" data-id=\"26b55e7\" data-element_type=\"widget\" data-e-type=\"widget\" data-widget_type=\"spacer.default\">\n\t\t\t\t<div class=\"elementor-widget-container\">\n\t\t\t\t\t\t\t<div class=\"elementor-spacer\">\n\t\t\t<div class=\"elementor-spacer-inner\"><\/div>\n\t\t<\/div>\n\t\t\t\t\t\t<\/div>\n\t\t\t\t<\/div>\n\t\t\t\t<div class=\"elementor-element elementor-element-33da0b3 elementor-widget elementor-widget-heading\" data-id=\"33da0b3\" data-element_type=\"widget\" data-e-type=\"widget\" data-widget_type=\"heading.default\">\n\t\t\t\t<div class=\"elementor-widget-container\">\n\t\t\t\t\t<h3 class=\"elementor-heading-title elementor-size-default\">Benefits<\/h3>\t\t\t\t<\/div>\n\t\t\t\t<\/div>\n\t\t\t\t<div class=\"elementor-element elementor-element-f9eeb36 elementor-widget__width-initial elementor-widget elementor-widget-text-editor\" data-id=\"f9eeb36\" data-element_type=\"widget\" data-e-type=\"widget\" data-widget_type=\"text-editor.default\">\n\t\t\t\t<div class=\"elementor-widget-container\">\n\t\t\t\t\t\t\t\t\t<div class=\"elementor-element elementor-element-1169cb3e elementor-widget elementor-widget-heading\" data-id=\"1169cb3e\" data-element_type=\"widget\" data-widget_type=\"heading.default\">\n<div class=\"elementor-widget-container\">\n<p><span style=\"font-size: 16px;\">\u2013 Kills bacteria using 75% less chlorine than traditional methods<\/span><\/p>\n<p>\u2013 Kills bacteria in two ways with chlorine and silver<\/p>\n<p>\u2013 Reduces shock to just once a month<\/p>\n<p>\u2013 SmartChlor cartridges last up to four weeks, depending on usage<\/p>\n<p><span style=\"color: var( --e-global-color-text ); font-family: var( --e-global-typography-text-font-family ), Sans-serif; font-weight: var( --e-global-typography-text-font-weight ); font-size: 1rem;\">\u2013 Mineral cartridges last up to four months or whenever you drain your spa<\/span><\/p>\n<p><span style=\"color: var( --e-global-color-text ); font-family: var( --e-global-typography-text-font-family ), Sans-serif; font-weight: var( --e-global-typography-text-font-weight ); font-size: 1rem;\">&#8211; Tiras de teste simples e <\/span><span class=\"at\" style=\"color: var( --e-global-color-text ); font-family: var( --e-global-typography-text-font-family ), Sans-serif; font-weight: var( --e-global-typography-text-font-weight ); font-size: 1rem;\">of<\/span><span style=\"color: var( --e-global-color-text ); font-family: var( --e-global-typography-text-font-family ), Sans-serif; font-weight: var( --e-global-typography-text-font-weight ); font-size: 1rem;\">&nbsp;uma cor facilitam a leitura dos n\u00edveis de cloro<\/span><\/p>\n<p><span style=\"color: var( --e-global-color-text ); font-family: var( --e-global-typography-text-font-family ), Sans-serif; font-weight: var( --e-global-typography-text-font-weight ); font-size: 1rem;\">\u2013 No chlorine smell or faded swimwear<\/span><\/p>\n<p><span style=\"color: var( --e-global-color-text ); font-family: var( --e-global-typography-text-font-family ), Sans-serif; font-weight: var( --e-global-typography-text-font-weight ); font-size: 1rem;\">\u2013 No need for daily or weekly maintenance<\/span><\/p>\n<\/div>\n<\/div>\t\t\t\t\t\t\t\t<\/div>\n\t\t\t\t<\/div>\n\t\t\t\t\t<\/div>\n\t\t<\/div>\n\t\t\t\t\t<\/div>\n\t\t<\/section>\n\t\t\t\t<\/div>","protected":false},"excerpt":{"rendered":"<p>Sistema de Sanitaza\u00e7\u00e3o Frog \u2122\u200b Sistema de sanitaza\u00e7\u00e3o cont\u00ednuo O sistema de sanitaza\u00e7\u00e3o Frog \u00e9 \u00e0 base de bromo e foi formulado para funcionar eficazmente em \u00e1gua morna. O sistema est\u00e1 integrado na concha do spa onde funciona atrav\u00e9s de uma forma cont\u00ednua. Em vez de medir os produtos qu\u00edmicos, basta substituir o cartucho que [&hellip;]<\/p>\n","protected":false},"author":1,"featured_media":775,"parent":737,"menu_order":0,"comment_status":"closed","ping_status":"closed","template":"","meta":{"footnotes":""},"class_list":["post-770","page","type-page","status-publish","has-post-thumbnail","hentry"],"yoast_head":"<!-- This site is optimized with the Yoast SEO Premium plugin v20.4 (Yoast SEO v27.1.1) - https:\/\/yoast.com\/product\/yoast-seo-premium-wordpress\/ -->\n<title>Sistema de Sanitaza\u00e7\u00e3o Frog - Status Wellness<\/title>\n<meta name=\"description\" content=\"Desfrute de \u00e1gua morna sem preocupa\u00e7\u00f5es com o sistema de sanitaza\u00e7\u00e3o frog. Substitua o cartucho ajust\u00e1vel para um spa, com menos qu\u00edmicos.\" \/>\n<meta name=\"robots\" content=\"index, follow, max-snippet:-1, max-image-preview:large, max-video-preview:-1\" \/>\n<link rel=\"canonical\" href=\"https:\/\/status-wellness.pt\/en\/spas\/vantagens\/agua\/sistema-de-sanitazacao-frog\/\" \/>\n<meta property=\"og:locale\" content=\"en_GB\" \/>\n<meta property=\"og:type\" content=\"article\" \/>\n<meta property=\"og:title\" content=\"Sistema de Sanitaza\u00e7\u00e3o Frog - Status Wellness\" \/>\n<meta property=\"og:description\" content=\"Desfrute de \u00e1gua morna sem preocupa\u00e7\u00f5es com o sistema de sanitaza\u00e7\u00e3o frog. Substitua o cartucho ajust\u00e1vel para um spa, com menos qu\u00edmicos.\" \/>\n<meta property=\"og:url\" content=\"https:\/\/status-wellness.pt\/en\/spas\/vantagens\/agua\/sistema-de-sanitazacao-frog\/\" \/>\n<meta property=\"og:site_name\" content=\"Status Wellness\" \/>\n<meta property=\"article:publisher\" content=\"https:\/\/www.facebook.com\/statuswellness\" \/>\n<meta property=\"article:modified_time\" content=\"2026-03-22T15:12:08+00:00\" \/>\n<meta property=\"og:image\" content=\"https:\/\/status-wellness.pt\/wp-content\/uploads\/2023\/02\/water-care-hero.jpg\" \/>\n\t<meta property=\"og:image:width\" content=\"1600\" \/>\n\t<meta property=\"og:image:height\" content=\"464\" \/>\n\t<meta property=\"og:image:type\" content=\"image\/jpeg\" \/>\n<meta name=\"twitter:card\" content=\"summary_large_image\" \/>\n<meta name=\"twitter:label1\" content=\"Estimated reading time\" \/>\n\t<meta name=\"twitter:data1\" content=\"2 minutes\" \/>\n<script type=\"application\/ld+json\" class=\"yoast-schema-graph\">{\"@context\":\"https:\/\/schema.org\",\"@graph\":[{\"@type\":\"WebPage\",\"@id\":\"https:\/\/status-wellness.pt\/spas\/vantagens\/agua\/sistema-de-sanitazacao-frog\/\",\"url\":\"https:\/\/status-wellness.pt\/spas\/vantagens\/agua\/sistema-de-sanitazacao-frog\/\",\"name\":\"Sistema de Sanitaza\u00e7\u00e3o Frog - Status Wellness\",\"isPartOf\":{\"@id\":\"https:\/\/status-wellness.pt\/#website\"},\"primaryImageOfPage\":{\"@id\":\"https:\/\/status-wellness.pt\/spas\/vantagens\/agua\/sistema-de-sanitazacao-frog\/#primaryimage\"},\"image\":{\"@id\":\"https:\/\/status-wellness.pt\/spas\/vantagens\/agua\/sistema-de-sanitazacao-frog\/#primaryimage\"},\"thumbnailUrl\":\"https:\/\/status-wellness.pt\/wp-content\/uploads\/2023\/02\/water-care-hero.jpg\",\"datePublished\":\"2023-02-13T20:42:30+00:00\",\"dateModified\":\"2026-03-22T15:12:08+00:00\",\"description\":\"Desfrute de \u00e1gua morna sem preocupa\u00e7\u00f5es com o sistema de sanitaza\u00e7\u00e3o frog. Substitua o cartucho ajust\u00e1vel para um spa, com menos qu\u00edmicos.\",\"breadcrumb\":{\"@id\":\"https:\/\/status-wellness.pt\/spas\/vantagens\/agua\/sistema-de-sanitazacao-frog\/#breadcrumb\"},\"inLanguage\":\"en-GB\",\"potentialAction\":[{\"@type\":\"ReadAction\",\"target\":[\"https:\/\/status-wellness.pt\/spas\/vantagens\/agua\/sistema-de-sanitazacao-frog\/\"]}]},{\"@type\":\"ImageObject\",\"inLanguage\":\"en-GB\",\"@id\":\"https:\/\/status-wellness.pt\/spas\/vantagens\/agua\/sistema-de-sanitazacao-frog\/#primaryimage\",\"url\":\"https:\/\/status-wellness.pt\/wp-content\/uploads\/2023\/02\/water-care-hero.jpg\",\"contentUrl\":\"https:\/\/status-wellness.pt\/wp-content\/uploads\/2023\/02\/water-care-hero.jpg\",\"width\":1600,\"height\":464},{\"@type\":\"BreadcrumbList\",\"@id\":\"https:\/\/status-wellness.pt\/spas\/vantagens\/agua\/sistema-de-sanitazacao-frog\/#breadcrumb\",\"itemListElement\":[{\"@type\":\"ListItem\",\"position\":1,\"name\":\"Home\",\"item\":\"https:\/\/status-wellness.pt\/\"},{\"@type\":\"ListItem\",\"position\":2,\"name\":\"Spas\",\"item\":\"https:\/\/status-wellness.pt\/spas\/\"},{\"@type\":\"ListItem\",\"position\":3,\"name\":\"Vantagens dos Spas\",\"item\":\"https:\/\/status-wellness.pt\/spas\/vantagens\/\"},{\"@type\":\"ListItem\",\"position\":4,\"name\":\"\u00c1gua\",\"item\":\"https:\/\/status-wellness.pt\/spas\/vantagens\/agua\/\"},{\"@type\":\"ListItem\",\"position\":5,\"name\":\"Sistema de Sanitaza\u00e7\u00e3o Frog\"}]},{\"@type\":\"WebSite\",\"@id\":\"https:\/\/status-wellness.pt\/#website\",\"url\":\"https:\/\/status-wellness.pt\/\",\"name\":\"STATUS Wellness\",\"description\":\"Spas Exteriores, Jacuzzis e Saunas\",\"publisher\":{\"@id\":\"https:\/\/status-wellness.pt\/#organization\"},\"alternateName\":\"STATUS Wellness\",\"potentialAction\":[{\"@type\":\"SearchAction\",\"target\":{\"@type\":\"EntryPoint\",\"urlTemplate\":\"https:\/\/status-wellness.pt\/?s={search_term_string}\"},\"query-input\":{\"@type\":\"PropertyValueSpecification\",\"valueRequired\":true,\"valueName\":\"search_term_string\"}}],\"inLanguage\":\"en-GB\"},{\"@type\":\"Organization\",\"@id\":\"https:\/\/status-wellness.pt\/#organization\",\"name\":\"STATUS Wellness\",\"url\":\"https:\/\/status-wellness.pt\/\",\"logo\":{\"@type\":\"ImageObject\",\"inLanguage\":\"en-GB\",\"@id\":\"https:\/\/status-wellness.pt\/#\/schema\/logo\/image\/\",\"url\":\"https:\/\/status-wellness.pt\/wp-content\/uploads\/2023\/02\/cropped-icon.png\",\"contentUrl\":\"https:\/\/status-wellness.pt\/wp-content\/uploads\/2023\/02\/cropped-icon.png\",\"width\":512,\"height\":512,\"caption\":\"STATUS Wellness\"},\"image\":{\"@id\":\"https:\/\/status-wellness.pt\/#\/schema\/logo\/image\/\"},\"sameAs\":[\"https:\/\/www.facebook.com\/statuswellness\",\"https:\/\/www.instagram.com\/status_wellness\/\"]}]}<\/script>\n<!-- \/ Yoast SEO Premium plugin. -->","yoast_head_json":{"title":"Sistema de Sanitaza\u00e7\u00e3o Frog - Status Wellness","description":"Desfrute de \u00e1gua morna sem preocupa\u00e7\u00f5es com o sistema de sanitaza\u00e7\u00e3o frog. Substitua o cartucho ajust\u00e1vel para um spa, com menos qu\u00edmicos.","robots":{"index":"index","follow":"follow","max-snippet":"max-snippet:-1","max-image-preview":"max-image-preview:large","max-video-preview":"max-video-preview:-1"},"canonical":"https:\/\/status-wellness.pt\/en\/spas\/vantagens\/agua\/sistema-de-sanitazacao-frog\/","og_locale":"en_GB","og_type":"article","og_title":"Sistema de Sanitaza\u00e7\u00e3o Frog - Status Wellness","og_description":"Desfrute de \u00e1gua morna sem preocupa\u00e7\u00f5es com o sistema de sanitaza\u00e7\u00e3o frog. Substitua o cartucho ajust\u00e1vel para um spa, com menos qu\u00edmicos.","og_url":"https:\/\/status-wellness.pt\/en\/spas\/vantagens\/agua\/sistema-de-sanitazacao-frog\/","og_site_name":"Status Wellness","article_publisher":"https:\/\/www.facebook.com\/statuswellness","article_modified_time":"2026-03-22T15:12:08+00:00","og_image":[{"width":1600,"height":464,"url":"https:\/\/status-wellness.pt\/wp-content\/uploads\/2023\/02\/water-care-hero.jpg","type":"image\/jpeg"}],"twitter_card":"summary_large_image","twitter_misc":{"Estimated reading time":"2 minutes"},"schema":{"@context":"https:\/\/schema.org","@graph":[{"@type":"WebPage","@id":"https:\/\/status-wellness.pt\/spas\/vantagens\/agua\/sistema-de-sanitazacao-frog\/","url":"https:\/\/status-wellness.pt\/spas\/vantagens\/agua\/sistema-de-sanitazacao-frog\/","name":"Sistema de Sanitaza\u00e7\u00e3o Frog - Status Wellness","isPartOf":{"@id":"https:\/\/status-wellness.pt\/#website"},"primaryImageOfPage":{"@id":"https:\/\/status-wellness.pt\/spas\/vantagens\/agua\/sistema-de-sanitazacao-frog\/#primaryimage"},"image":{"@id":"https:\/\/status-wellness.pt\/spas\/vantagens\/agua\/sistema-de-sanitazacao-frog\/#primaryimage"},"thumbnailUrl":"https:\/\/status-wellness.pt\/wp-content\/uploads\/2023\/02\/water-care-hero.jpg","datePublished":"2023-02-13T20:42:30+00:00","dateModified":"2026-03-22T15:12:08+00:00","description":"Desfrute de \u00e1gua morna sem preocupa\u00e7\u00f5es com o sistema de sanitaza\u00e7\u00e3o frog. Substitua o cartucho ajust\u00e1vel para um spa, com menos qu\u00edmicos.","breadcrumb":{"@id":"https:\/\/status-wellness.pt\/spas\/vantagens\/agua\/sistema-de-sanitazacao-frog\/#breadcrumb"},"inLanguage":"en-GB","potentialAction":[{"@type":"ReadAction","target":["https:\/\/status-wellness.pt\/spas\/vantagens\/agua\/sistema-de-sanitazacao-frog\/"]}]},{"@type":"ImageObject","inLanguage":"en-GB","@id":"https:\/\/status-wellness.pt\/spas\/vantagens\/agua\/sistema-de-sanitazacao-frog\/#primaryimage","url":"https:\/\/status-wellness.pt\/wp-content\/uploads\/2023\/02\/water-care-hero.jpg","contentUrl":"https:\/\/status-wellness.pt\/wp-content\/uploads\/2023\/02\/water-care-hero.jpg","width":1600,"height":464},{"@type":"BreadcrumbList","@id":"https:\/\/status-wellness.pt\/spas\/vantagens\/agua\/sistema-de-sanitazacao-frog\/#breadcrumb","itemListElement":[{"@type":"ListItem","position":1,"name":"Home","item":"https:\/\/status-wellness.pt\/"},{"@type":"ListItem","position":2,"name":"Spas","item":"https:\/\/status-wellness.pt\/spas\/"},{"@type":"ListItem","position":3,"name":"Vantagens dos Spas","item":"https:\/\/status-wellness.pt\/spas\/vantagens\/"},{"@type":"ListItem","position":4,"name":"\u00c1gua","item":"https:\/\/status-wellness.pt\/spas\/vantagens\/agua\/"},{"@type":"ListItem","position":5,"name":"Sistema de Sanitaza\u00e7\u00e3o Frog"}]},{"@type":"WebSite","@id":"https:\/\/status-wellness.pt\/#website","url":"https:\/\/status-wellness.pt\/","name":"STATUS Wellness","description":"Spas Exteriores, Jacuzzis e Saunas","publisher":{"@id":"https:\/\/status-wellness.pt\/#organization"},"alternateName":"STATUS Wellness","potentialAction":[{"@type":"SearchAction","target":{"@type":"EntryPoint","urlTemplate":"https:\/\/status-wellness.pt\/?s={search_term_string}"},"query-input":{"@type":"PropertyValueSpecification","valueRequired":true,"valueName":"search_term_string"}}],"inLanguage":"en-GB"},{"@type":"Organization","@id":"https:\/\/status-wellness.pt\/#organization","name":"STATUS Wellness","url":"https:\/\/status-wellness.pt\/","logo":{"@type":"ImageObject","inLanguage":"en-GB","@id":"https:\/\/status-wellness.pt\/#\/schema\/logo\/image\/","url":"https:\/\/status-wellness.pt\/wp-content\/uploads\/2023\/02\/cropped-icon.png","contentUrl":"https:\/\/status-wellness.pt\/wp-content\/uploads\/2023\/02\/cropped-icon.png","width":512,"height":512,"caption":"STATUS Wellness"},"image":{"@id":"https:\/\/status-wellness.pt\/#\/schema\/logo\/image\/"},"sameAs":["https:\/\/www.facebook.com\/statuswellness","https:\/\/www.instagram.com\/status_wellness\/"]}]}},"_links":{"self":[{"href":"https:\/\/status-wellness.pt\/en\/wp-json\/wp\/v2\/pages\/770","targetHints":{"allow":["GET"]}}],"collection":[{"href":"https:\/\/status-wellness.pt\/en\/wp-json\/wp\/v2\/pages"}],"about":[{"href":"https:\/\/status-wellness.pt\/en\/wp-json\/wp\/v2\/types\/page"}],"author":[{"embeddable":true,"href":"https:\/\/status-wellness.pt\/en\/wp-json\/wp\/v2\/users\/1"}],"replies":[{"embeddable":true,"href":"https:\/\/status-wellness.pt\/en\/wp-json\/wp\/v2\/comments?post=770"}],"version-history":[{"count":69,"href":"https:\/\/status-wellness.pt\/en\/wp-json\/wp\/v2\/pages\/770\/revisions"}],"predecessor-version":[{"id":11089,"href":"https:\/\/status-wellness.pt\/en\/wp-json\/wp\/v2\/pages\/770\/revisions\/11089"}],"up":[{"embeddable":true,"href":"https:\/\/status-wellness.pt\/en\/wp-json\/wp\/v2\/pages\/737"}],"wp:featuredmedia":[{"embeddable":true,"href":"https:\/\/status-wellness.pt\/en\/wp-json\/wp\/v2\/media\/775"}],"wp:attachment":[{"href":"https:\/\/status-wellness.pt\/en\/wp-json\/wp\/v2\/media?parent=770"}],"curies":[{"name":"wp","href":"https:\/\/api.w.org\/{rel}","templated":true}]}}