{"id":858,"date":"2023-02-14T10:53:01","date_gmt":"2023-02-14T10:53:01","guid":{"rendered":"https:\/\/demo.icodi.pt\/statuswellness\/?page_id=858"},"modified":"2026-03-26T08:22:26","modified_gmt":"2026-03-26T08:22:26","slug":"manutencao","status":"publish","type":"page","link":"https:\/\/status-wellness.pt\/en\/apoio-ao-cliente\/manutencao\/","title":{"rendered":"Maintenance"},"content":{"rendered":"<div data-elementor-type=\"wp-page\" data-elementor-id=\"858\" class=\"elementor elementor-858\" data-elementor-post-type=\"page\">\n\t\t\t\t\t\t<section class=\"elementor-section elementor-top-section elementor-element elementor-element-a6aafed elementor-section-boxed elementor-section-height-default elementor-section-height-default\" data-id=\"a6aafed\" data-element_type=\"section\" data-e-type=\"section\">\n\t\t\t\t\t\t<div class=\"elementor-container elementor-column-gap-default\">\n\t\t\t\t\t<div class=\"elementor-column elementor-col-100 elementor-top-column elementor-element elementor-element-9f8be12\" data-id=\"9f8be12\" data-element_type=\"column\" data-e-type=\"column\" data-settings=\"{&quot;background_background&quot;:&quot;classic&quot;}\">\n\t\t\t<div class=\"elementor-widget-wrap elementor-element-populated\">\n\t\t\t\t\t\t<div class=\"elementor-element elementor-element-8dbf1d3 elementor-widget elementor-widget-heading\" data-id=\"8dbf1d3\" data-element_type=\"widget\" data-e-type=\"widget\" data-widget_type=\"heading.default\">\n\t\t\t\t<div class=\"elementor-widget-container\">\n\t\t\t\t\t<h1 class=\"elementor-heading-title elementor-size-default\">Maintenance<\/h1>\t\t\t\t<\/div>\n\t\t\t\t<\/div>\n\t\t\t\t<div class=\"elementor-element elementor-element-5cf8a42 elementor-widget elementor-widget-text-editor\" data-id=\"5cf8a42\" data-element_type=\"widget\" data-e-type=\"widget\" data-widget_type=\"text-editor.default\">\n\t\t\t\t<div class=\"elementor-widget-container\">\n\t\t\t\t\t\t\t\t\t<p class=\"translation-block\">Regular maintenance of your <a href=\"https:\/\/status-wellness.pt\/en\/spas\/\" target=\"_self\"><strong>spa<\/strong><\/a> is crucial to ensuring it runs efficiently. and safe. A well-maintained spa not only provides a relaxing and invigorating experience, but also helps extend the life of the equipment. Below, we'll explore the various tips and products that help maintain your <a href=\"https:\/\/www.hotspring.com\/owners\/maintenance-and-tips\" target=\"_self\">Hotspring<\/a> spa.<\/p><p>Don\u2019t neglect your spa \u2013 start looking after your investment today and make the most of your relaxation time!<\/p>\t\t\t\t\t\t\t\t<\/div>\n\t\t\t\t<\/div>\n\t\t\t\t\t<\/div>\n\t\t<\/div>\n\t\t\t\t\t<\/div>\n\t\t<\/section>\n\t\t\t\t<section class=\"elementor-section elementor-top-section elementor-element elementor-element-16a0942 elementor-section-boxed elementor-section-height-default elementor-section-height-default\" data-id=\"16a0942\" data-element_type=\"section\" data-e-type=\"section\">\n\t\t\t\t\t\t<div class=\"elementor-container elementor-column-gap-default\">\n\t\t\t\t\t<div class=\"elementor-column elementor-col-100 elementor-top-column elementor-element elementor-element-75967a2\" data-id=\"75967a2\" data-element_type=\"column\" data-e-type=\"column\">\n\t\t\t<div class=\"elementor-widget-wrap elementor-element-populated\">\n\t\t\t\t\t\t<div class=\"elementor-element elementor-element-34e72ba elementor-widget elementor-widget-heading\" data-id=\"34e72ba\" data-element_type=\"widget\" data-e-type=\"widget\" data-widget_type=\"heading.default\">\n\t\t\t\t<div class=\"elementor-widget-container\">\n\t\t\t\t\t<h2 class=\"elementor-heading-title elementor-size-default\">Spa's<\/h2>\t\t\t\t<\/div>\n\t\t\t\t<\/div>\n\t\t\t\t\t<\/div>\n\t\t<\/div>\n\t\t\t\t\t<\/div>\n\t\t<\/section>\n\t\t\t\t<section class=\"elementor-section elementor-top-section elementor-element elementor-element-59780f9 elementor-section-boxed elementor-section-height-default elementor-section-height-default\" data-id=\"59780f9\" data-element_type=\"section\" data-e-type=\"section\">\n\t\t\t\t\t\t<div class=\"elementor-container elementor-column-gap-default\">\n\t\t\t\t\t<div class=\"elementor-column elementor-col-33 elementor-top-column elementor-element elementor-element-c6752ca\" data-id=\"c6752ca\" data-element_type=\"column\" data-e-type=\"column\" data-settings=\"{&quot;background_background&quot;:&quot;classic&quot;}\">\n\t\t\t<div class=\"elementor-widget-wrap elementor-element-populated\">\n\t\t\t\t\t\t<div class=\"elementor-element elementor-element-1be0fed elementor-widget elementor-widget-heading\" data-id=\"1be0fed\" data-element_type=\"widget\" data-e-type=\"widget\" data-widget_type=\"heading.default\">\n\t\t\t\t<div class=\"elementor-widget-container\">\n\t\t\t\t\t<h2 class=\"elementor-heading-title elementor-size-default\">Add chemicals in the spa<\/h2>\t\t\t\t<\/div>\n\t\t\t\t<\/div>\n\t\t\t\t<div class=\"elementor-element elementor-element-a98ba6e elementor-align-center elementor-widget elementor-widget-button\" data-id=\"a98ba6e\" data-element_type=\"widget\" data-e-type=\"widget\" data-widget_type=\"button.default\">\n\t\t\t\t<div class=\"elementor-widget-container\">\n\t\t\t\t\t\t\t\t\t<div class=\"elementor-button-wrapper\">\n\t\t\t\t\t<a class=\"elementor-button elementor-button-link elementor-size-sm\" href=\"https:\/\/status-wellness.pt\/en\/apoio-ao-cliente\/manutencao\/adicionar-produtos-quimicos-no-spa\/\" target=\"_blank\">\n\t\t\t\t\t\t<span class=\"elementor-button-content-wrapper\">\n\t\t\t\t\t\t\t\t\t<span class=\"elementor-button-text\">Know more<\/span>\n\t\t\t\t\t<\/span>\n\t\t\t\t\t<\/a>\n\t\t\t\t<\/div>\n\t\t\t\t\t\t\t\t<\/div>\n\t\t\t\t<\/div>\n\t\t\t\t\t<\/div>\n\t\t<\/div>\n\t\t\t\t<div class=\"elementor-column elementor-col-33 elementor-top-column elementor-element elementor-element-f46edaa\" data-id=\"f46edaa\" data-element_type=\"column\" data-e-type=\"column\" data-settings=\"{&quot;background_background&quot;:&quot;classic&quot;}\">\n\t\t\t<div class=\"elementor-widget-wrap elementor-element-populated\">\n\t\t\t\t\t\t<div class=\"elementor-element elementor-element-b972cf9 elementor-widget elementor-widget-heading\" data-id=\"b972cf9\" data-element_type=\"widget\" data-e-type=\"widget\" data-widget_type=\"heading.default\">\n\t\t\t\t<div class=\"elementor-widget-container\">\n\t\t\t\t\t<h2 class=\"elementor-heading-title elementor-size-default\">Maintaining your Tri-X filter<\/h2>\t\t\t\t<\/div>\n\t\t\t\t<\/div>\n\t\t\t\t<div class=\"elementor-element elementor-element-f58fadd elementor-align-center elementor-widget elementor-widget-button\" data-id=\"f58fadd\" data-element_type=\"widget\" data-e-type=\"widget\" data-widget_type=\"button.default\">\n\t\t\t\t<div class=\"elementor-widget-container\">\n\t\t\t\t\t\t\t\t\t<div class=\"elementor-button-wrapper\">\n\t\t\t\t\t<a class=\"elementor-button elementor-button-link elementor-size-sm\" href=\"https:\/\/status-wellness.pt\/en\/apoio-ao-cliente\/manutencao\/manutencao-do-seu-filtro-tri-x\/\" target=\"_blank\">\n\t\t\t\t\t\t<span class=\"elementor-button-content-wrapper\">\n\t\t\t\t\t\t\t\t\t<span class=\"elementor-button-text\">Know more<\/span>\n\t\t\t\t\t<\/span>\n\t\t\t\t\t<\/a>\n\t\t\t\t<\/div>\n\t\t\t\t\t\t\t\t<\/div>\n\t\t\t\t<\/div>\n\t\t\t\t\t<\/div>\n\t\t<\/div>\n\t\t\t\t<div class=\"elementor-column elementor-col-33 elementor-top-column elementor-element elementor-element-8104110\" data-id=\"8104110\" data-element_type=\"column\" data-e-type=\"column\" data-settings=\"{&quot;background_background&quot;:&quot;classic&quot;}\">\n\t\t\t<div class=\"elementor-widget-wrap elementor-element-populated\">\n\t\t\t\t\t\t<div class=\"elementor-element elementor-element-96a2291 elementor-widget elementor-widget-heading\" data-id=\"96a2291\" data-element_type=\"widget\" data-e-type=\"widget\" data-widget_type=\"heading.default\">\n\t\t\t\t<div class=\"elementor-widget-container\">\n\t\t\t\t\t<h2 class=\"elementor-heading-title elementor-size-default\">Maintaining your spa filters<\/h2>\t\t\t\t<\/div>\n\t\t\t\t<\/div>\n\t\t\t\t<div class=\"elementor-element elementor-element-9a779fb elementor-align-center elementor-widget elementor-widget-button\" data-id=\"9a779fb\" data-element_type=\"widget\" data-e-type=\"widget\" data-widget_type=\"button.default\">\n\t\t\t\t<div class=\"elementor-widget-container\">\n\t\t\t\t\t\t\t\t\t<div class=\"elementor-button-wrapper\">\n\t\t\t\t\t<a class=\"elementor-button elementor-button-link elementor-size-sm\" href=\"https:\/\/status-wellness.pt\/en\/apoio-ao-cliente\/manutencao\/manutencao-dos-filtros-do-seu-spa\/\" target=\"_blank\">\n\t\t\t\t\t\t<span class=\"elementor-button-content-wrapper\">\n\t\t\t\t\t\t\t\t\t<span class=\"elementor-button-text\">Know more<\/span>\n\t\t\t\t\t<\/span>\n\t\t\t\t\t<\/a>\n\t\t\t\t<\/div>\n\t\t\t\t\t\t\t\t<\/div>\n\t\t\t\t<\/div>\n\t\t\t\t\t<\/div>\n\t\t<\/div>\n\t\t\t\t\t<\/div>\n\t\t<\/section>\n\t\t\t\t<section class=\"elementor-section elementor-top-section elementor-element elementor-element-858c719 elementor-section-boxed elementor-section-height-default elementor-section-height-default\" data-id=\"858c719\" data-element_type=\"section\" data-e-type=\"section\">\n\t\t\t\t\t\t<div class=\"elementor-container elementor-column-gap-default\">\n\t\t\t\t\t<div class=\"elementor-column elementor-col-50 elementor-top-column elementor-element elementor-element-4340f7f\" data-id=\"4340f7f\" data-element_type=\"column\" data-e-type=\"column\" data-settings=\"{&quot;background_background&quot;:&quot;classic&quot;}\">\n\t\t\t<div class=\"elementor-widget-wrap elementor-element-populated\">\n\t\t\t\t\t\t<div class=\"elementor-element elementor-element-e74408f elementor-widget elementor-widget-heading\" data-id=\"e74408f\" data-element_type=\"widget\" data-e-type=\"widget\" data-widget_type=\"heading.default\">\n\t\t\t\t<div class=\"elementor-widget-container\">\n\t\t\t\t\t<h2 class=\"elementor-heading-title elementor-size-default\">Your spa covers and lifts<\/h2>\t\t\t\t<\/div>\n\t\t\t\t<\/div>\n\t\t\t\t<div class=\"elementor-element elementor-element-999fc3e elementor-align-center elementor-widget elementor-widget-button\" data-id=\"999fc3e\" data-element_type=\"widget\" data-e-type=\"widget\" data-widget_type=\"button.default\">\n\t\t\t\t<div class=\"elementor-widget-container\">\n\t\t\t\t\t\t\t\t\t<div class=\"elementor-button-wrapper\">\n\t\t\t\t\t<a class=\"elementor-button elementor-button-link elementor-size-sm\" href=\"https:\/\/status-wellness.pt\/en\/apoio-ao-cliente\/manutencao\/coberturas-e-elevadores-do-seu-spa\/\" target=\"_blank\">\n\t\t\t\t\t\t<span class=\"elementor-button-content-wrapper\">\n\t\t\t\t\t\t\t\t\t<span class=\"elementor-button-text\">Know more<\/span>\n\t\t\t\t\t<\/span>\n\t\t\t\t\t<\/a>\n\t\t\t\t<\/div>\n\t\t\t\t\t\t\t\t<\/div>\n\t\t\t\t<\/div>\n\t\t\t\t\t<\/div>\n\t\t<\/div>\n\t\t\t\t<div class=\"elementor-column elementor-col-50 elementor-top-column elementor-element elementor-element-33a2723\" data-id=\"33a2723\" data-element_type=\"column\" data-e-type=\"column\" data-settings=\"{&quot;background_background&quot;:&quot;classic&quot;}\">\n\t\t\t<div class=\"elementor-widget-wrap elementor-element-populated\">\n\t\t\t\t\t\t<div class=\"elementor-element elementor-element-91be7fb elementor-widget elementor-widget-heading\" data-id=\"91be7fb\" data-element_type=\"widget\" data-e-type=\"widget\" data-widget_type=\"heading.default\">\n\t\t\t\t<div class=\"elementor-widget-container\">\n\t\t\t\t\t<h2 class=\"elementor-heading-title elementor-size-default\">How to find your serial number<\/h2>\t\t\t\t<\/div>\n\t\t\t\t<\/div>\n\t\t\t\t<div class=\"elementor-element elementor-element-8094890 elementor-align-center elementor-widget elementor-widget-button\" data-id=\"8094890\" data-element_type=\"widget\" data-e-type=\"widget\" data-widget_type=\"button.default\">\n\t\t\t\t<div class=\"elementor-widget-container\">\n\t\t\t\t\t\t\t\t\t<div class=\"elementor-button-wrapper\">\n\t\t\t\t\t<a class=\"elementor-button elementor-button-link elementor-size-sm\" href=\"https:\/\/status-wellness.pt\/en\/apoio-ao-cliente\/manutencao\/manutencao-do-seu-filtro-tri-x\/\" target=\"_blank\">\n\t\t\t\t\t\t<span class=\"elementor-button-content-wrapper\">\n\t\t\t\t\t\t\t\t\t<span class=\"elementor-button-text\">Know more<\/span>\n\t\t\t\t\t<\/span>\n\t\t\t\t\t<\/a>\n\t\t\t\t<\/div>\n\t\t\t\t\t\t\t\t<\/div>\n\t\t\t\t<\/div>\n\t\t\t\t\t<\/div>\n\t\t<\/div>\n\t\t\t\t\t<\/div>\n\t\t<\/section>\n\t\t\t\t<\/div>","protected":false},"excerpt":{"rendered":"<p>Manuten\u00e7\u00e3o A manuten\u00e7\u00e3o regular do spa \u00e9 crucial para garantir que ele funcione de forma eficiente e segura. Um spa bem cuidado n\u00e3o s\u00f3 proporciona uma experi\u00eancia relaxante e revigorante, mas tamb\u00e9m ajuda a prolongar a vida \u00fatil do equipamento. Em baixo, vamos explorar as variadas dicas e produtos que ajudam a conservar o seu [&hellip;]<\/p>\n","protected":false},"author":1,"featured_media":1992,"parent":840,"menu_order":0,"comment_status":"closed","ping_status":"closed","template":"","meta":{"footnotes":""},"class_list":["post-858","page","type-page","status-publish","has-post-thumbnail","hentry"],"yoast_head":"<!-- This site is optimized with the Yoast SEO Premium plugin v20.4 (Yoast SEO v27.1.1) - https:\/\/yoast.com\/product\/yoast-seo-premium-wordpress\/ -->\n<title>Manuten\u00e7\u00e3o - Status Wellness<\/title>\n<meta name=\"description\" content=\"Maximize o desempenho do seu spa com as nossas dicas de manuten\u00e7\u00e3o. Descubra orienta\u00e7\u00f5es para cuidar do seu spa, prolongando a sua vida \u00fatil.\" \/>\n<meta name=\"robots\" content=\"index, follow, max-snippet:-1, max-image-preview:large, max-video-preview:-1\" \/>\n<link rel=\"canonical\" href=\"https:\/\/status-wellness.pt\/en\/apoio-ao-cliente\/manutencao\/\" \/>\n<meta property=\"og:locale\" content=\"en_GB\" \/>\n<meta property=\"og:type\" content=\"article\" \/>\n<meta property=\"og:title\" content=\"Manuten\u00e7\u00e3o - Status Wellness\" \/>\n<meta property=\"og:description\" content=\"Maximize o desempenho do seu spa com as nossas dicas de manuten\u00e7\u00e3o. Descubra orienta\u00e7\u00f5es para cuidar do seu spa, prolongando a sua vida \u00fatil.\" \/>\n<meta property=\"og:url\" content=\"https:\/\/status-wellness.pt\/en\/apoio-ao-cliente\/manutencao\/\" \/>\n<meta property=\"og:site_name\" content=\"Status Wellness\" \/>\n<meta property=\"article:publisher\" content=\"https:\/\/www.facebook.com\/statuswellness\" \/>\n<meta property=\"article:modified_time\" content=\"2026-03-26T08:22:26+00:00\" \/>\n<meta property=\"og:image\" content=\"https:\/\/status-wellness.pt\/wp-content\/uploads\/2023\/02\/E59BAB66-8F79-4F3F-99F3-D1C1DB2D35C1-2023-02-26-22_50_44.png\" \/>\n\t<meta property=\"og:image:width\" content=\"1200\" \/>\n\t<meta property=\"og:image:height\" content=\"630\" \/>\n\t<meta property=\"og:image:type\" content=\"image\/png\" \/>\n<meta name=\"twitter:card\" content=\"summary_large_image\" \/>\n<meta name=\"twitter:label1\" content=\"Estimated reading time\" \/>\n\t<meta name=\"twitter:data1\" content=\"1 minute\" \/>\n<script type=\"application\/ld+json\" class=\"yoast-schema-graph\">{\"@context\":\"https:\/\/schema.org\",\"@graph\":[{\"@type\":\"WebPage\",\"@id\":\"https:\/\/status-wellness.pt\/apoio-ao-cliente\/manutencao\/\",\"url\":\"https:\/\/status-wellness.pt\/apoio-ao-cliente\/manutencao\/\",\"name\":\"Manuten\u00e7\u00e3o - Status Wellness\",\"isPartOf\":{\"@id\":\"https:\/\/status-wellness.pt\/#website\"},\"primaryImageOfPage\":{\"@id\":\"https:\/\/status-wellness.pt\/apoio-ao-cliente\/manutencao\/#primaryimage\"},\"image\":{\"@id\":\"https:\/\/status-wellness.pt\/apoio-ao-cliente\/manutencao\/#primaryimage\"},\"thumbnailUrl\":\"https:\/\/status-wellness.pt\/wp-content\/uploads\/2023\/02\/E59BAB66-8F79-4F3F-99F3-D1C1DB2D35C1-2023-02-26-22_50_44.png\",\"datePublished\":\"2023-02-14T10:53:01+00:00\",\"dateModified\":\"2026-03-26T08:22:26+00:00\",\"description\":\"Maximize o desempenho do seu spa com as nossas dicas de manuten\u00e7\u00e3o. Descubra orienta\u00e7\u00f5es para cuidar do seu spa, prolongando a sua vida \u00fatil.\",\"breadcrumb\":{\"@id\":\"https:\/\/status-wellness.pt\/apoio-ao-cliente\/manutencao\/#breadcrumb\"},\"inLanguage\":\"en-GB\",\"potentialAction\":[{\"@type\":\"ReadAction\",\"target\":[\"https:\/\/status-wellness.pt\/apoio-ao-cliente\/manutencao\/\"]}]},{\"@type\":\"ImageObject\",\"inLanguage\":\"en-GB\",\"@id\":\"https:\/\/status-wellness.pt\/apoio-ao-cliente\/manutencao\/#primaryimage\",\"url\":\"https:\/\/status-wellness.pt\/wp-content\/uploads\/2023\/02\/E59BAB66-8F79-4F3F-99F3-D1C1DB2D35C1-2023-02-26-22_50_44.png\",\"contentUrl\":\"https:\/\/status-wellness.pt\/wp-content\/uploads\/2023\/02\/E59BAB66-8F79-4F3F-99F3-D1C1DB2D35C1-2023-02-26-22_50_44.png\",\"width\":1200,\"height\":630,\"caption\":\"logotipo status wellness\"},{\"@type\":\"BreadcrumbList\",\"@id\":\"https:\/\/status-wellness.pt\/apoio-ao-cliente\/manutencao\/#breadcrumb\",\"itemListElement\":[{\"@type\":\"ListItem\",\"position\":1,\"name\":\"Home\",\"item\":\"https:\/\/status-wellness.pt\/\"},{\"@type\":\"ListItem\",\"position\":2,\"name\":\"Apoio ao Cliente\",\"item\":\"https:\/\/status-wellness.pt\/apoio-ao-cliente\/\"},{\"@type\":\"ListItem\",\"position\":3,\"name\":\"Manuten\u00e7\u00e3o\"}]},{\"@type\":\"WebSite\",\"@id\":\"https:\/\/status-wellness.pt\/#website\",\"url\":\"https:\/\/status-wellness.pt\/\",\"name\":\"STATUS Wellness\",\"description\":\"Spas Exteriores, Jacuzzis e Saunas\",\"publisher\":{\"@id\":\"https:\/\/status-wellness.pt\/#organization\"},\"alternateName\":\"STATUS Wellness\",\"potentialAction\":[{\"@type\":\"SearchAction\",\"target\":{\"@type\":\"EntryPoint\",\"urlTemplate\":\"https:\/\/status-wellness.pt\/?s={search_term_string}\"},\"query-input\":{\"@type\":\"PropertyValueSpecification\",\"valueRequired\":true,\"valueName\":\"search_term_string\"}}],\"inLanguage\":\"en-GB\"},{\"@type\":\"Organization\",\"@id\":\"https:\/\/status-wellness.pt\/#organization\",\"name\":\"STATUS Wellness\",\"url\":\"https:\/\/status-wellness.pt\/\",\"logo\":{\"@type\":\"ImageObject\",\"inLanguage\":\"en-GB\",\"@id\":\"https:\/\/status-wellness.pt\/#\/schema\/logo\/image\/\",\"url\":\"https:\/\/status-wellness.pt\/wp-content\/uploads\/2023\/02\/cropped-icon.png\",\"contentUrl\":\"https:\/\/status-wellness.pt\/wp-content\/uploads\/2023\/02\/cropped-icon.png\",\"width\":512,\"height\":512,\"caption\":\"STATUS Wellness\"},\"image\":{\"@id\":\"https:\/\/status-wellness.pt\/#\/schema\/logo\/image\/\"},\"sameAs\":[\"https:\/\/www.facebook.com\/statuswellness\",\"https:\/\/www.instagram.com\/status_wellness\/\"]}]}<\/script>\n<!-- \/ Yoast SEO Premium plugin. -->","yoast_head_json":{"title":"Manuten\u00e7\u00e3o - Status Wellness","description":"Maximize o desempenho do seu spa com as nossas dicas de manuten\u00e7\u00e3o. Descubra orienta\u00e7\u00f5es para cuidar do seu spa, prolongando a sua vida \u00fatil.","robots":{"index":"index","follow":"follow","max-snippet":"max-snippet:-1","max-image-preview":"max-image-preview:large","max-video-preview":"max-video-preview:-1"},"canonical":"https:\/\/status-wellness.pt\/en\/apoio-ao-cliente\/manutencao\/","og_locale":"en_GB","og_type":"article","og_title":"Manuten\u00e7\u00e3o - Status Wellness","og_description":"Maximize o desempenho do seu spa com as nossas dicas de manuten\u00e7\u00e3o. Descubra orienta\u00e7\u00f5es para cuidar do seu spa, prolongando a sua vida \u00fatil.","og_url":"https:\/\/status-wellness.pt\/en\/apoio-ao-cliente\/manutencao\/","og_site_name":"Status Wellness","article_publisher":"https:\/\/www.facebook.com\/statuswellness","article_modified_time":"2026-03-26T08:22:26+00:00","og_image":[{"width":1200,"height":630,"url":"https:\/\/status-wellness.pt\/wp-content\/uploads\/2023\/02\/E59BAB66-8F79-4F3F-99F3-D1C1DB2D35C1-2023-02-26-22_50_44.png","type":"image\/png"}],"twitter_card":"summary_large_image","twitter_misc":{"Estimated reading time":"1 minute"},"schema":{"@context":"https:\/\/schema.org","@graph":[{"@type":"WebPage","@id":"https:\/\/status-wellness.pt\/apoio-ao-cliente\/manutencao\/","url":"https:\/\/status-wellness.pt\/apoio-ao-cliente\/manutencao\/","name":"Manuten\u00e7\u00e3o - Status Wellness","isPartOf":{"@id":"https:\/\/status-wellness.pt\/#website"},"primaryImageOfPage":{"@id":"https:\/\/status-wellness.pt\/apoio-ao-cliente\/manutencao\/#primaryimage"},"image":{"@id":"https:\/\/status-wellness.pt\/apoio-ao-cliente\/manutencao\/#primaryimage"},"thumbnailUrl":"https:\/\/status-wellness.pt\/wp-content\/uploads\/2023\/02\/E59BAB66-8F79-4F3F-99F3-D1C1DB2D35C1-2023-02-26-22_50_44.png","datePublished":"2023-02-14T10:53:01+00:00","dateModified":"2026-03-26T08:22:26+00:00","description":"Maximize o desempenho do seu spa com as nossas dicas de manuten\u00e7\u00e3o. Descubra orienta\u00e7\u00f5es para cuidar do seu spa, prolongando a sua vida \u00fatil.","breadcrumb":{"@id":"https:\/\/status-wellness.pt\/apoio-ao-cliente\/manutencao\/#breadcrumb"},"inLanguage":"en-GB","potentialAction":[{"@type":"ReadAction","target":["https:\/\/status-wellness.pt\/apoio-ao-cliente\/manutencao\/"]}]},{"@type":"ImageObject","inLanguage":"en-GB","@id":"https:\/\/status-wellness.pt\/apoio-ao-cliente\/manutencao\/#primaryimage","url":"https:\/\/status-wellness.pt\/wp-content\/uploads\/2023\/02\/E59BAB66-8F79-4F3F-99F3-D1C1DB2D35C1-2023-02-26-22_50_44.png","contentUrl":"https:\/\/status-wellness.pt\/wp-content\/uploads\/2023\/02\/E59BAB66-8F79-4F3F-99F3-D1C1DB2D35C1-2023-02-26-22_50_44.png","width":1200,"height":630,"caption":"logotipo status wellness"},{"@type":"BreadcrumbList","@id":"https:\/\/status-wellness.pt\/apoio-ao-cliente\/manutencao\/#breadcrumb","itemListElement":[{"@type":"ListItem","position":1,"name":"Home","item":"https:\/\/status-wellness.pt\/"},{"@type":"ListItem","position":2,"name":"Apoio ao Cliente","item":"https:\/\/status-wellness.pt\/apoio-ao-cliente\/"},{"@type":"ListItem","position":3,"name":"Manuten\u00e7\u00e3o"}]},{"@type":"WebSite","@id":"https:\/\/status-wellness.pt\/#website","url":"https:\/\/status-wellness.pt\/","name":"STATUS Wellness","description":"Spas Exteriores, Jacuzzis e Saunas","publisher":{"@id":"https:\/\/status-wellness.pt\/#organization"},"alternateName":"STATUS Wellness","potentialAction":[{"@type":"SearchAction","target":{"@type":"EntryPoint","urlTemplate":"https:\/\/status-wellness.pt\/?s={search_term_string}"},"query-input":{"@type":"PropertyValueSpecification","valueRequired":true,"valueName":"search_term_string"}}],"inLanguage":"en-GB"},{"@type":"Organization","@id":"https:\/\/status-wellness.pt\/#organization","name":"STATUS Wellness","url":"https:\/\/status-wellness.pt\/","logo":{"@type":"ImageObject","inLanguage":"en-GB","@id":"https:\/\/status-wellness.pt\/#\/schema\/logo\/image\/","url":"https:\/\/status-wellness.pt\/wp-content\/uploads\/2023\/02\/cropped-icon.png","contentUrl":"https:\/\/status-wellness.pt\/wp-content\/uploads\/2023\/02\/cropped-icon.png","width":512,"height":512,"caption":"STATUS Wellness"},"image":{"@id":"https:\/\/status-wellness.pt\/#\/schema\/logo\/image\/"},"sameAs":["https:\/\/www.facebook.com\/statuswellness","https:\/\/www.instagram.com\/status_wellness\/"]}]}},"_links":{"self":[{"href":"https:\/\/status-wellness.pt\/en\/wp-json\/wp\/v2\/pages\/858","targetHints":{"allow":["GET"]}}],"collection":[{"href":"https:\/\/status-wellness.pt\/en\/wp-json\/wp\/v2\/pages"}],"about":[{"href":"https:\/\/status-wellness.pt\/en\/wp-json\/wp\/v2\/types\/page"}],"author":[{"embeddable":true,"href":"https:\/\/status-wellness.pt\/en\/wp-json\/wp\/v2\/users\/1"}],"replies":[{"embeddable":true,"href":"https:\/\/status-wellness.pt\/en\/wp-json\/wp\/v2\/comments?post=858"}],"version-history":[{"count":32,"href":"https:\/\/status-wellness.pt\/en\/wp-json\/wp\/v2\/pages\/858\/revisions"}],"predecessor-version":[{"id":11144,"href":"https:\/\/status-wellness.pt\/en\/wp-json\/wp\/v2\/pages\/858\/revisions\/11144"}],"up":[{"embeddable":true,"href":"https:\/\/status-wellness.pt\/en\/wp-json\/wp\/v2\/pages\/840"}],"wp:featuredmedia":[{"embeddable":true,"href":"https:\/\/status-wellness.pt\/en\/wp-json\/wp\/v2\/media\/1992"}],"wp:attachment":[{"href":"https:\/\/status-wellness.pt\/en\/wp-json\/wp\/v2\/media?parent=858"}],"curies":[{"name":"wp","href":"https:\/\/api.w.org\/{rel}","templated":true}]}}