{"id":870,"date":"2023-02-14T10:57:24","date_gmt":"2023-02-14T10:57:24","guid":{"rendered":"https:\/\/demo.icodi.pt\/statuswellness\/?page_id=870"},"modified":"2026-04-23T07:23:31","modified_gmt":"2026-04-23T07:23:31","slug":"adicionar-produtos-quimicos-no-spa","status":"publish","type":"page","link":"https:\/\/status-wellness.pt\/en\/apoio-ao-cliente\/manutencao\/adicionar-produtos-quimicos-no-spa\/","title":{"rendered":"Add chemicals in the spa"},"content":{"rendered":"<div data-elementor-type=\"wp-page\" data-elementor-id=\"870\" class=\"elementor elementor-870\" data-elementor-post-type=\"page\">\n\t\t\t\t\t\t<section class=\"elementor-section elementor-top-section elementor-element elementor-element-aab0466 elementor-section-boxed elementor-section-height-default elementor-section-height-default\" data-id=\"aab0466\" data-element_type=\"section\" data-e-type=\"section\">\n\t\t\t\t\t\t<div class=\"elementor-container elementor-column-gap-default\">\n\t\t\t\t\t<div class=\"elementor-column elementor-col-100 elementor-top-column elementor-element elementor-element-5894d4a\" data-id=\"5894d4a\" data-element_type=\"column\" data-e-type=\"column\" data-settings=\"{&quot;background_background&quot;:&quot;classic&quot;}\">\n\t\t\t<div class=\"elementor-widget-wrap elementor-element-populated\">\n\t\t\t\t\t\t<div class=\"elementor-element elementor-element-bbd9073 elementor-widget elementor-widget-heading\" data-id=\"bbd9073\" data-element_type=\"widget\" data-e-type=\"widget\" data-widget_type=\"heading.default\">\n\t\t\t\t<div class=\"elementor-widget-container\">\n\t\t\t\t\t<h1 class=\"elementor-heading-title elementor-size-default\">Add chemicals in the spa<\/h1>\t\t\t\t<\/div>\n\t\t\t\t<\/div>\n\t\t\t\t<div class=\"elementor-element elementor-element-46f0975 elementor-widget elementor-widget-text-editor\" data-id=\"46f0975\" data-element_type=\"widget\" data-e-type=\"widget\" data-widget_type=\"text-editor.default\">\n\t\t\t\t<div class=\"elementor-widget-container\">\n\t\t\t\t\t\t\t\t\t<p class=\"translation-block\">Keeping a spa in perfect condition is essential to ensure a relaxing and safe experience for <a href=\"https:\/\/status-wellness.pt\/en\/\" target=\"_self\"><strong>Status Wellness<\/strong> users. <\/a>. Among the fundamental aspects of <a href=\"https:\/\/status-wellness.pt\/en\/apoio-ao-cliente\/manutencao\/adicionar-produtos-quimicos-no-spa\/\" target=\"_self\"><strong>maintenance<\/strong><\/a> spa maintenance is the proper use of chemicals to keep your Hotspring spa water clean and free of contaminants. In this comprehensive guide, we explore the steps required to add chemicals to your <a href=\"https:\/\/status-wellness.co.uk\/spas\/\" target=\"_self\"><strong>spa<\/strong><\/a> effectively and safely. From understanding the different types of products available to proper dosing techniques, this resource provides detailed insight to help you maintain your spa water quality <a href=\"https:\/\/www.hotspring.com\/ \" target=\"_self\">Hotspring<\/a> in excellent condition.<\/p>\t\t\t\t\t\t\t\t<\/div>\n\t\t\t\t<\/div>\n\t\t\t\t\t<\/div>\n\t\t<\/div>\n\t\t\t\t\t<\/div>\n\t\t<\/section>\n\t\t\t\t<section class=\"elementor-section elementor-top-section elementor-element elementor-element-436eb73 elementor-section-boxed elementor-section-height-default elementor-section-height-default\" data-id=\"436eb73\" data-element_type=\"section\" data-e-type=\"section\" data-settings=\"{&quot;background_background&quot;:&quot;classic&quot;}\">\n\t\t\t\t\t\t<div class=\"elementor-container elementor-column-gap-default\">\n\t\t\t\t\t<div class=\"elementor-column elementor-col-100 elementor-top-column elementor-element elementor-element-e2211a2\" data-id=\"e2211a2\" data-element_type=\"column\" data-e-type=\"column\">\n\t\t\t<div class=\"elementor-widget-wrap elementor-element-populated\">\n\t\t\t\t\t\t<div class=\"elementor-element elementor-element-58869c8 elementor-widget elementor-widget-video\" data-id=\"58869c8\" data-element_type=\"widget\" data-e-type=\"widget\" data-settings=\"{&quot;youtube_url&quot;:&quot;https:\\\/\\\/www.youtube.com\\\/watch?v=0FFBSLjqe1w&quot;,&quot;yt_privacy&quot;:&quot;yes&quot;,&quot;video_type&quot;:&quot;youtube&quot;,&quot;controls&quot;:&quot;yes&quot;}\" data-widget_type=\"video.default\">\n\t\t\t\t<div class=\"elementor-widget-container\">\n\t\t\t\t\t\t\t<div class=\"elementor-wrapper elementor-open-inline\">\n\t\t\t<div class=\"elementor-video\"><\/div>\t\t<\/div>\n\t\t\t\t\t\t<\/div>\n\t\t\t\t<\/div>\n\t\t\t\t<div class=\"elementor-element elementor-element-cc052eb elementor-widget elementor-widget-text-editor\" data-id=\"cc052eb\" data-element_type=\"widget\" data-e-type=\"widget\" data-widget_type=\"text-editor.default\">\n\t\t\t\t<div class=\"elementor-widget-container\">\n\t\t\t\t\t\t\t\t\t<p>This video shows where you can add chemicals to your spa for routine water care maintenance. Popular spa chemicals include liquid chlorine, chlorine granules, or bromine.<\/p>\t\t\t\t\t\t\t\t<\/div>\n\t\t\t\t<\/div>\n\t\t\t\t\t<\/div>\n\t\t<\/div>\n\t\t\t\t\t<\/div>\n\t\t<\/section>\n\t\t\t\t<\/div>","protected":false},"excerpt":{"rendered":"<p>Adicionar produtos qu\u00edmicos no spa Manter um spa em perfeitas condi\u00e7\u00f5es \u00e9 essencial para garantir uma experi\u00eancia relaxante e segura para os utilizadores da Status Wellness. Entre os aspetos fundamentais da manuten\u00e7\u00e3o do spa est\u00e1 o uso adequado de qu\u00edmicos para manter a \u00e1gua do seu spa Hotspring limpa e livre de contaminantes. Neste guia [&hellip;]<\/p>\n","protected":false},"author":1,"featured_media":1992,"parent":858,"menu_order":0,"comment_status":"closed","ping_status":"closed","template":"","meta":{"footnotes":""},"class_list":["post-870","page","type-page","status-publish","has-post-thumbnail","hentry"],"yoast_head":"<!-- This site is optimized with the Yoast SEO Premium plugin v20.4 (Yoast SEO v27.1.1) - https:\/\/yoast.com\/product\/yoast-seo-premium-wordpress\/ -->\n<title>Adicionar produtos qu\u00edmicos no spa - Manuten\u00e7\u00e3o<\/title>\n<meta name=\"description\" content=\"Descubra onde adicionar produtos qu\u00edmicos ao seu spa para manuten\u00e7\u00e3o de rotina e cuidado da \u00e1gua. Assista ao v\u00eddeo!\" \/>\n<meta name=\"robots\" content=\"index, follow, max-snippet:-1, max-image-preview:large, max-video-preview:-1\" \/>\n<link rel=\"canonical\" href=\"https:\/\/status-wellness.pt\/en\/apoio-ao-cliente\/manutencao\/adicionar-produtos-quimicos-no-spa\/\" \/>\n<meta property=\"og:locale\" content=\"en_GB\" \/>\n<meta property=\"og:type\" content=\"article\" \/>\n<meta property=\"og:title\" content=\"Adicionar produtos qu\u00edmicos no spa - Status Wellness\" \/>\n<meta property=\"og:description\" content=\"Descubra onde adicionar produtos qu\u00edmicos ao seu spa para manuten\u00e7\u00e3o de rotina e cuidado da \u00e1gua. Assista ao v\u00eddeo!\" \/>\n<meta property=\"og:url\" content=\"https:\/\/status-wellness.pt\/en\/apoio-ao-cliente\/manutencao\/adicionar-produtos-quimicos-no-spa\/\" \/>\n<meta property=\"og:site_name\" content=\"Status Wellness\" \/>\n<meta property=\"article:publisher\" content=\"https:\/\/www.facebook.com\/statuswellness\" \/>\n<meta property=\"article:modified_time\" content=\"2026-04-23T07:23:31+00:00\" \/>\n<meta property=\"og:image\" content=\"https:\/\/status-wellness.pt\/wp-content\/uploads\/2023\/02\/E59BAB66-8F79-4F3F-99F3-D1C1DB2D35C1-2023-02-26-22_50_44.png\" \/>\n\t<meta property=\"og:image:width\" content=\"1200\" \/>\n\t<meta property=\"og:image:height\" content=\"630\" \/>\n\t<meta property=\"og:image:type\" content=\"image\/png\" \/>\n<meta name=\"twitter:card\" content=\"summary_large_image\" \/>\n<meta name=\"twitter:label1\" content=\"Estimated reading time\" \/>\n\t<meta name=\"twitter:data1\" content=\"1 minute\" \/>\n<script type=\"application\/ld+json\" class=\"yoast-schema-graph\">{\"@context\":\"https:\/\/schema.org\",\"@graph\":[{\"@type\":\"WebPage\",\"@id\":\"https:\/\/status-wellness.pt\/apoio-ao-cliente\/manutencao\/adicionar-produtos-quimicos-no-spa\/\",\"url\":\"https:\/\/status-wellness.pt\/apoio-ao-cliente\/manutencao\/adicionar-produtos-quimicos-no-spa\/\",\"name\":\"Adicionar produtos qu\u00edmicos no spa - Manuten\u00e7\u00e3o\",\"isPartOf\":{\"@id\":\"https:\/\/status-wellness.pt\/#website\"},\"primaryImageOfPage\":{\"@id\":\"https:\/\/status-wellness.pt\/apoio-ao-cliente\/manutencao\/adicionar-produtos-quimicos-no-spa\/#primaryimage\"},\"image\":{\"@id\":\"https:\/\/status-wellness.pt\/apoio-ao-cliente\/manutencao\/adicionar-produtos-quimicos-no-spa\/#primaryimage\"},\"thumbnailUrl\":\"https:\/\/status-wellness.pt\/wp-content\/uploads\/2023\/02\/E59BAB66-8F79-4F3F-99F3-D1C1DB2D35C1-2023-02-26-22_50_44.png\",\"datePublished\":\"2023-02-14T10:57:24+00:00\",\"dateModified\":\"2026-04-23T07:23:31+00:00\",\"description\":\"Descubra onde adicionar produtos qu\u00edmicos ao seu spa para manuten\u00e7\u00e3o de rotina e cuidado da \u00e1gua. Assista ao v\u00eddeo!\",\"breadcrumb\":{\"@id\":\"https:\/\/status-wellness.pt\/apoio-ao-cliente\/manutencao\/adicionar-produtos-quimicos-no-spa\/#breadcrumb\"},\"inLanguage\":\"en-GB\",\"potentialAction\":[{\"@type\":\"ReadAction\",\"target\":[\"https:\/\/status-wellness.pt\/apoio-ao-cliente\/manutencao\/adicionar-produtos-quimicos-no-spa\/\"]}]},{\"@type\":\"ImageObject\",\"inLanguage\":\"en-GB\",\"@id\":\"https:\/\/status-wellness.pt\/apoio-ao-cliente\/manutencao\/adicionar-produtos-quimicos-no-spa\/#primaryimage\",\"url\":\"https:\/\/status-wellness.pt\/wp-content\/uploads\/2023\/02\/E59BAB66-8F79-4F3F-99F3-D1C1DB2D35C1-2023-02-26-22_50_44.png\",\"contentUrl\":\"https:\/\/status-wellness.pt\/wp-content\/uploads\/2023\/02\/E59BAB66-8F79-4F3F-99F3-D1C1DB2D35C1-2023-02-26-22_50_44.png\",\"width\":1200,\"height\":630,\"caption\":\"logotipo status wellness\"},{\"@type\":\"BreadcrumbList\",\"@id\":\"https:\/\/status-wellness.pt\/apoio-ao-cliente\/manutencao\/adicionar-produtos-quimicos-no-spa\/#breadcrumb\",\"itemListElement\":[{\"@type\":\"ListItem\",\"position\":1,\"name\":\"Home\",\"item\":\"https:\/\/status-wellness.pt\/\"},{\"@type\":\"ListItem\",\"position\":2,\"name\":\"Apoio ao Cliente\",\"item\":\"https:\/\/status-wellness.pt\/apoio-ao-cliente\/\"},{\"@type\":\"ListItem\",\"position\":3,\"name\":\"Manuten\u00e7\u00e3o\",\"item\":\"https:\/\/status-wellness.pt\/apoio-ao-cliente\/manutencao\/\"},{\"@type\":\"ListItem\",\"position\":4,\"name\":\"Adicionar produtos qu\u00edmicos no spa\"}]},{\"@type\":\"WebSite\",\"@id\":\"https:\/\/status-wellness.pt\/#website\",\"url\":\"https:\/\/status-wellness.pt\/\",\"name\":\"STATUS Wellness\",\"description\":\"Spas Exteriores, Jacuzzis e Saunas\",\"publisher\":{\"@id\":\"https:\/\/status-wellness.pt\/#organization\"},\"alternateName\":\"STATUS Wellness\",\"potentialAction\":[{\"@type\":\"SearchAction\",\"target\":{\"@type\":\"EntryPoint\",\"urlTemplate\":\"https:\/\/status-wellness.pt\/?s={search_term_string}\"},\"query-input\":{\"@type\":\"PropertyValueSpecification\",\"valueRequired\":true,\"valueName\":\"search_term_string\"}}],\"inLanguage\":\"en-GB\"},{\"@type\":\"Organization\",\"@id\":\"https:\/\/status-wellness.pt\/#organization\",\"name\":\"STATUS Wellness\",\"url\":\"https:\/\/status-wellness.pt\/\",\"logo\":{\"@type\":\"ImageObject\",\"inLanguage\":\"en-GB\",\"@id\":\"https:\/\/status-wellness.pt\/#\/schema\/logo\/image\/\",\"url\":\"https:\/\/status-wellness.pt\/wp-content\/uploads\/2023\/02\/cropped-icon.png\",\"contentUrl\":\"https:\/\/status-wellness.pt\/wp-content\/uploads\/2023\/02\/cropped-icon.png\",\"width\":512,\"height\":512,\"caption\":\"STATUS Wellness\"},\"image\":{\"@id\":\"https:\/\/status-wellness.pt\/#\/schema\/logo\/image\/\"},\"sameAs\":[\"https:\/\/www.facebook.com\/statuswellness\",\"https:\/\/www.instagram.com\/status_wellness\/\"]}]}<\/script>\n<!-- \/ Yoast SEO Premium plugin. -->","yoast_head_json":{"title":"Adicionar produtos qu\u00edmicos no spa - Manuten\u00e7\u00e3o","description":"Descubra onde adicionar produtos qu\u00edmicos ao seu spa para manuten\u00e7\u00e3o de rotina e cuidado da \u00e1gua. Assista ao v\u00eddeo!","robots":{"index":"index","follow":"follow","max-snippet":"max-snippet:-1","max-image-preview":"max-image-preview:large","max-video-preview":"max-video-preview:-1"},"canonical":"https:\/\/status-wellness.pt\/en\/apoio-ao-cliente\/manutencao\/adicionar-produtos-quimicos-no-spa\/","og_locale":"en_GB","og_type":"article","og_title":"Adicionar produtos qu\u00edmicos no spa - Status Wellness","og_description":"Descubra onde adicionar produtos qu\u00edmicos ao seu spa para manuten\u00e7\u00e3o de rotina e cuidado da \u00e1gua. Assista ao v\u00eddeo!","og_url":"https:\/\/status-wellness.pt\/en\/apoio-ao-cliente\/manutencao\/adicionar-produtos-quimicos-no-spa\/","og_site_name":"Status Wellness","article_publisher":"https:\/\/www.facebook.com\/statuswellness","article_modified_time":"2026-04-23T07:23:31+00:00","og_image":[{"width":1200,"height":630,"url":"https:\/\/status-wellness.pt\/wp-content\/uploads\/2023\/02\/E59BAB66-8F79-4F3F-99F3-D1C1DB2D35C1-2023-02-26-22_50_44.png","type":"image\/png"}],"twitter_card":"summary_large_image","twitter_misc":{"Estimated reading time":"1 minute"},"schema":{"@context":"https:\/\/schema.org","@graph":[{"@type":"WebPage","@id":"https:\/\/status-wellness.pt\/apoio-ao-cliente\/manutencao\/adicionar-produtos-quimicos-no-spa\/","url":"https:\/\/status-wellness.pt\/apoio-ao-cliente\/manutencao\/adicionar-produtos-quimicos-no-spa\/","name":"Adicionar produtos qu\u00edmicos no spa - Manuten\u00e7\u00e3o","isPartOf":{"@id":"https:\/\/status-wellness.pt\/#website"},"primaryImageOfPage":{"@id":"https:\/\/status-wellness.pt\/apoio-ao-cliente\/manutencao\/adicionar-produtos-quimicos-no-spa\/#primaryimage"},"image":{"@id":"https:\/\/status-wellness.pt\/apoio-ao-cliente\/manutencao\/adicionar-produtos-quimicos-no-spa\/#primaryimage"},"thumbnailUrl":"https:\/\/status-wellness.pt\/wp-content\/uploads\/2023\/02\/E59BAB66-8F79-4F3F-99F3-D1C1DB2D35C1-2023-02-26-22_50_44.png","datePublished":"2023-02-14T10:57:24+00:00","dateModified":"2026-04-23T07:23:31+00:00","description":"Descubra onde adicionar produtos qu\u00edmicos ao seu spa para manuten\u00e7\u00e3o de rotina e cuidado da \u00e1gua. Assista ao v\u00eddeo!","breadcrumb":{"@id":"https:\/\/status-wellness.pt\/apoio-ao-cliente\/manutencao\/adicionar-produtos-quimicos-no-spa\/#breadcrumb"},"inLanguage":"en-GB","potentialAction":[{"@type":"ReadAction","target":["https:\/\/status-wellness.pt\/apoio-ao-cliente\/manutencao\/adicionar-produtos-quimicos-no-spa\/"]}]},{"@type":"ImageObject","inLanguage":"en-GB","@id":"https:\/\/status-wellness.pt\/apoio-ao-cliente\/manutencao\/adicionar-produtos-quimicos-no-spa\/#primaryimage","url":"https:\/\/status-wellness.pt\/wp-content\/uploads\/2023\/02\/E59BAB66-8F79-4F3F-99F3-D1C1DB2D35C1-2023-02-26-22_50_44.png","contentUrl":"https:\/\/status-wellness.pt\/wp-content\/uploads\/2023\/02\/E59BAB66-8F79-4F3F-99F3-D1C1DB2D35C1-2023-02-26-22_50_44.png","width":1200,"height":630,"caption":"logotipo status wellness"},{"@type":"BreadcrumbList","@id":"https:\/\/status-wellness.pt\/apoio-ao-cliente\/manutencao\/adicionar-produtos-quimicos-no-spa\/#breadcrumb","itemListElement":[{"@type":"ListItem","position":1,"name":"Home","item":"https:\/\/status-wellness.pt\/"},{"@type":"ListItem","position":2,"name":"Apoio ao Cliente","item":"https:\/\/status-wellness.pt\/apoio-ao-cliente\/"},{"@type":"ListItem","position":3,"name":"Manuten\u00e7\u00e3o","item":"https:\/\/status-wellness.pt\/apoio-ao-cliente\/manutencao\/"},{"@type":"ListItem","position":4,"name":"Adicionar produtos qu\u00edmicos no spa"}]},{"@type":"WebSite","@id":"https:\/\/status-wellness.pt\/#website","url":"https:\/\/status-wellness.pt\/","name":"STATUS Wellness","description":"Spas Exteriores, Jacuzzis e Saunas","publisher":{"@id":"https:\/\/status-wellness.pt\/#organization"},"alternateName":"STATUS Wellness","potentialAction":[{"@type":"SearchAction","target":{"@type":"EntryPoint","urlTemplate":"https:\/\/status-wellness.pt\/?s={search_term_string}"},"query-input":{"@type":"PropertyValueSpecification","valueRequired":true,"valueName":"search_term_string"}}],"inLanguage":"en-GB"},{"@type":"Organization","@id":"https:\/\/status-wellness.pt\/#organization","name":"STATUS Wellness","url":"https:\/\/status-wellness.pt\/","logo":{"@type":"ImageObject","inLanguage":"en-GB","@id":"https:\/\/status-wellness.pt\/#\/schema\/logo\/image\/","url":"https:\/\/status-wellness.pt\/wp-content\/uploads\/2023\/02\/cropped-icon.png","contentUrl":"https:\/\/status-wellness.pt\/wp-content\/uploads\/2023\/02\/cropped-icon.png","width":512,"height":512,"caption":"STATUS Wellness"},"image":{"@id":"https:\/\/status-wellness.pt\/#\/schema\/logo\/image\/"},"sameAs":["https:\/\/www.facebook.com\/statuswellness","https:\/\/www.instagram.com\/status_wellness\/"]}]}},"_links":{"self":[{"href":"https:\/\/status-wellness.pt\/en\/wp-json\/wp\/v2\/pages\/870","targetHints":{"allow":["GET"]}}],"collection":[{"href":"https:\/\/status-wellness.pt\/en\/wp-json\/wp\/v2\/pages"}],"about":[{"href":"https:\/\/status-wellness.pt\/en\/wp-json\/wp\/v2\/types\/page"}],"author":[{"embeddable":true,"href":"https:\/\/status-wellness.pt\/en\/wp-json\/wp\/v2\/users\/1"}],"replies":[{"embeddable":true,"href":"https:\/\/status-wellness.pt\/en\/wp-json\/wp\/v2\/comments?post=870"}],"version-history":[{"count":18,"href":"https:\/\/status-wellness.pt\/en\/wp-json\/wp\/v2\/pages\/870\/revisions"}],"predecessor-version":[{"id":11218,"href":"https:\/\/status-wellness.pt\/en\/wp-json\/wp\/v2\/pages\/870\/revisions\/11218"}],"up":[{"embeddable":true,"href":"https:\/\/status-wellness.pt\/en\/wp-json\/wp\/v2\/pages\/858"}],"wp:featuredmedia":[{"embeddable":true,"href":"https:\/\/status-wellness.pt\/en\/wp-json\/wp\/v2\/media\/1992"}],"wp:attachment":[{"href":"https:\/\/status-wellness.pt\/en\/wp-json\/wp\/v2\/media?parent=870"}],"curies":[{"name":"wp","href":"https:\/\/api.w.org\/{rel}","templated":true}]}}