{"id":875,"date":"2023-02-14T11:01:27","date_gmt":"2023-02-14T11:01:27","guid":{"rendered":"https:\/\/demo.icodi.pt\/statuswellness\/?page_id=875"},"modified":"2026-03-22T14:37:50","modified_gmt":"2026-03-22T14:37:50","slug":"manutencao-do-seu-filtro-tri-x","status":"publish","type":"page","link":"https:\/\/status-wellness.pt\/en\/apoio-ao-cliente\/manutencao\/manutencao-do-seu-filtro-tri-x\/","title":{"rendered":"Maintaining your Tri-X filter\u200b"},"content":{"rendered":"<div data-elementor-type=\"wp-page\" data-elementor-id=\"875\" class=\"elementor elementor-875\" data-elementor-post-type=\"page\">\n\t\t\t\t\t\t<section class=\"elementor-section elementor-top-section elementor-element elementor-element-8c4c701 elementor-section-boxed elementor-section-height-default elementor-section-height-default\" data-id=\"8c4c701\" data-element_type=\"section\" data-e-type=\"section\">\n\t\t\t\t\t\t<div class=\"elementor-container elementor-column-gap-default\">\n\t\t\t\t\t<div class=\"elementor-column elementor-col-100 elementor-top-column elementor-element elementor-element-6bbe3b7\" data-id=\"6bbe3b7\" data-element_type=\"column\" data-e-type=\"column\" data-settings=\"{&quot;background_background&quot;:&quot;classic&quot;}\">\n\t\t\t<div class=\"elementor-widget-wrap elementor-element-populated\">\n\t\t\t\t\t\t<div class=\"elementor-element elementor-element-594afd9 elementor-widget elementor-widget-heading\" data-id=\"594afd9\" data-element_type=\"widget\" data-e-type=\"widget\" data-widget_type=\"heading.default\">\n\t\t\t\t<div class=\"elementor-widget-container\">\n\t\t\t\t\t<h1 class=\"elementor-heading-title elementor-size-default\">Maintaining your Tri-X filter\u200b<\/h1>\t\t\t\t<\/div>\n\t\t\t\t<\/div>\n\t\t\t\t<div class=\"elementor-element elementor-element-b467632 elementor-widget elementor-widget-text-editor\" data-id=\"b467632\" data-element_type=\"widget\" data-e-type=\"widget\" data-widget_type=\"text-editor.default\">\n\t\t\t\t<div class=\"elementor-widget-container\">\n\t\t\t\t\t\t\t\t\t<p>The <a href=\"https:\/\/status-wellness.pt\/en\/apoio-ao-cliente\/manutencao\/\"><strong>maintenance<\/strong><\/a> To ensure effective maintenance of your Tri-X filter, regular care is essential. Understanding the correct cleaning and maintenance procedures is essential to extending the life of the filter, maintaining the<\/p><p>To ensure effective maintenance of your Tri-X filter, regular care is essential. Understanding the correct cleaning and maintenance procedures is essential to extending the life of the filter, maintaining the <a href=\"https:\/\/status-wellness.pt\/en\/spas\/vantagens\/agua\/\"><strong>water<\/strong><\/a> clean and crystal clear.<\/p><p>Exploring the recommended methods and techniques for maintaining your Tri-X filter is crucial for spa owners. From removal and cleaning to regularly checking and replacing worn parts, each step plays a crucial role in preserving filter performance.<\/p><p>Additionally, it is important to understand the warning signs of a faulty filter and know how to troubleshoot them. This can help prevent further damage to the spa system and ensure a continuous and satisfactory experience for users.<\/p><p>Investing time and effort into proper Tri-X filter maintenance brings lasting benefits to spa owners. This includes cleaner water, reduced chemical consumption, and a healthier, more enjoyable environment to relax and enjoy. Here at<a href=\"https:\/\/status-wellness.pt\/en\/\"><strong> Status Wellness<\/strong><\/a>, we are ready to help and guide you in maintaining your spa's Tri-X filter <a href=\"https:\/\/www.hotspring.com\/owners\/how-to-videos\">Hotspring<\/a> for a long period of time.<\/p>\t\t\t\t\t\t\t\t<\/div>\n\t\t\t\t<\/div>\n\t\t\t\t\t<\/div>\n\t\t<\/div>\n\t\t\t\t\t<\/div>\n\t\t<\/section>\n\t\t\t\t<section class=\"elementor-section elementor-top-section elementor-element elementor-element-ad722ab elementor-section-boxed elementor-section-height-default elementor-section-height-default\" data-id=\"ad722ab\" data-element_type=\"section\" data-e-type=\"section\" data-settings=\"{&quot;background_background&quot;:&quot;classic&quot;}\">\n\t\t\t\t\t\t<div class=\"elementor-container elementor-column-gap-default\">\n\t\t\t\t\t<div class=\"elementor-column elementor-col-100 elementor-top-column elementor-element elementor-element-b0335ad\" data-id=\"b0335ad\" data-element_type=\"column\" data-e-type=\"column\">\n\t\t\t<div class=\"elementor-widget-wrap elementor-element-populated\">\n\t\t\t\t\t\t<div class=\"elementor-element elementor-element-d864f19 elementor-widget elementor-widget-video\" data-id=\"d864f19\" data-element_type=\"widget\" data-e-type=\"widget\" data-settings=\"{&quot;youtube_url&quot;:&quot;https:\\\/\\\/www.youtube.com\\\/watch?v=7Z_-ybIDMqw&quot;,&quot;video_type&quot;:&quot;youtube&quot;,&quot;controls&quot;:&quot;yes&quot;}\" data-widget_type=\"video.default\">\n\t\t\t\t<div class=\"elementor-widget-container\">\n\t\t\t\t\t\t\t<div class=\"elementor-wrapper elementor-open-inline\">\n\t\t\t<div class=\"elementor-video\"><\/div>\t\t<\/div>\n\t\t\t\t\t\t<\/div>\n\t\t\t\t<\/div>\n\t\t\t\t<div class=\"elementor-element elementor-element-bc0ea90 elementor-widget elementor-widget-text-editor\" data-id=\"bc0ea90\" data-element_type=\"widget\" data-e-type=\"widget\" data-widget_type=\"text-editor.default\">\n\t\t\t\t<div class=\"elementor-widget-container\">\n\t\t\t\t\t\t\t\t\tThe Tri-X filters on your Hot Spring hot tub have twice the cleaning area of other filter cartridges the same size and help your spa water stay cleaner longer. Even the best hot tub filters require regular cleaning. This video shows four ways to clean and maintain your Tri-X Filters as part of a monthly hot tub maintenance routine.\t\t\t\t\t\t\t\t<\/div>\n\t\t\t\t<\/div>\n\t\t\t\t\t<\/div>\n\t\t<\/div>\n\t\t\t\t\t<\/div>\n\t\t<\/section>\n\t\t\t\t<\/div>","protected":false},"excerpt":{"rendered":"<p>Manuten\u00e7\u00e3o do seu filtro Tri-X\u200b A manuten\u00e7\u00e3o adequada do filtro \u00e9 fundamental para garantir o funcionamento eficiente de qualquer sistema de spa ou piscina. O filtro Tri-X, reconhecido por sua tecnologia avan\u00e7ada e capacidade de filtragem superior, desempenha um papel crucial no equipamento de muitos propriet\u00e1rios de spas. Para garantir a efic\u00e1cia da manunten\u00e7\u00e3o do [&hellip;]<\/p>\n","protected":false},"author":1,"featured_media":1992,"parent":858,"menu_order":0,"comment_status":"closed","ping_status":"closed","template":"","meta":{"footnotes":""},"class_list":["post-875","page","type-page","status-publish","has-post-thumbnail","hentry"],"yoast_head":"<!-- This site is optimized with the Yoast SEO Premium plugin v20.4 (Yoast SEO v27.1.1) - https:\/\/yoast.com\/product\/yoast-seo-premium-wordpress\/ -->\n<title>Manuten\u00e7\u00e3o do seu filtro Tri-X\u200b - Manuten\u00e7\u00e3o<\/title>\n<meta name=\"description\" content=\"Otimize a efici\u00eancia do seu spa atrav\u00e9s da manuten\u00e7\u00e3o do seu filtro Tri-X . Descubra como garantir \u00e1gua limpa e cristalina. Visite-nos agora!\" \/>\n<meta name=\"robots\" content=\"index, follow, max-snippet:-1, max-image-preview:large, max-video-preview:-1\" \/>\n<link rel=\"canonical\" href=\"https:\/\/status-wellness.pt\/en\/apoio-ao-cliente\/manutencao\/manutencao-do-seu-filtro-tri-x\/\" \/>\n<meta property=\"og:locale\" content=\"en_GB\" \/>\n<meta property=\"og:type\" content=\"article\" \/>\n<meta property=\"og:title\" content=\"Manuten\u00e7\u00e3o do seu filtro Tri-X\u200b - Status Wellness\" \/>\n<meta property=\"og:description\" content=\"Otimize a efici\u00eancia do seu spa atrav\u00e9s da manuten\u00e7\u00e3o do seu filtro Tri-X . Descubra como garantir \u00e1gua limpa e cristalina. Visite-nos agora!\" \/>\n<meta property=\"og:url\" content=\"https:\/\/status-wellness.pt\/en\/apoio-ao-cliente\/manutencao\/manutencao-do-seu-filtro-tri-x\/\" \/>\n<meta property=\"og:site_name\" content=\"Status Wellness\" \/>\n<meta property=\"article:publisher\" content=\"https:\/\/www.facebook.com\/statuswellness\" \/>\n<meta property=\"article:modified_time\" content=\"2026-03-22T14:37:50+00:00\" \/>\n<meta property=\"og:image\" content=\"https:\/\/status-wellness.pt\/wp-content\/uploads\/2023\/02\/E59BAB66-8F79-4F3F-99F3-D1C1DB2D35C1-2023-02-26-22_50_44.png\" \/>\n\t<meta property=\"og:image:width\" content=\"1200\" \/>\n\t<meta property=\"og:image:height\" content=\"630\" \/>\n\t<meta property=\"og:image:type\" content=\"image\/png\" \/>\n<meta name=\"twitter:card\" content=\"summary_large_image\" \/>\n<meta name=\"twitter:label1\" content=\"Estimated reading time\" \/>\n\t<meta name=\"twitter:data1\" content=\"2 minutes\" \/>\n<script type=\"application\/ld+json\" class=\"yoast-schema-graph\">{\"@context\":\"https:\/\/schema.org\",\"@graph\":[{\"@type\":\"WebPage\",\"@id\":\"https:\/\/status-wellness.pt\/apoio-ao-cliente\/manutencao\/manutencao-do-seu-filtro-tri-x\/\",\"url\":\"https:\/\/status-wellness.pt\/apoio-ao-cliente\/manutencao\/manutencao-do-seu-filtro-tri-x\/\",\"name\":\"Manuten\u00e7\u00e3o do seu filtro Tri-X\u200b - Manuten\u00e7\u00e3o\",\"isPartOf\":{\"@id\":\"https:\/\/status-wellness.pt\/#website\"},\"primaryImageOfPage\":{\"@id\":\"https:\/\/status-wellness.pt\/apoio-ao-cliente\/manutencao\/manutencao-do-seu-filtro-tri-x\/#primaryimage\"},\"image\":{\"@id\":\"https:\/\/status-wellness.pt\/apoio-ao-cliente\/manutencao\/manutencao-do-seu-filtro-tri-x\/#primaryimage\"},\"thumbnailUrl\":\"https:\/\/status-wellness.pt\/wp-content\/uploads\/2023\/02\/E59BAB66-8F79-4F3F-99F3-D1C1DB2D35C1-2023-02-26-22_50_44.png\",\"datePublished\":\"2023-02-14T11:01:27+00:00\",\"dateModified\":\"2026-03-22T14:37:50+00:00\",\"description\":\"Otimize a efici\u00eancia do seu spa atrav\u00e9s da manuten\u00e7\u00e3o do seu filtro Tri-X . Descubra como garantir \u00e1gua limpa e cristalina. Visite-nos agora!\",\"breadcrumb\":{\"@id\":\"https:\/\/status-wellness.pt\/apoio-ao-cliente\/manutencao\/manutencao-do-seu-filtro-tri-x\/#breadcrumb\"},\"inLanguage\":\"en-GB\",\"potentialAction\":[{\"@type\":\"ReadAction\",\"target\":[\"https:\/\/status-wellness.pt\/apoio-ao-cliente\/manutencao\/manutencao-do-seu-filtro-tri-x\/\"]}]},{\"@type\":\"ImageObject\",\"inLanguage\":\"en-GB\",\"@id\":\"https:\/\/status-wellness.pt\/apoio-ao-cliente\/manutencao\/manutencao-do-seu-filtro-tri-x\/#primaryimage\",\"url\":\"https:\/\/status-wellness.pt\/wp-content\/uploads\/2023\/02\/E59BAB66-8F79-4F3F-99F3-D1C1DB2D35C1-2023-02-26-22_50_44.png\",\"contentUrl\":\"https:\/\/status-wellness.pt\/wp-content\/uploads\/2023\/02\/E59BAB66-8F79-4F3F-99F3-D1C1DB2D35C1-2023-02-26-22_50_44.png\",\"width\":1200,\"height\":630,\"caption\":\"logotipo status wellness\"},{\"@type\":\"BreadcrumbList\",\"@id\":\"https:\/\/status-wellness.pt\/apoio-ao-cliente\/manutencao\/manutencao-do-seu-filtro-tri-x\/#breadcrumb\",\"itemListElement\":[{\"@type\":\"ListItem\",\"position\":1,\"name\":\"Home\",\"item\":\"https:\/\/status-wellness.pt\/\"},{\"@type\":\"ListItem\",\"position\":2,\"name\":\"Apoio ao Cliente\",\"item\":\"https:\/\/status-wellness.pt\/apoio-ao-cliente\/\"},{\"@type\":\"ListItem\",\"position\":3,\"name\":\"Manuten\u00e7\u00e3o\",\"item\":\"https:\/\/status-wellness.pt\/apoio-ao-cliente\/manutencao\/\"},{\"@type\":\"ListItem\",\"position\":4,\"name\":\"Manuten\u00e7\u00e3o do seu filtro Tri-X\u200b\"}]},{\"@type\":\"WebSite\",\"@id\":\"https:\/\/status-wellness.pt\/#website\",\"url\":\"https:\/\/status-wellness.pt\/\",\"name\":\"STATUS Wellness\",\"description\":\"Spas Exteriores, Jacuzzis e Saunas\",\"publisher\":{\"@id\":\"https:\/\/status-wellness.pt\/#organization\"},\"alternateName\":\"STATUS Wellness\",\"potentialAction\":[{\"@type\":\"SearchAction\",\"target\":{\"@type\":\"EntryPoint\",\"urlTemplate\":\"https:\/\/status-wellness.pt\/?s={search_term_string}\"},\"query-input\":{\"@type\":\"PropertyValueSpecification\",\"valueRequired\":true,\"valueName\":\"search_term_string\"}}],\"inLanguage\":\"en-GB\"},{\"@type\":\"Organization\",\"@id\":\"https:\/\/status-wellness.pt\/#organization\",\"name\":\"STATUS Wellness\",\"url\":\"https:\/\/status-wellness.pt\/\",\"logo\":{\"@type\":\"ImageObject\",\"inLanguage\":\"en-GB\",\"@id\":\"https:\/\/status-wellness.pt\/#\/schema\/logo\/image\/\",\"url\":\"https:\/\/status-wellness.pt\/wp-content\/uploads\/2023\/02\/cropped-icon.png\",\"contentUrl\":\"https:\/\/status-wellness.pt\/wp-content\/uploads\/2023\/02\/cropped-icon.png\",\"width\":512,\"height\":512,\"caption\":\"STATUS Wellness\"},\"image\":{\"@id\":\"https:\/\/status-wellness.pt\/#\/schema\/logo\/image\/\"},\"sameAs\":[\"https:\/\/www.facebook.com\/statuswellness\",\"https:\/\/www.instagram.com\/status_wellness\/\"]}]}<\/script>\n<!-- \/ Yoast SEO Premium plugin. -->","yoast_head_json":{"title":"Manuten\u00e7\u00e3o do seu filtro Tri-X\u200b - Manuten\u00e7\u00e3o","description":"Otimize a efici\u00eancia do seu spa atrav\u00e9s da manuten\u00e7\u00e3o do seu filtro Tri-X . Descubra como garantir \u00e1gua limpa e cristalina. Visite-nos agora!","robots":{"index":"index","follow":"follow","max-snippet":"max-snippet:-1","max-image-preview":"max-image-preview:large","max-video-preview":"max-video-preview:-1"},"canonical":"https:\/\/status-wellness.pt\/en\/apoio-ao-cliente\/manutencao\/manutencao-do-seu-filtro-tri-x\/","og_locale":"en_GB","og_type":"article","og_title":"Manuten\u00e7\u00e3o do seu filtro Tri-X\u200b - Status Wellness","og_description":"Otimize a efici\u00eancia do seu spa atrav\u00e9s da manuten\u00e7\u00e3o do seu filtro Tri-X . Descubra como garantir \u00e1gua limpa e cristalina. Visite-nos agora!","og_url":"https:\/\/status-wellness.pt\/en\/apoio-ao-cliente\/manutencao\/manutencao-do-seu-filtro-tri-x\/","og_site_name":"Status Wellness","article_publisher":"https:\/\/www.facebook.com\/statuswellness","article_modified_time":"2026-03-22T14:37:50+00:00","og_image":[{"width":1200,"height":630,"url":"https:\/\/status-wellness.pt\/wp-content\/uploads\/2023\/02\/E59BAB66-8F79-4F3F-99F3-D1C1DB2D35C1-2023-02-26-22_50_44.png","type":"image\/png"}],"twitter_card":"summary_large_image","twitter_misc":{"Estimated reading time":"2 minutes"},"schema":{"@context":"https:\/\/schema.org","@graph":[{"@type":"WebPage","@id":"https:\/\/status-wellness.pt\/apoio-ao-cliente\/manutencao\/manutencao-do-seu-filtro-tri-x\/","url":"https:\/\/status-wellness.pt\/apoio-ao-cliente\/manutencao\/manutencao-do-seu-filtro-tri-x\/","name":"Manuten\u00e7\u00e3o do seu filtro Tri-X\u200b - Manuten\u00e7\u00e3o","isPartOf":{"@id":"https:\/\/status-wellness.pt\/#website"},"primaryImageOfPage":{"@id":"https:\/\/status-wellness.pt\/apoio-ao-cliente\/manutencao\/manutencao-do-seu-filtro-tri-x\/#primaryimage"},"image":{"@id":"https:\/\/status-wellness.pt\/apoio-ao-cliente\/manutencao\/manutencao-do-seu-filtro-tri-x\/#primaryimage"},"thumbnailUrl":"https:\/\/status-wellness.pt\/wp-content\/uploads\/2023\/02\/E59BAB66-8F79-4F3F-99F3-D1C1DB2D35C1-2023-02-26-22_50_44.png","datePublished":"2023-02-14T11:01:27+00:00","dateModified":"2026-03-22T14:37:50+00:00","description":"Otimize a efici\u00eancia do seu spa atrav\u00e9s da manuten\u00e7\u00e3o do seu filtro Tri-X . Descubra como garantir \u00e1gua limpa e cristalina. Visite-nos agora!","breadcrumb":{"@id":"https:\/\/status-wellness.pt\/apoio-ao-cliente\/manutencao\/manutencao-do-seu-filtro-tri-x\/#breadcrumb"},"inLanguage":"en-GB","potentialAction":[{"@type":"ReadAction","target":["https:\/\/status-wellness.pt\/apoio-ao-cliente\/manutencao\/manutencao-do-seu-filtro-tri-x\/"]}]},{"@type":"ImageObject","inLanguage":"en-GB","@id":"https:\/\/status-wellness.pt\/apoio-ao-cliente\/manutencao\/manutencao-do-seu-filtro-tri-x\/#primaryimage","url":"https:\/\/status-wellness.pt\/wp-content\/uploads\/2023\/02\/E59BAB66-8F79-4F3F-99F3-D1C1DB2D35C1-2023-02-26-22_50_44.png","contentUrl":"https:\/\/status-wellness.pt\/wp-content\/uploads\/2023\/02\/E59BAB66-8F79-4F3F-99F3-D1C1DB2D35C1-2023-02-26-22_50_44.png","width":1200,"height":630,"caption":"logotipo status wellness"},{"@type":"BreadcrumbList","@id":"https:\/\/status-wellness.pt\/apoio-ao-cliente\/manutencao\/manutencao-do-seu-filtro-tri-x\/#breadcrumb","itemListElement":[{"@type":"ListItem","position":1,"name":"Home","item":"https:\/\/status-wellness.pt\/"},{"@type":"ListItem","position":2,"name":"Apoio ao Cliente","item":"https:\/\/status-wellness.pt\/apoio-ao-cliente\/"},{"@type":"ListItem","position":3,"name":"Manuten\u00e7\u00e3o","item":"https:\/\/status-wellness.pt\/apoio-ao-cliente\/manutencao\/"},{"@type":"ListItem","position":4,"name":"Manuten\u00e7\u00e3o do seu filtro Tri-X\u200b"}]},{"@type":"WebSite","@id":"https:\/\/status-wellness.pt\/#website","url":"https:\/\/status-wellness.pt\/","name":"STATUS Wellness","description":"Spas Exteriores, Jacuzzis e Saunas","publisher":{"@id":"https:\/\/status-wellness.pt\/#organization"},"alternateName":"STATUS Wellness","potentialAction":[{"@type":"SearchAction","target":{"@type":"EntryPoint","urlTemplate":"https:\/\/status-wellness.pt\/?s={search_term_string}"},"query-input":{"@type":"PropertyValueSpecification","valueRequired":true,"valueName":"search_term_string"}}],"inLanguage":"en-GB"},{"@type":"Organization","@id":"https:\/\/status-wellness.pt\/#organization","name":"STATUS Wellness","url":"https:\/\/status-wellness.pt\/","logo":{"@type":"ImageObject","inLanguage":"en-GB","@id":"https:\/\/status-wellness.pt\/#\/schema\/logo\/image\/","url":"https:\/\/status-wellness.pt\/wp-content\/uploads\/2023\/02\/cropped-icon.png","contentUrl":"https:\/\/status-wellness.pt\/wp-content\/uploads\/2023\/02\/cropped-icon.png","width":512,"height":512,"caption":"STATUS Wellness"},"image":{"@id":"https:\/\/status-wellness.pt\/#\/schema\/logo\/image\/"},"sameAs":["https:\/\/www.facebook.com\/statuswellness","https:\/\/www.instagram.com\/status_wellness\/"]}]}},"_links":{"self":[{"href":"https:\/\/status-wellness.pt\/en\/wp-json\/wp\/v2\/pages\/875","targetHints":{"allow":["GET"]}}],"collection":[{"href":"https:\/\/status-wellness.pt\/en\/wp-json\/wp\/v2\/pages"}],"about":[{"href":"https:\/\/status-wellness.pt\/en\/wp-json\/wp\/v2\/types\/page"}],"author":[{"embeddable":true,"href":"https:\/\/status-wellness.pt\/en\/wp-json\/wp\/v2\/users\/1"}],"replies":[{"embeddable":true,"href":"https:\/\/status-wellness.pt\/en\/wp-json\/wp\/v2\/comments?post=875"}],"version-history":[{"count":18,"href":"https:\/\/status-wellness.pt\/en\/wp-json\/wp\/v2\/pages\/875\/revisions"}],"predecessor-version":[{"id":11030,"href":"https:\/\/status-wellness.pt\/en\/wp-json\/wp\/v2\/pages\/875\/revisions\/11030"}],"up":[{"embeddable":true,"href":"https:\/\/status-wellness.pt\/en\/wp-json\/wp\/v2\/pages\/858"}],"wp:featuredmedia":[{"embeddable":true,"href":"https:\/\/status-wellness.pt\/en\/wp-json\/wp\/v2\/media\/1992"}],"wp:attachment":[{"href":"https:\/\/status-wellness.pt\/en\/wp-json\/wp\/v2\/media?parent=875"}],"curies":[{"name":"wp","href":"https:\/\/api.w.org\/{rel}","templated":true}]}}