{"id":880,"date":"2023-02-14T11:03:45","date_gmt":"2023-02-14T11:03:45","guid":{"rendered":"https:\/\/demo.icodi.pt\/statuswellness\/?page_id=880"},"modified":"2026-03-22T14:38:02","modified_gmt":"2026-03-22T14:38:02","slug":"manutencao-dos-filtros-do-seu-spa","status":"publish","type":"page","link":"https:\/\/status-wellness.pt\/en\/apoio-ao-cliente\/manutencao\/manutencao-dos-filtros-do-seu-spa\/","title":{"rendered":"Maintaining your spa filters"},"content":{"rendered":"<div data-elementor-type=\"wp-page\" data-elementor-id=\"880\" class=\"elementor elementor-880\" data-elementor-post-type=\"page\">\n\t\t\t\t\t\t<section class=\"elementor-section elementor-top-section elementor-element elementor-element-9ecb208 elementor-section-boxed elementor-section-height-default elementor-section-height-default\" data-id=\"9ecb208\" data-element_type=\"section\" data-e-type=\"section\">\n\t\t\t\t\t\t<div class=\"elementor-container elementor-column-gap-default\">\n\t\t\t\t\t<div class=\"elementor-column elementor-col-100 elementor-top-column elementor-element elementor-element-db5910c\" data-id=\"db5910c\" data-element_type=\"column\" data-e-type=\"column\" data-settings=\"{&quot;background_background&quot;:&quot;classic&quot;}\">\n\t\t\t<div class=\"elementor-widget-wrap elementor-element-populated\">\n\t\t\t\t\t\t<div class=\"elementor-element elementor-element-76c10f4 elementor-widget elementor-widget-heading\" data-id=\"76c10f4\" data-element_type=\"widget\" data-e-type=\"widget\" data-widget_type=\"heading.default\">\n\t\t\t\t<div class=\"elementor-widget-container\">\n\t\t\t\t\t<h1 class=\"elementor-heading-title elementor-size-default\">Maintaining your spa filters<\/h1>\t\t\t\t<\/div>\n\t\t\t\t<\/div>\n\t\t\t\t<div class=\"elementor-element elementor-element-acf9eda elementor-widget elementor-widget-text-editor\" data-id=\"acf9eda\" data-element_type=\"widget\" data-e-type=\"widget\" data-widget_type=\"text-editor.default\">\n\t\t\t\t<div class=\"elementor-widget-container\">\n\t\t\t\t\t\t\t\t\t<p>The <a href=\"https:\/\/status-wellness.pt\/en\/apoio-ao-cliente\/manutencao\/\"><strong>maintenance<\/strong><\/a> of filters is essential to ensure efficient operation and purity of water in a spa. Filters play a crucial role in removing impurities, debris and contaminants, keeping the water clean, crystal clear and safe for visitors.<\/p><p>Over time, filters can accumulate debris, which reduces their effectiveness and increases the strain on the circulation system. Therefore, it is essential to carry out regular maintenance on the filters to ensure they function properly and extend their useful life.<\/p><p>Spa filter maintenance involves several steps, including periodic cleaning and replacement of the filter elements. Depending on the type of filter used, specific procedures may be necessary to ensure complete and effective cleaning.<\/p><p class=\"translation-block\">It is crucial to be aware of signs of wear or obstruction in the filters, such as reduced <strong><a href=\"https:\/\/status-wellness.pt\/en\/spas\/vantagens\/agua\/\" target=\"_self\"> water<\/a><\/strong> flow or a lower efficiency in removing dirt. Identifying and correcting filter problems can prevent damage to equipment and ensure continued efficient spa operation.<\/p><p class=\"translation-block\">Proper filter maintenance not only improves water quality, but also contributes to the energy efficiency of your spa by reducing energy consumption and extending the life of other system components. Here at S<strong><a href=\"https:\/\/status-wellness.pt\/en\/\" target=\"_self\">tatus Wellness<\/a><\/strong> we will help you maintain your filters spa <a href=\"https:\/\/www.hotspring.com\/owners\/how-to-videos\" target=\"_self\">Hotspring<\/a>.<\/p>\t\t\t\t\t\t\t\t<\/div>\n\t\t\t\t<\/div>\n\t\t\t\t\t<\/div>\n\t\t<\/div>\n\t\t\t\t\t<\/div>\n\t\t<\/section>\n\t\t\t\t<section class=\"elementor-section elementor-top-section elementor-element elementor-element-8b4f53e elementor-section-boxed elementor-section-height-default elementor-section-height-default\" data-id=\"8b4f53e\" data-element_type=\"section\" data-e-type=\"section\" data-settings=\"{&quot;background_background&quot;:&quot;classic&quot;}\">\n\t\t\t\t\t\t<div class=\"elementor-container elementor-column-gap-default\">\n\t\t\t\t\t<div class=\"elementor-column elementor-col-100 elementor-top-column elementor-element elementor-element-12586d8\" data-id=\"12586d8\" data-element_type=\"column\" data-e-type=\"column\">\n\t\t\t<div class=\"elementor-widget-wrap elementor-element-populated\">\n\t\t\t\t\t\t<div class=\"elementor-element elementor-element-91afc87 elementor-widget elementor-widget-video\" data-id=\"91afc87\" data-element_type=\"widget\" data-e-type=\"widget\" data-settings=\"{&quot;youtube_url&quot;:&quot;https:\\\/\\\/www.youtube.com\\\/watch?v=I9D8o9Rc05g&quot;,&quot;video_type&quot;:&quot;youtube&quot;,&quot;controls&quot;:&quot;yes&quot;}\" data-widget_type=\"video.default\">\n\t\t\t\t<div class=\"elementor-widget-container\">\n\t\t\t\t\t\t\t<div class=\"elementor-wrapper elementor-open-inline\">\n\t\t\t<div class=\"elementor-video\"><\/div>\t\t<\/div>\n\t\t\t\t\t\t<\/div>\n\t\t\t\t<\/div>\n\t\t\t\t<div class=\"elementor-element elementor-element-c839e7a elementor-widget elementor-widget-text-editor\" data-id=\"c839e7a\" data-element_type=\"widget\" data-e-type=\"widget\" data-widget_type=\"text-editor.default\">\n\t\t\t\t<div class=\"elementor-widget-container\">\n\t\t\t\t\t\t\t\t\tRegular hot tub maintenance includes cleaning spa filters on a regular schedule. This will ensure the best performance for a clean spa. There are a few methods for cleaning your spa filter. This video shows you how to locate the hot tub filter in the filter housing and the three options to clean your Hot Spring spa filter.\t\t\t\t\t\t\t\t<\/div>\n\t\t\t\t<\/div>\n\t\t\t\t\t<\/div>\n\t\t<\/div>\n\t\t\t\t\t<\/div>\n\t\t<\/section>\n\t\t\t\t<\/div>","protected":false},"excerpt":{"rendered":"<p>Manuten\u00e7\u00e3o dos filtros do seu spa\u200b A manuten\u00e7\u00e3o dos filtros \u00e9 fundamental para assegurar o funcionamento eficiente e a pureza da \u00e1gua num spa. Os filtros desempenham um papel crucial na elimina\u00e7\u00e3o de impurezas, detritos e contaminantes, mantendo a \u00e1gua limpa, cristalina e segura para os frequentadores. Com o passar do tempo, os filtros podem [&hellip;]<\/p>\n","protected":false},"author":1,"featured_media":1992,"parent":858,"menu_order":0,"comment_status":"closed","ping_status":"closed","template":"","meta":{"footnotes":""},"class_list":["post-880","page","type-page","status-publish","has-post-thumbnail","hentry"],"yoast_head":"<!-- This site is optimized with the Yoast SEO Premium plugin v20.4 (Yoast SEO v27.1.1) - https:\/\/yoast.com\/product\/yoast-seo-premium-wordpress\/ -->\n<title>Manuten\u00e7\u00e3o dos filtros do seu spa\u200b - Manuten\u00e7\u00e3o<\/title>\n<meta name=\"description\" content=\"Descubra como manter seu spa impec\u00e1vel com a limpeza regular dos filtros. Assista ao v\u00eddeo para ajudar na manuten\u00e7\u00e3o dos filtros do seu spa.\" \/>\n<meta name=\"robots\" content=\"index, follow, max-snippet:-1, max-image-preview:large, max-video-preview:-1\" \/>\n<link rel=\"canonical\" href=\"https:\/\/status-wellness.pt\/en\/apoio-ao-cliente\/manutencao\/manutencao-dos-filtros-do-seu-spa\/\" \/>\n<meta property=\"og:locale\" content=\"en_GB\" \/>\n<meta property=\"og:type\" content=\"article\" \/>\n<meta property=\"og:title\" content=\"Manuten\u00e7\u00e3o dos filtros do seu spa\u200b - Status Wellness\" \/>\n<meta property=\"og:description\" content=\"Descubra como manter seu spa impec\u00e1vel com a limpeza regular dos filtros. Assista ao v\u00eddeo para ajudar na manuten\u00e7\u00e3o dos filtros do seu spa.\" \/>\n<meta property=\"og:url\" content=\"https:\/\/status-wellness.pt\/en\/apoio-ao-cliente\/manutencao\/manutencao-dos-filtros-do-seu-spa\/\" \/>\n<meta property=\"og:site_name\" content=\"Status Wellness\" \/>\n<meta property=\"article:publisher\" content=\"https:\/\/www.facebook.com\/statuswellness\" \/>\n<meta property=\"article:modified_time\" content=\"2026-03-22T14:38:02+00:00\" \/>\n<meta property=\"og:image\" content=\"https:\/\/status-wellness.pt\/wp-content\/uploads\/2023\/02\/E59BAB66-8F79-4F3F-99F3-D1C1DB2D35C1-2023-02-26-22_50_44.png\" \/>\n\t<meta property=\"og:image:width\" content=\"1200\" \/>\n\t<meta property=\"og:image:height\" content=\"630\" \/>\n\t<meta property=\"og:image:type\" content=\"image\/png\" \/>\n<meta name=\"twitter:card\" content=\"summary_large_image\" \/>\n<meta name=\"twitter:label1\" content=\"Estimated reading time\" \/>\n\t<meta name=\"twitter:data1\" content=\"2 minutes\" \/>\n<script type=\"application\/ld+json\" class=\"yoast-schema-graph\">{\"@context\":\"https:\/\/schema.org\",\"@graph\":[{\"@type\":\"WebPage\",\"@id\":\"https:\/\/status-wellness.pt\/apoio-ao-cliente\/manutencao\/manutencao-dos-filtros-do-seu-spa\/\",\"url\":\"https:\/\/status-wellness.pt\/apoio-ao-cliente\/manutencao\/manutencao-dos-filtros-do-seu-spa\/\",\"name\":\"Manuten\u00e7\u00e3o dos filtros do seu spa\u200b - Manuten\u00e7\u00e3o\",\"isPartOf\":{\"@id\":\"https:\/\/status-wellness.pt\/#website\"},\"primaryImageOfPage\":{\"@id\":\"https:\/\/status-wellness.pt\/apoio-ao-cliente\/manutencao\/manutencao-dos-filtros-do-seu-spa\/#primaryimage\"},\"image\":{\"@id\":\"https:\/\/status-wellness.pt\/apoio-ao-cliente\/manutencao\/manutencao-dos-filtros-do-seu-spa\/#primaryimage\"},\"thumbnailUrl\":\"https:\/\/status-wellness.pt\/wp-content\/uploads\/2023\/02\/E59BAB66-8F79-4F3F-99F3-D1C1DB2D35C1-2023-02-26-22_50_44.png\",\"datePublished\":\"2023-02-14T11:03:45+00:00\",\"dateModified\":\"2026-03-22T14:38:02+00:00\",\"description\":\"Descubra como manter seu spa impec\u00e1vel com a limpeza regular dos filtros. Assista ao v\u00eddeo para ajudar na manuten\u00e7\u00e3o dos filtros do seu spa.\",\"breadcrumb\":{\"@id\":\"https:\/\/status-wellness.pt\/apoio-ao-cliente\/manutencao\/manutencao-dos-filtros-do-seu-spa\/#breadcrumb\"},\"inLanguage\":\"en-GB\",\"potentialAction\":[{\"@type\":\"ReadAction\",\"target\":[\"https:\/\/status-wellness.pt\/apoio-ao-cliente\/manutencao\/manutencao-dos-filtros-do-seu-spa\/\"]}]},{\"@type\":\"ImageObject\",\"inLanguage\":\"en-GB\",\"@id\":\"https:\/\/status-wellness.pt\/apoio-ao-cliente\/manutencao\/manutencao-dos-filtros-do-seu-spa\/#primaryimage\",\"url\":\"https:\/\/status-wellness.pt\/wp-content\/uploads\/2023\/02\/E59BAB66-8F79-4F3F-99F3-D1C1DB2D35C1-2023-02-26-22_50_44.png\",\"contentUrl\":\"https:\/\/status-wellness.pt\/wp-content\/uploads\/2023\/02\/E59BAB66-8F79-4F3F-99F3-D1C1DB2D35C1-2023-02-26-22_50_44.png\",\"width\":1200,\"height\":630,\"caption\":\"logotipo status wellness\"},{\"@type\":\"BreadcrumbList\",\"@id\":\"https:\/\/status-wellness.pt\/apoio-ao-cliente\/manutencao\/manutencao-dos-filtros-do-seu-spa\/#breadcrumb\",\"itemListElement\":[{\"@type\":\"ListItem\",\"position\":1,\"name\":\"Home\",\"item\":\"https:\/\/status-wellness.pt\/\"},{\"@type\":\"ListItem\",\"position\":2,\"name\":\"Apoio ao Cliente\",\"item\":\"https:\/\/status-wellness.pt\/apoio-ao-cliente\/\"},{\"@type\":\"ListItem\",\"position\":3,\"name\":\"Manuten\u00e7\u00e3o\",\"item\":\"https:\/\/status-wellness.pt\/apoio-ao-cliente\/manutencao\/\"},{\"@type\":\"ListItem\",\"position\":4,\"name\":\"Manuten\u00e7\u00e3o dos filtros do seu spa\u200b\"}]},{\"@type\":\"WebSite\",\"@id\":\"https:\/\/status-wellness.pt\/#website\",\"url\":\"https:\/\/status-wellness.pt\/\",\"name\":\"STATUS Wellness\",\"description\":\"Spas Exteriores, Jacuzzis e Saunas\",\"publisher\":{\"@id\":\"https:\/\/status-wellness.pt\/#organization\"},\"alternateName\":\"STATUS Wellness\",\"potentialAction\":[{\"@type\":\"SearchAction\",\"target\":{\"@type\":\"EntryPoint\",\"urlTemplate\":\"https:\/\/status-wellness.pt\/?s={search_term_string}\"},\"query-input\":{\"@type\":\"PropertyValueSpecification\",\"valueRequired\":true,\"valueName\":\"search_term_string\"}}],\"inLanguage\":\"en-GB\"},{\"@type\":\"Organization\",\"@id\":\"https:\/\/status-wellness.pt\/#organization\",\"name\":\"STATUS Wellness\",\"url\":\"https:\/\/status-wellness.pt\/\",\"logo\":{\"@type\":\"ImageObject\",\"inLanguage\":\"en-GB\",\"@id\":\"https:\/\/status-wellness.pt\/#\/schema\/logo\/image\/\",\"url\":\"https:\/\/status-wellness.pt\/wp-content\/uploads\/2023\/02\/cropped-icon.png\",\"contentUrl\":\"https:\/\/status-wellness.pt\/wp-content\/uploads\/2023\/02\/cropped-icon.png\",\"width\":512,\"height\":512,\"caption\":\"STATUS Wellness\"},\"image\":{\"@id\":\"https:\/\/status-wellness.pt\/#\/schema\/logo\/image\/\"},\"sameAs\":[\"https:\/\/www.facebook.com\/statuswellness\",\"https:\/\/www.instagram.com\/status_wellness\/\"]}]}<\/script>\n<!-- \/ Yoast SEO Premium plugin. -->","yoast_head_json":{"title":"Manuten\u00e7\u00e3o dos filtros do seu spa\u200b - Manuten\u00e7\u00e3o","description":"Descubra como manter seu spa impec\u00e1vel com a limpeza regular dos filtros. Assista ao v\u00eddeo para ajudar na manuten\u00e7\u00e3o dos filtros do seu spa.","robots":{"index":"index","follow":"follow","max-snippet":"max-snippet:-1","max-image-preview":"max-image-preview:large","max-video-preview":"max-video-preview:-1"},"canonical":"https:\/\/status-wellness.pt\/en\/apoio-ao-cliente\/manutencao\/manutencao-dos-filtros-do-seu-spa\/","og_locale":"en_GB","og_type":"article","og_title":"Manuten\u00e7\u00e3o dos filtros do seu spa\u200b - Status Wellness","og_description":"Descubra como manter seu spa impec\u00e1vel com a limpeza regular dos filtros. Assista ao v\u00eddeo para ajudar na manuten\u00e7\u00e3o dos filtros do seu spa.","og_url":"https:\/\/status-wellness.pt\/en\/apoio-ao-cliente\/manutencao\/manutencao-dos-filtros-do-seu-spa\/","og_site_name":"Status Wellness","article_publisher":"https:\/\/www.facebook.com\/statuswellness","article_modified_time":"2026-03-22T14:38:02+00:00","og_image":[{"width":1200,"height":630,"url":"https:\/\/status-wellness.pt\/wp-content\/uploads\/2023\/02\/E59BAB66-8F79-4F3F-99F3-D1C1DB2D35C1-2023-02-26-22_50_44.png","type":"image\/png"}],"twitter_card":"summary_large_image","twitter_misc":{"Estimated reading time":"2 minutes"},"schema":{"@context":"https:\/\/schema.org","@graph":[{"@type":"WebPage","@id":"https:\/\/status-wellness.pt\/apoio-ao-cliente\/manutencao\/manutencao-dos-filtros-do-seu-spa\/","url":"https:\/\/status-wellness.pt\/apoio-ao-cliente\/manutencao\/manutencao-dos-filtros-do-seu-spa\/","name":"Manuten\u00e7\u00e3o dos filtros do seu spa\u200b - Manuten\u00e7\u00e3o","isPartOf":{"@id":"https:\/\/status-wellness.pt\/#website"},"primaryImageOfPage":{"@id":"https:\/\/status-wellness.pt\/apoio-ao-cliente\/manutencao\/manutencao-dos-filtros-do-seu-spa\/#primaryimage"},"image":{"@id":"https:\/\/status-wellness.pt\/apoio-ao-cliente\/manutencao\/manutencao-dos-filtros-do-seu-spa\/#primaryimage"},"thumbnailUrl":"https:\/\/status-wellness.pt\/wp-content\/uploads\/2023\/02\/E59BAB66-8F79-4F3F-99F3-D1C1DB2D35C1-2023-02-26-22_50_44.png","datePublished":"2023-02-14T11:03:45+00:00","dateModified":"2026-03-22T14:38:02+00:00","description":"Descubra como manter seu spa impec\u00e1vel com a limpeza regular dos filtros. Assista ao v\u00eddeo para ajudar na manuten\u00e7\u00e3o dos filtros do seu spa.","breadcrumb":{"@id":"https:\/\/status-wellness.pt\/apoio-ao-cliente\/manutencao\/manutencao-dos-filtros-do-seu-spa\/#breadcrumb"},"inLanguage":"en-GB","potentialAction":[{"@type":"ReadAction","target":["https:\/\/status-wellness.pt\/apoio-ao-cliente\/manutencao\/manutencao-dos-filtros-do-seu-spa\/"]}]},{"@type":"ImageObject","inLanguage":"en-GB","@id":"https:\/\/status-wellness.pt\/apoio-ao-cliente\/manutencao\/manutencao-dos-filtros-do-seu-spa\/#primaryimage","url":"https:\/\/status-wellness.pt\/wp-content\/uploads\/2023\/02\/E59BAB66-8F79-4F3F-99F3-D1C1DB2D35C1-2023-02-26-22_50_44.png","contentUrl":"https:\/\/status-wellness.pt\/wp-content\/uploads\/2023\/02\/E59BAB66-8F79-4F3F-99F3-D1C1DB2D35C1-2023-02-26-22_50_44.png","width":1200,"height":630,"caption":"logotipo status wellness"},{"@type":"BreadcrumbList","@id":"https:\/\/status-wellness.pt\/apoio-ao-cliente\/manutencao\/manutencao-dos-filtros-do-seu-spa\/#breadcrumb","itemListElement":[{"@type":"ListItem","position":1,"name":"Home","item":"https:\/\/status-wellness.pt\/"},{"@type":"ListItem","position":2,"name":"Apoio ao Cliente","item":"https:\/\/status-wellness.pt\/apoio-ao-cliente\/"},{"@type":"ListItem","position":3,"name":"Manuten\u00e7\u00e3o","item":"https:\/\/status-wellness.pt\/apoio-ao-cliente\/manutencao\/"},{"@type":"ListItem","position":4,"name":"Manuten\u00e7\u00e3o dos filtros do seu spa\u200b"}]},{"@type":"WebSite","@id":"https:\/\/status-wellness.pt\/#website","url":"https:\/\/status-wellness.pt\/","name":"STATUS Wellness","description":"Spas Exteriores, Jacuzzis e Saunas","publisher":{"@id":"https:\/\/status-wellness.pt\/#organization"},"alternateName":"STATUS Wellness","potentialAction":[{"@type":"SearchAction","target":{"@type":"EntryPoint","urlTemplate":"https:\/\/status-wellness.pt\/?s={search_term_string}"},"query-input":{"@type":"PropertyValueSpecification","valueRequired":true,"valueName":"search_term_string"}}],"inLanguage":"en-GB"},{"@type":"Organization","@id":"https:\/\/status-wellness.pt\/#organization","name":"STATUS Wellness","url":"https:\/\/status-wellness.pt\/","logo":{"@type":"ImageObject","inLanguage":"en-GB","@id":"https:\/\/status-wellness.pt\/#\/schema\/logo\/image\/","url":"https:\/\/status-wellness.pt\/wp-content\/uploads\/2023\/02\/cropped-icon.png","contentUrl":"https:\/\/status-wellness.pt\/wp-content\/uploads\/2023\/02\/cropped-icon.png","width":512,"height":512,"caption":"STATUS Wellness"},"image":{"@id":"https:\/\/status-wellness.pt\/#\/schema\/logo\/image\/"},"sameAs":["https:\/\/www.facebook.com\/statuswellness","https:\/\/www.instagram.com\/status_wellness\/"]}]}},"_links":{"self":[{"href":"https:\/\/status-wellness.pt\/en\/wp-json\/wp\/v2\/pages\/880","targetHints":{"allow":["GET"]}}],"collection":[{"href":"https:\/\/status-wellness.pt\/en\/wp-json\/wp\/v2\/pages"}],"about":[{"href":"https:\/\/status-wellness.pt\/en\/wp-json\/wp\/v2\/types\/page"}],"author":[{"embeddable":true,"href":"https:\/\/status-wellness.pt\/en\/wp-json\/wp\/v2\/users\/1"}],"replies":[{"embeddable":true,"href":"https:\/\/status-wellness.pt\/en\/wp-json\/wp\/v2\/comments?post=880"}],"version-history":[{"count":9,"href":"https:\/\/status-wellness.pt\/en\/wp-json\/wp\/v2\/pages\/880\/revisions"}],"predecessor-version":[{"id":11031,"href":"https:\/\/status-wellness.pt\/en\/wp-json\/wp\/v2\/pages\/880\/revisions\/11031"}],"up":[{"embeddable":true,"href":"https:\/\/status-wellness.pt\/en\/wp-json\/wp\/v2\/pages\/858"}],"wp:featuredmedia":[{"embeddable":true,"href":"https:\/\/status-wellness.pt\/en\/wp-json\/wp\/v2\/media\/1992"}],"wp:attachment":[{"href":"https:\/\/status-wellness.pt\/en\/wp-json\/wp\/v2\/media?parent=880"}],"curies":[{"name":"wp","href":"https:\/\/api.w.org\/{rel}","templated":true}]}}