{"id":885,"date":"2023-02-14T11:06:36","date_gmt":"2023-02-14T11:06:36","guid":{"rendered":"https:\/\/demo.icodi.pt\/statuswellness\/?page_id=885"},"modified":"2026-03-22T14:37:13","modified_gmt":"2026-03-22T14:37:13","slug":"coberturas-e-elevadores-do-seu-spa","status":"publish","type":"page","link":"https:\/\/status-wellness.pt\/en\/apoio-ao-cliente\/manutencao\/coberturas-e-elevadores-do-seu-spa\/","title":{"rendered":"Spa covers and lifts\u200b"},"content":{"rendered":"\t\t<div data-elementor-type=\"wp-page\" data-elementor-id=\"885\" class=\"elementor elementor-885\" data-elementor-post-type=\"page\">\n\t\t\t\t\t\t<section class=\"elementor-section elementor-top-section elementor-element elementor-element-6a59707 elementor-section-boxed elementor-section-height-default elementor-section-height-default\" data-id=\"6a59707\" data-element_type=\"section\" data-e-type=\"section\">\n\t\t\t\t\t\t<div class=\"elementor-container elementor-column-gap-default\">\n\t\t\t\t\t<div class=\"elementor-column elementor-col-100 elementor-top-column elementor-element elementor-element-3b30676\" data-id=\"3b30676\" data-element_type=\"column\" data-e-type=\"column\" data-settings=\"{&quot;background_background&quot;:&quot;classic&quot;}\">\n\t\t\t<div class=\"elementor-widget-wrap elementor-element-populated\">\n\t\t\t\t\t\t<div class=\"elementor-element elementor-element-441eeb3 elementor-widget elementor-widget-heading\" data-id=\"441eeb3\" data-element_type=\"widget\" data-e-type=\"widget\" data-widget_type=\"heading.default\">\n\t\t\t\t<div class=\"elementor-widget-container\">\n\t\t\t\t\t<h1 class=\"elementor-heading-title elementor-size-default\">Coberturas e elevadores do seu spa\u200b<\/h1>\t\t\t\t<\/div>\n\t\t\t\t<\/div>\n\t\t\t\t<div class=\"elementor-element elementor-element-72d318e elementor-widget elementor-widget-text-editor\" data-id=\"72d318e\" data-element_type=\"widget\" data-e-type=\"widget\" data-widget_type=\"text-editor.default\">\n\t\t\t\t<div class=\"elementor-widget-container\">\n\t\t\t\t\t\t\t\t\t<div class=\"react-scroll-to-bottom--css-ldwby-1n7m0yu\"><div class=\"flex flex-col text-sm pb-9\"><div class=\"w-full text-token-text-primary sm:AIPRM__conversation__response\" data-testid=\"conversation-turn-7\"><div class=\"px-4 py-2 justify-center text-base md:gap-6 m-auto\"><div class=\"flex flex-1 text-base mx-auto gap-3 md:px-5 lg:px-1 xl:px-5 md:max-w-3xl lg:max-w-[40rem] xl:max-w-[48rem] group final-completion\"><div class=\"relative flex w-full flex-col agent-turn\"><div class=\"flex-col gap-1 md:gap-3\"><div class=\"flex flex-grow flex-col max-w-full\"><div class=\"min-h-[20px] text-message flex flex-col items-start gap-3 whitespace-pre-wrap break-words [.text-message+&amp;]:mt-5 overflow-x-auto\" data-message-author-role=\"assistant\" data-message-id=\"1daf0a10-5f87-4de2-b413-93783a7c7c6b\"><div class=\"markdown prose w-full break-words dark:prose-invert light AIPRM__conversation__response\"><p>As coberturas do spa desempenham um papel crucial na manuten\u00e7\u00e3o do seu spa <a href=\"https:\/\/www.hotspring.com\/owners\/how-to-videos\">Hotspring<\/a>. Al\u00e9m disso, ajudam a <a href=\"https:\/\/status-wellness.pt\/spas\/vantagens\/\"><strong>reduzir os custos de energia<\/strong><\/a>,o que mant\u00e9m calor gerado pelo sistema de aquecimento e minimiza a necessidade de reabastecimento frequente da \u00e1gua.<\/p><p>J\u00e1 os elevadores para o spa t\u00eam se tornado cada vez mais populares devido aos benef\u00edcios que oferecem em termos de acessibilidade e seguran\u00e7a. Permitem que pessoas de todas as idades possam desfrutar das instala\u00e7\u00f5es do <a href=\"https:\/\/status-wellness.pt\/spas\/\"><strong>spa<\/strong> <\/a>com facilidade, o que proporciona uma experi\u00eancia inclusiva e confort\u00e1vel.<\/p><p>Ao considerar a instala\u00e7\u00e3o de coberturas e elevadores para o seu spa, \u00e9 importante escolher produtos de alta qualidade, dur\u00e1veis e que atendam \u00e0s necessidades espec\u00edficas do seu utilizador. Al\u00e9m disso, a <a href=\"https:\/\/status-wellness.pt\/apoio-ao-cliente\/manutencao\/\"><strong>manuten\u00e7\u00e3o<\/strong><\/a> regular desses elementos \u00e9 fundamental para garantir seu funcionamento adequado e prolongar sua vida \u00fatil.<\/p><p>Em resumo, as coberturas e os elevadores para o spa desempenham pap\u00e9is essenciais na opera\u00e7\u00e3o e na experi\u00eancia dos utilizadores de spas. Ao investir em produtos de qualidade e adotar pr\u00e1ticas de manuten\u00e7\u00e3o adequadas para o seu spa, os propriet\u00e1rios podem proporcionar um ambiente acess\u00edvel e confort\u00e1vel. Isto promove o bem-estar e a satisfa\u00e7\u00e3o dos clientes no spa Hotspring aqui na <a href=\"https:\/\/status-wellness.pt\/\"><strong>Status Wellness<\/strong><\/a>.<\/p><\/div><\/div><\/div><\/div><\/div><\/div><\/div><\/div><\/div><\/div>\t\t\t\t\t\t\t\t<\/div>\n\t\t\t\t<\/div>\n\t\t\t\t\t<\/div>\n\t\t<\/div>\n\t\t\t\t\t<\/div>\n\t\t<\/section>\n\t\t\t\t<section class=\"elementor-section elementor-top-section elementor-element elementor-element-c950688 elementor-section-boxed elementor-section-height-default elementor-section-height-default\" data-id=\"c950688\" data-element_type=\"section\" data-e-type=\"section\" data-settings=\"{&quot;background_background&quot;:&quot;classic&quot;}\">\n\t\t\t\t\t\t<div class=\"elementor-container elementor-column-gap-default\">\n\t\t\t\t\t<div class=\"elementor-column elementor-col-100 elementor-top-column elementor-element elementor-element-43e854a\" data-id=\"43e854a\" data-element_type=\"column\" data-e-type=\"column\">\n\t\t\t<div class=\"elementor-widget-wrap elementor-element-populated\">\n\t\t\t\t\t\t<div class=\"elementor-element elementor-element-9f89bbf elementor-widget elementor-widget-heading\" data-id=\"9f89bbf\" data-element_type=\"widget\" data-e-type=\"widget\" data-widget_type=\"heading.default\">\n\t\t\t\t<div class=\"elementor-widget-container\">\n\t\t\t\t\t<h2 class=\"elementor-heading-title elementor-size-default\">Como usar o seu elevador Covercradle\u2122<\/h2>\t\t\t\t<\/div>\n\t\t\t\t<\/div>\n\t\t\t\t<div class=\"elementor-element elementor-element-1a45ade elementor-widget elementor-widget-video\" data-id=\"1a45ade\" data-element_type=\"widget\" data-e-type=\"widget\" data-settings=\"{&quot;youtube_url&quot;:&quot;https:\\\/\\\/www.youtube.com\\\/watch?v=SEdymZetBy0&quot;,&quot;video_type&quot;:&quot;youtube&quot;,&quot;controls&quot;:&quot;yes&quot;}\" data-widget_type=\"video.default\">\n\t\t\t\t<div class=\"elementor-widget-container\">\n\t\t\t\t\t\t\t<div class=\"elementor-wrapper elementor-open-inline\">\n\t\t\t<div class=\"elementor-video\"><\/div>\t\t<\/div>\n\t\t\t\t\t\t<\/div>\n\t\t\t\t<\/div>\n\t\t\t\t<div class=\"elementor-element elementor-element-300e7aa elementor-widget elementor-widget-text-editor\" data-id=\"300e7aa\" data-element_type=\"widget\" data-e-type=\"widget\" data-widget_type=\"text-editor.default\">\n\t\t\t\t<div class=\"elementor-widget-container\">\n\t\t\t\t\t\t\t\t\t<p>Este v\u00eddeo mostra como usar o elevador de capa de molas a g\u00e1s pneum\u00e1tico duplo para obter o benef\u00edcio mais duradouro da sua capa personalizada do spa HotSpring.<\/p>\t\t\t\t\t\t\t\t<\/div>\n\t\t\t\t<\/div>\n\t\t\t\t\t<\/div>\n\t\t<\/div>\n\t\t\t\t\t<\/div>\n\t\t<\/section>\n\t\t\t\t<section class=\"elementor-section elementor-top-section elementor-element elementor-element-0c480fa elementor-section-boxed elementor-section-height-default elementor-section-height-default\" data-id=\"0c480fa\" data-element_type=\"section\" data-e-type=\"section\" data-settings=\"{&quot;background_background&quot;:&quot;classic&quot;}\">\n\t\t\t\t\t\t<div class=\"elementor-container elementor-column-gap-default\">\n\t\t\t\t\t<div class=\"elementor-column elementor-col-100 elementor-top-column elementor-element elementor-element-14824e3\" data-id=\"14824e3\" data-element_type=\"column\" data-e-type=\"column\">\n\t\t\t<div class=\"elementor-widget-wrap elementor-element-populated\">\n\t\t\t\t\t\t<div class=\"elementor-element elementor-element-adaafce elementor-widget elementor-widget-heading\" data-id=\"adaafce\" data-element_type=\"widget\" data-e-type=\"widget\" data-widget_type=\"heading.default\">\n\t\t\t\t<div class=\"elementor-widget-container\">\n\t\t\t\t\t<h2 class=\"elementor-heading-title elementor-size-default\">Como usar o seu elevador Covercradle\u2122 II<\/h2>\t\t\t\t<\/div>\n\t\t\t\t<\/div>\n\t\t\t\t<div class=\"elementor-element elementor-element-5dfd133 elementor-widget elementor-widget-video\" data-id=\"5dfd133\" data-element_type=\"widget\" data-e-type=\"widget\" data-settings=\"{&quot;youtube_url&quot;:&quot;https:\\\/\\\/www.youtube.com\\\/watch?v=GaSXMzPzE60&quot;,&quot;video_type&quot;:&quot;youtube&quot;,&quot;controls&quot;:&quot;yes&quot;}\" data-widget_type=\"video.default\">\n\t\t\t\t<div class=\"elementor-widget-container\">\n\t\t\t\t\t\t\t<div class=\"elementor-wrapper elementor-open-inline\">\n\t\t\t<div class=\"elementor-video\"><\/div>\t\t<\/div>\n\t\t\t\t\t\t<\/div>\n\t\t\t\t<\/div>\n\t\t\t\t<div class=\"elementor-element elementor-element-7be63a8 elementor-widget elementor-widget-text-editor\" data-id=\"7be63a8\" data-element_type=\"widget\" data-e-type=\"widget\" data-widget_type=\"text-editor.default\">\n\t\t\t\t<div class=\"elementor-widget-container\">\n\t\t\t\t\t\t\t\t\t<p>A HotSpring oferece quatro op\u00e7\u00f5es de elevadores da tampa para spa, desde choque pneum\u00e1tico duplo at\u00e9 sistemas econ\u00f3micos de deslizamento f\u00e1cil. Para aproveitar ao m\u00e1ximo o seu spa, certifique-se de adicionar um levantador de tampa projetado para funcionar com o design do seu spa e a capa de vinil marinho.<\/p>\t\t\t\t\t\t\t\t<\/div>\n\t\t\t\t<\/div>\n\t\t\t\t\t<\/div>\n\t\t<\/div>\n\t\t\t\t\t<\/div>\n\t\t<\/section>\n\t\t\t\t<section class=\"elementor-section elementor-top-section elementor-element elementor-element-b44c16b elementor-section-boxed elementor-section-height-default elementor-section-height-default\" data-id=\"b44c16b\" data-element_type=\"section\" data-e-type=\"section\" data-settings=\"{&quot;background_background&quot;:&quot;classic&quot;}\">\n\t\t\t\t\t\t<div class=\"elementor-container elementor-column-gap-default\">\n\t\t\t\t\t<div class=\"elementor-column elementor-col-100 elementor-top-column elementor-element elementor-element-6ada7f5\" data-id=\"6ada7f5\" data-element_type=\"column\" data-e-type=\"column\">\n\t\t\t<div class=\"elementor-widget-wrap elementor-element-populated\">\n\t\t\t\t\t\t<div class=\"elementor-element elementor-element-999912e elementor-widget elementor-widget-heading\" data-id=\"999912e\" data-element_type=\"widget\" data-e-type=\"widget\" data-widget_type=\"heading.default\">\n\t\t\t\t<div class=\"elementor-widget-container\">\n\t\t\t\t\t<h2 class=\"elementor-heading-title elementor-size-default\">Como usar o seu elevador Lift 'N Glide \u2122<\/h2>\t\t\t\t<\/div>\n\t\t\t\t<\/div>\n\t\t\t\t<div class=\"elementor-element elementor-element-809d01f elementor-widget elementor-widget-video\" data-id=\"809d01f\" data-element_type=\"widget\" data-e-type=\"widget\" data-settings=\"{&quot;youtube_url&quot;:&quot;https:\\\/\\\/www.youtube.com\\\/watch?v=mkASnfkbvA0&quot;,&quot;video_type&quot;:&quot;youtube&quot;,&quot;controls&quot;:&quot;yes&quot;}\" data-widget_type=\"video.default\">\n\t\t\t\t<div class=\"elementor-widget-container\">\n\t\t\t\t\t\t\t<div class=\"elementor-wrapper elementor-open-inline\">\n\t\t\t<div class=\"elementor-video\"><\/div>\t\t<\/div>\n\t\t\t\t\t\t<\/div>\n\t\t\t\t<\/div>\n\t\t\t\t<div class=\"elementor-element elementor-element-819c6d4 elementor-widget elementor-widget-text-editor\" data-id=\"819c6d4\" data-element_type=\"widget\" data-e-type=\"widget\" data-widget_type=\"text-editor.default\">\n\t\t\t\t<div class=\"elementor-widget-container\">\n\t\t\t\t\t\t\t\t\t<p>A HotSpring oferece quatro op\u00e7\u00f5es de elevadores de tampa de spa, desde choque pneum\u00e1tico duplo at\u00e9 sistemas econ\u00f3micos de deslizamento f\u00e1cil. Para um sistema de remo\u00e7\u00e3o de capa, adquira o Lift &#8216;N Glide \u2122 projetado para encaixar na sua capa de vinil marinho HotSpring. Este elevador de capa de spa faz o trabalho de o ajudar a remover a capa com facilidade.<\/p>\t\t\t\t\t\t\t\t<\/div>\n\t\t\t\t<\/div>\n\t\t\t\t\t<\/div>\n\t\t<\/div>\n\t\t\t\t\t<\/div>\n\t\t<\/section>\n\t\t\t\t<\/div>\n\t\t","protected":false},"excerpt":{"rendered":"<p>Coberturas e elevadores do seu spa\u200b As coberturas do spa desempenham um papel crucial na manuten\u00e7\u00e3o do seu spa Hotspring. Al\u00e9m disso, ajudam a reduzir os custos de energia,o que mant\u00e9m calor gerado pelo sistema de aquecimento e minimiza a necessidade de reabastecimento frequente da \u00e1gua. J\u00e1 os elevadores para o spa t\u00eam se tornado [&hellip;]<\/p>\n","protected":false},"author":1,"featured_media":1992,"parent":858,"menu_order":0,"comment_status":"closed","ping_status":"closed","template":"","meta":{"footnotes":""},"class_list":["post-885","page","type-page","status-publish","has-post-thumbnail","hentry"],"yoast_head":"<!-- This site is optimized with the Yoast SEO Premium plugin v20.4 (Yoast SEO v27.1.1) - https:\/\/yoast.com\/product\/yoast-seo-premium-wordpress\/ -->\n<title>Coberturas e elevadores do seu spa\u200b - Manuten\u00e7\u00e3o<\/title>\n<meta name=\"description\" content=\"Mantenha o seu equipamento em perfeitas condi\u00e7\u00f5es. Descubra como usar as nossas coberturas e elevadores para o seu spa. Confira j\u00e1!\" \/>\n<meta name=\"robots\" content=\"index, follow, max-snippet:-1, max-image-preview:large, max-video-preview:-1\" \/>\n<link rel=\"canonical\" href=\"https:\/\/status-wellness.pt\/en\/apoio-ao-cliente\/manutencao\/coberturas-e-elevadores-do-seu-spa\/\" \/>\n<meta property=\"og:locale\" content=\"en_GB\" \/>\n<meta property=\"og:type\" content=\"article\" \/>\n<meta property=\"og:title\" content=\"Coberturas e elevadores do seu spa\u200b - Status Wellness\" \/>\n<meta property=\"og:description\" content=\"Mantenha o seu equipamento em perfeitas condi\u00e7\u00f5es. Descubra como usar as nossas coberturas e elevadores para o seu spa. Confira j\u00e1!\" \/>\n<meta property=\"og:url\" content=\"https:\/\/status-wellness.pt\/en\/apoio-ao-cliente\/manutencao\/coberturas-e-elevadores-do-seu-spa\/\" \/>\n<meta property=\"og:site_name\" content=\"Status Wellness\" \/>\n<meta property=\"article:publisher\" content=\"https:\/\/www.facebook.com\/statuswellness\" \/>\n<meta property=\"article:modified_time\" content=\"2026-03-22T14:37:13+00:00\" \/>\n<meta property=\"og:image\" content=\"https:\/\/status-wellness.pt\/wp-content\/uploads\/2023\/02\/E59BAB66-8F79-4F3F-99F3-D1C1DB2D35C1-2023-02-26-22_50_44.png\" \/>\n\t<meta property=\"og:image:width\" content=\"1200\" \/>\n\t<meta property=\"og:image:height\" content=\"630\" \/>\n\t<meta property=\"og:image:type\" content=\"image\/png\" \/>\n<meta name=\"twitter:card\" content=\"summary_large_image\" \/>\n<meta name=\"twitter:label1\" content=\"Estimated reading time\" \/>\n\t<meta name=\"twitter:data1\" content=\"3 minutes\" \/>\n<script type=\"application\/ld+json\" class=\"yoast-schema-graph\">{\"@context\":\"https:\/\/schema.org\",\"@graph\":[{\"@type\":\"WebPage\",\"@id\":\"https:\/\/status-wellness.pt\/apoio-ao-cliente\/manutencao\/coberturas-e-elevadores-do-seu-spa\/\",\"url\":\"https:\/\/status-wellness.pt\/apoio-ao-cliente\/manutencao\/coberturas-e-elevadores-do-seu-spa\/\",\"name\":\"Coberturas e elevadores do seu spa\u200b - Manuten\u00e7\u00e3o\",\"isPartOf\":{\"@id\":\"https:\/\/status-wellness.pt\/#website\"},\"primaryImageOfPage\":{\"@id\":\"https:\/\/status-wellness.pt\/apoio-ao-cliente\/manutencao\/coberturas-e-elevadores-do-seu-spa\/#primaryimage\"},\"image\":{\"@id\":\"https:\/\/status-wellness.pt\/apoio-ao-cliente\/manutencao\/coberturas-e-elevadores-do-seu-spa\/#primaryimage\"},\"thumbnailUrl\":\"https:\/\/status-wellness.pt\/wp-content\/uploads\/2023\/02\/E59BAB66-8F79-4F3F-99F3-D1C1DB2D35C1-2023-02-26-22_50_44.png\",\"datePublished\":\"2023-02-14T11:06:36+00:00\",\"dateModified\":\"2026-03-22T14:37:13+00:00\",\"description\":\"Mantenha o seu equipamento em perfeitas condi\u00e7\u00f5es. Descubra como usar as nossas coberturas e elevadores para o seu spa. Confira j\u00e1!\",\"breadcrumb\":{\"@id\":\"https:\/\/status-wellness.pt\/apoio-ao-cliente\/manutencao\/coberturas-e-elevadores-do-seu-spa\/#breadcrumb\"},\"inLanguage\":\"en-GB\",\"potentialAction\":[{\"@type\":\"ReadAction\",\"target\":[\"https:\/\/status-wellness.pt\/apoio-ao-cliente\/manutencao\/coberturas-e-elevadores-do-seu-spa\/\"]}]},{\"@type\":\"ImageObject\",\"inLanguage\":\"en-GB\",\"@id\":\"https:\/\/status-wellness.pt\/apoio-ao-cliente\/manutencao\/coberturas-e-elevadores-do-seu-spa\/#primaryimage\",\"url\":\"https:\/\/status-wellness.pt\/wp-content\/uploads\/2023\/02\/E59BAB66-8F79-4F3F-99F3-D1C1DB2D35C1-2023-02-26-22_50_44.png\",\"contentUrl\":\"https:\/\/status-wellness.pt\/wp-content\/uploads\/2023\/02\/E59BAB66-8F79-4F3F-99F3-D1C1DB2D35C1-2023-02-26-22_50_44.png\",\"width\":1200,\"height\":630,\"caption\":\"logotipo status wellness\"},{\"@type\":\"BreadcrumbList\",\"@id\":\"https:\/\/status-wellness.pt\/apoio-ao-cliente\/manutencao\/coberturas-e-elevadores-do-seu-spa\/#breadcrumb\",\"itemListElement\":[{\"@type\":\"ListItem\",\"position\":1,\"name\":\"Home\",\"item\":\"https:\/\/status-wellness.pt\/\"},{\"@type\":\"ListItem\",\"position\":2,\"name\":\"Apoio ao Cliente\",\"item\":\"https:\/\/status-wellness.pt\/apoio-ao-cliente\/\"},{\"@type\":\"ListItem\",\"position\":3,\"name\":\"Manuten\u00e7\u00e3o\",\"item\":\"https:\/\/status-wellness.pt\/apoio-ao-cliente\/manutencao\/\"},{\"@type\":\"ListItem\",\"position\":4,\"name\":\"Coberturas e elevadores do seu spa\u200b\"}]},{\"@type\":\"WebSite\",\"@id\":\"https:\/\/status-wellness.pt\/#website\",\"url\":\"https:\/\/status-wellness.pt\/\",\"name\":\"STATUS Wellness\",\"description\":\"Spas Exteriores, Jacuzzis e Saunas\",\"publisher\":{\"@id\":\"https:\/\/status-wellness.pt\/#organization\"},\"alternateName\":\"STATUS Wellness\",\"potentialAction\":[{\"@type\":\"SearchAction\",\"target\":{\"@type\":\"EntryPoint\",\"urlTemplate\":\"https:\/\/status-wellness.pt\/?s={search_term_string}\"},\"query-input\":{\"@type\":\"PropertyValueSpecification\",\"valueRequired\":true,\"valueName\":\"search_term_string\"}}],\"inLanguage\":\"en-GB\"},{\"@type\":\"Organization\",\"@id\":\"https:\/\/status-wellness.pt\/#organization\",\"name\":\"STATUS Wellness\",\"url\":\"https:\/\/status-wellness.pt\/\",\"logo\":{\"@type\":\"ImageObject\",\"inLanguage\":\"en-GB\",\"@id\":\"https:\/\/status-wellness.pt\/#\/schema\/logo\/image\/\",\"url\":\"https:\/\/status-wellness.pt\/wp-content\/uploads\/2023\/02\/cropped-icon.png\",\"contentUrl\":\"https:\/\/status-wellness.pt\/wp-content\/uploads\/2023\/02\/cropped-icon.png\",\"width\":512,\"height\":512,\"caption\":\"STATUS Wellness\"},\"image\":{\"@id\":\"https:\/\/status-wellness.pt\/#\/schema\/logo\/image\/\"},\"sameAs\":[\"https:\/\/www.facebook.com\/statuswellness\",\"https:\/\/www.instagram.com\/status_wellness\/\"]}]}<\/script>\n<!-- \/ Yoast SEO Premium plugin. -->","yoast_head_json":{"title":"Coberturas e elevadores do seu spa\u200b - Manuten\u00e7\u00e3o","description":"Mantenha o seu equipamento em perfeitas condi\u00e7\u00f5es. Descubra como usar as nossas coberturas e elevadores para o seu spa. Confira j\u00e1!","robots":{"index":"index","follow":"follow","max-snippet":"max-snippet:-1","max-image-preview":"max-image-preview:large","max-video-preview":"max-video-preview:-1"},"canonical":"https:\/\/status-wellness.pt\/en\/apoio-ao-cliente\/manutencao\/coberturas-e-elevadores-do-seu-spa\/","og_locale":"en_GB","og_type":"article","og_title":"Coberturas e elevadores do seu spa\u200b - Status Wellness","og_description":"Mantenha o seu equipamento em perfeitas condi\u00e7\u00f5es. Descubra como usar as nossas coberturas e elevadores para o seu spa. Confira j\u00e1!","og_url":"https:\/\/status-wellness.pt\/en\/apoio-ao-cliente\/manutencao\/coberturas-e-elevadores-do-seu-spa\/","og_site_name":"Status Wellness","article_publisher":"https:\/\/www.facebook.com\/statuswellness","article_modified_time":"2026-03-22T14:37:13+00:00","og_image":[{"width":1200,"height":630,"url":"https:\/\/status-wellness.pt\/wp-content\/uploads\/2023\/02\/E59BAB66-8F79-4F3F-99F3-D1C1DB2D35C1-2023-02-26-22_50_44.png","type":"image\/png"}],"twitter_card":"summary_large_image","twitter_misc":{"Estimated reading time":"3 minutes"},"schema":{"@context":"https:\/\/schema.org","@graph":[{"@type":"WebPage","@id":"https:\/\/status-wellness.pt\/apoio-ao-cliente\/manutencao\/coberturas-e-elevadores-do-seu-spa\/","url":"https:\/\/status-wellness.pt\/apoio-ao-cliente\/manutencao\/coberturas-e-elevadores-do-seu-spa\/","name":"Coberturas e elevadores do seu spa\u200b - Manuten\u00e7\u00e3o","isPartOf":{"@id":"https:\/\/status-wellness.pt\/#website"},"primaryImageOfPage":{"@id":"https:\/\/status-wellness.pt\/apoio-ao-cliente\/manutencao\/coberturas-e-elevadores-do-seu-spa\/#primaryimage"},"image":{"@id":"https:\/\/status-wellness.pt\/apoio-ao-cliente\/manutencao\/coberturas-e-elevadores-do-seu-spa\/#primaryimage"},"thumbnailUrl":"https:\/\/status-wellness.pt\/wp-content\/uploads\/2023\/02\/E59BAB66-8F79-4F3F-99F3-D1C1DB2D35C1-2023-02-26-22_50_44.png","datePublished":"2023-02-14T11:06:36+00:00","dateModified":"2026-03-22T14:37:13+00:00","description":"Mantenha o seu equipamento em perfeitas condi\u00e7\u00f5es. Descubra como usar as nossas coberturas e elevadores para o seu spa. Confira j\u00e1!","breadcrumb":{"@id":"https:\/\/status-wellness.pt\/apoio-ao-cliente\/manutencao\/coberturas-e-elevadores-do-seu-spa\/#breadcrumb"},"inLanguage":"en-GB","potentialAction":[{"@type":"ReadAction","target":["https:\/\/status-wellness.pt\/apoio-ao-cliente\/manutencao\/coberturas-e-elevadores-do-seu-spa\/"]}]},{"@type":"ImageObject","inLanguage":"en-GB","@id":"https:\/\/status-wellness.pt\/apoio-ao-cliente\/manutencao\/coberturas-e-elevadores-do-seu-spa\/#primaryimage","url":"https:\/\/status-wellness.pt\/wp-content\/uploads\/2023\/02\/E59BAB66-8F79-4F3F-99F3-D1C1DB2D35C1-2023-02-26-22_50_44.png","contentUrl":"https:\/\/status-wellness.pt\/wp-content\/uploads\/2023\/02\/E59BAB66-8F79-4F3F-99F3-D1C1DB2D35C1-2023-02-26-22_50_44.png","width":1200,"height":630,"caption":"logotipo status wellness"},{"@type":"BreadcrumbList","@id":"https:\/\/status-wellness.pt\/apoio-ao-cliente\/manutencao\/coberturas-e-elevadores-do-seu-spa\/#breadcrumb","itemListElement":[{"@type":"ListItem","position":1,"name":"Home","item":"https:\/\/status-wellness.pt\/"},{"@type":"ListItem","position":2,"name":"Apoio ao Cliente","item":"https:\/\/status-wellness.pt\/apoio-ao-cliente\/"},{"@type":"ListItem","position":3,"name":"Manuten\u00e7\u00e3o","item":"https:\/\/status-wellness.pt\/apoio-ao-cliente\/manutencao\/"},{"@type":"ListItem","position":4,"name":"Coberturas e elevadores do seu spa\u200b"}]},{"@type":"WebSite","@id":"https:\/\/status-wellness.pt\/#website","url":"https:\/\/status-wellness.pt\/","name":"STATUS Wellness","description":"Spas Exteriores, Jacuzzis e Saunas","publisher":{"@id":"https:\/\/status-wellness.pt\/#organization"},"alternateName":"STATUS Wellness","potentialAction":[{"@type":"SearchAction","target":{"@type":"EntryPoint","urlTemplate":"https:\/\/status-wellness.pt\/?s={search_term_string}"},"query-input":{"@type":"PropertyValueSpecification","valueRequired":true,"valueName":"search_term_string"}}],"inLanguage":"en-GB"},{"@type":"Organization","@id":"https:\/\/status-wellness.pt\/#organization","name":"STATUS Wellness","url":"https:\/\/status-wellness.pt\/","logo":{"@type":"ImageObject","inLanguage":"en-GB","@id":"https:\/\/status-wellness.pt\/#\/schema\/logo\/image\/","url":"https:\/\/status-wellness.pt\/wp-content\/uploads\/2023\/02\/cropped-icon.png","contentUrl":"https:\/\/status-wellness.pt\/wp-content\/uploads\/2023\/02\/cropped-icon.png","width":512,"height":512,"caption":"STATUS Wellness"},"image":{"@id":"https:\/\/status-wellness.pt\/#\/schema\/logo\/image\/"},"sameAs":["https:\/\/www.facebook.com\/statuswellness","https:\/\/www.instagram.com\/status_wellness\/"]}]}},"_links":{"self":[{"href":"https:\/\/status-wellness.pt\/en\/wp-json\/wp\/v2\/pages\/885","targetHints":{"allow":["GET"]}}],"collection":[{"href":"https:\/\/status-wellness.pt\/en\/wp-json\/wp\/v2\/pages"}],"about":[{"href":"https:\/\/status-wellness.pt\/en\/wp-json\/wp\/v2\/types\/page"}],"author":[{"embeddable":true,"href":"https:\/\/status-wellness.pt\/en\/wp-json\/wp\/v2\/users\/1"}],"replies":[{"embeddable":true,"href":"https:\/\/status-wellness.pt\/en\/wp-json\/wp\/v2\/comments?post=885"}],"version-history":[{"count":21,"href":"https:\/\/status-wellness.pt\/en\/wp-json\/wp\/v2\/pages\/885\/revisions"}],"predecessor-version":[{"id":11028,"href":"https:\/\/status-wellness.pt\/en\/wp-json\/wp\/v2\/pages\/885\/revisions\/11028"}],"up":[{"embeddable":true,"href":"https:\/\/status-wellness.pt\/en\/wp-json\/wp\/v2\/pages\/858"}],"wp:featuredmedia":[{"embeddable":true,"href":"https:\/\/status-wellness.pt\/en\/wp-json\/wp\/v2\/media\/1992"}],"wp:attachment":[{"href":"https:\/\/status-wellness.pt\/en\/wp-json\/wp\/v2\/media?parent=885"}],"curies":[{"name":"wp","href":"https:\/\/api.w.org\/{rel}","templated":true}]}}