{"id":908,"date":"2023-02-14T11:23:22","date_gmt":"2023-02-14T11:23:22","guid":{"rendered":"https:\/\/demo.icodi.pt\/statuswellness\/?page_id=908"},"modified":"2026-03-26T08:19:54","modified_gmt":"2026-03-26T08:19:54","slug":"garantias","status":"publish","type":"page","link":"https:\/\/status-wellness.pt\/en\/apoio-ao-cliente\/garantias\/","title":{"rendered":"Warranty"},"content":{"rendered":"\t\t<div data-elementor-type=\"wp-page\" data-elementor-id=\"908\" class=\"elementor elementor-908\" data-elementor-post-type=\"page\">\n\t\t\t\t\t\t<section class=\"elementor-section elementor-top-section elementor-element elementor-element-a5a508e elementor-section-boxed elementor-section-height-default elementor-section-height-default\" data-id=\"a5a508e\" data-element_type=\"section\" data-e-type=\"section\">\n\t\t\t\t\t\t<div class=\"elementor-container elementor-column-gap-default\">\n\t\t\t\t\t<div class=\"elementor-column elementor-col-100 elementor-top-column elementor-element elementor-element-f9c6469\" data-id=\"f9c6469\" data-element_type=\"column\" data-e-type=\"column\" data-settings=\"{&quot;background_background&quot;:&quot;classic&quot;}\">\n\t\t\t<div class=\"elementor-widget-wrap elementor-element-populated\">\n\t\t\t\t\t\t<div class=\"elementor-element elementor-element-c27005a elementor-widget elementor-widget-heading\" data-id=\"c27005a\" data-element_type=\"widget\" data-e-type=\"widget\" data-widget_type=\"heading.default\">\n\t\t\t\t<div class=\"elementor-widget-container\">\n\t\t\t\t\t<h1 class=\"elementor-heading-title elementor-size-default\">Garantias<\/h1>\t\t\t\t<\/div>\n\t\t\t\t<\/div>\n\t\t\t\t<div class=\"elementor-element elementor-element-524dd4c elementor-widget elementor-widget-text-editor\" data-id=\"524dd4c\" data-element_type=\"widget\" data-e-type=\"widget\" data-widget_type=\"text-editor.default\">\n\t\t\t\t<div class=\"elementor-widget-container\">\n\t\t\t\t\t\t\t\t\t<p>Ao investir num <strong><a href=\"https:\/\/status-wellness.pt\/spas\/\">spa<\/a><\/strong> na Status Wellness, \u00e9 natural procurar garantias s\u00f3lidas e detalhadas que ofere\u00e7am tranquilidade e confian\u00e7a na durabilidade e desempenho do produto. Nesta p\u00e1gina ir\u00e1 encontrar as pol\u00edticas de garantia de produtos <a href=\"https:\/\/www.hotspring.com\/owners\/warranty\">HotSpring<\/a>, onde encontra a seguran\u00e7a necess\u00e1ria para desfrutar plenamente da sua experi\u00eancia de relaxamento e bem-estar.<\/p><p>A sua satisfa\u00e7\u00e3o \u00e9 nossa prioridade m\u00e1xima. Se, por algum motivo, voc\u00ea n\u00e3o estiver completamente satisfeito com o seu produto ou servi\u00e7o, entre em contato conosco imediatamente. Faremos o m\u00e1ximo para resolver a situa\u00e7\u00e3o e garantir que sua experi\u00eancia seja positiva.<\/p><p>Na Status Wellness, somos dedicados a fornecer servi\u00e7os da mais alta qualidade. Todos os nossos profissionais s\u00e3o altamente treinados e experientes para garantir que voc\u00ea receba um produto e servi\u00e7o eficaz. Al\u00e9m disso, utilizamos apenas produtos premium em todos os nossos servi\u00e7os para garantir resultados excepcionais.<\/p><p>Respeitamos a sua privacidade e confidencialidade em todos os momentos. Garantimos que as suas informa\u00e7\u00f5es pessoais e experi\u00eancias no spa sejam tratadas com o mais alto n\u00edvel de discri\u00e7\u00e3o e respeito.<\/p><div class=\"react-scroll-to-bottom--css-wdrja-1n7m0yu\"><div class=\"flex flex-col text-sm pb-9\"><div class=\"w-full text-token-text-primary sm:AIPRM__conversation__response\" data-testid=\"conversation-turn-7\"><div class=\"px-4 py-2 justify-center text-base md:gap-6 m-auto\"><div class=\"flex flex-1 text-base mx-auto gap-3 md:px-5 lg:px-1 xl:px-5 md:max-w-3xl lg:max-w-[40rem] xl:max-w-[48rem] group final-completion\"><div class=\"relative flex w-full flex-col agent-turn\"><div class=\"flex-col gap-1 md:gap-3\"><div class=\"flex flex-grow flex-col max-w-full\"><div class=\"min-h-[20px] text-message flex flex-col items-start gap-3 whitespace-pre-wrap break-words [.text-message+&amp;]:mt-5 overflow-x-auto\" data-message-author-role=\"assistant\" data-message-id=\"80c75ddf-6450-42f1-aa45-2c4b60d73e7f\"><div class=\"markdown prose w-full break-words dark:prose-invert light AIPRM__conversation__response\"><div class=\"react-scroll-to-bottom--css-wdrja-1n7m0yu\"><div class=\"flex flex-col text-sm pb-9\"><div class=\"w-full text-token-text-primary sm:AIPRM__conversation__response\" data-testid=\"conversation-turn-7\"><div class=\"px-4 py-2 justify-center text-base md:gap-6 m-auto\"><div class=\"flex flex-1 text-base mx-auto gap-3 md:px-5 lg:px-1 xl:px-5 md:max-w-3xl lg:max-w-[40rem] xl:max-w-[48rem] group final-completion\"><div class=\"relative flex w-full flex-col agent-turn\"><div class=\"flex-col gap-1 md:gap-3\"><div class=\"flex flex-grow flex-col max-w-full\"><div class=\"min-h-[20px] text-message flex flex-col items-start gap-3 whitespace-pre-wrap break-words [.text-message+&amp;]:mt-5 overflow-x-auto\" data-message-author-role=\"assistant\" data-message-id=\"80c75ddf-6450-42f1-aa45-2c4b60d73e7f\"><div class=\"markdown prose w-full break-words dark:prose-invert light AIPRM__conversation__response\"><p>Na Status Wellness, estamos comprometidos em superar as suas expectativas e proporcionar uma experi\u00eancia verdadeiramente revigorante e rejuvenescedora. Confie em n\u00f3s para cuidar de voc\u00ea e revitalizar seu corpo, mente e esp\u00edrito. Se voc\u00ea tiver alguma d\u00favida ou preocupa\u00e7\u00e3o, n\u00e3o hesite em nos contactar. Estamos aqui para servir e garantir a sua total satisfa\u00e7\u00e3o.<\/p><\/div><\/div><\/div><\/div><\/div><\/div><\/div><\/div><\/div><\/div><\/div><\/div><\/div><\/div><\/div><\/div><\/div><\/div><\/div><\/div>\t\t\t\t\t\t\t\t<\/div>\n\t\t\t\t<\/div>\n\t\t\t\t\t<\/div>\n\t\t<\/div>\n\t\t\t\t\t<\/div>\n\t\t<\/section>\n\t\t\t\t<section class=\"elementor-section elementor-top-section elementor-element elementor-element-cb1dbab elementor-section-boxed elementor-section-height-default elementor-section-height-default\" data-id=\"cb1dbab\" data-element_type=\"section\" data-e-type=\"section\">\n\t\t\t\t\t\t<div class=\"elementor-container elementor-column-gap-default\">\n\t\t\t\t\t<div class=\"elementor-column elementor-col-100 elementor-top-column elementor-element elementor-element-1900c3e\" data-id=\"1900c3e\" data-element_type=\"column\" data-e-type=\"column\">\n\t\t\t<div class=\"elementor-widget-wrap elementor-element-populated\">\n\t\t\t\t\t\t<div class=\"elementor-element elementor-element-a9beef5 elementor-widget elementor-widget-heading\" data-id=\"a9beef5\" data-element_type=\"widget\" data-e-type=\"widget\" data-widget_type=\"heading.default\">\n\t\t\t\t<div class=\"elementor-widget-container\">\n\t\t\t\t\t<h2 class=\"elementor-heading-title elementor-size-default\">Spa's<\/h2>\t\t\t\t<\/div>\n\t\t\t\t<\/div>\n\t\t\t\t\t<\/div>\n\t\t<\/div>\n\t\t\t\t\t<\/div>\n\t\t<\/section>\n\t\t\t\t<section class=\"elementor-section elementor-top-section elementor-element elementor-element-4930d52 elementor-section-boxed elementor-section-height-default elementor-section-height-default\" data-id=\"4930d52\" data-element_type=\"section\" data-e-type=\"section\">\n\t\t\t\t\t\t<div class=\"elementor-container elementor-column-gap-default\">\n\t\t\t\t\t<div class=\"elementor-column elementor-col-25 elementor-top-column elementor-element elementor-element-d6dd21a\" data-id=\"d6dd21a\" data-element_type=\"column\" data-e-type=\"column\" data-settings=\"{&quot;background_background&quot;:&quot;classic&quot;}\">\n\t\t\t<div class=\"elementor-widget-wrap elementor-element-populated\">\n\t\t\t\t\t\t<div class=\"elementor-element elementor-element-29eb2c2 elementor-widget elementor-widget-heading\" data-id=\"29eb2c2\" data-element_type=\"widget\" data-e-type=\"widget\" data-widget_type=\"heading.default\">\n\t\t\t\t<div class=\"elementor-widget-container\">\n\t\t\t\t\t<h2 class=\"elementor-heading-title elementor-size-default\">HighLife\u00ae<\/h2>\t\t\t\t<\/div>\n\t\t\t\t<\/div>\n\t\t\t\t<div class=\"elementor-element elementor-element-07f214e elementor-align-center elementor-widget elementor-widget-button\" data-id=\"07f214e\" data-element_type=\"widget\" data-e-type=\"widget\" data-widget_type=\"button.default\">\n\t\t\t\t<div class=\"elementor-widget-container\">\n\t\t\t\t\t\t\t\t\t<div class=\"elementor-button-wrapper\">\n\t\t\t\t\t<a class=\"elementor-button elementor-button-link elementor-size-sm\" href=\"https:\/\/status-wellness.pt\/wp-content\/uploads\/2026\/03\/2020_highlife_50hz_warranty_sheet_rev_g_english_rnpwi2-1.pdf\" target=\"_blank\">\n\t\t\t\t\t\t<span class=\"elementor-button-content-wrapper\">\n\t\t\t\t\t\t\t\t\t<span class=\"elementor-button-text\">Ver a garantia<\/span>\n\t\t\t\t\t<\/span>\n\t\t\t\t\t<\/a>\n\t\t\t\t<\/div>\n\t\t\t\t\t\t\t\t<\/div>\n\t\t\t\t<\/div>\n\t\t\t\t\t<\/div>\n\t\t<\/div>\n\t\t\t\t<div class=\"elementor-column elementor-col-25 elementor-top-column elementor-element elementor-element-53da92b\" data-id=\"53da92b\" data-element_type=\"column\" data-e-type=\"column\" data-settings=\"{&quot;background_background&quot;:&quot;classic&quot;}\">\n\t\t\t<div class=\"elementor-widget-wrap elementor-element-populated\">\n\t\t\t\t\t\t<div class=\"elementor-element elementor-element-cffb4a7 elementor-widget elementor-widget-heading\" data-id=\"cffb4a7\" data-element_type=\"widget\" data-e-type=\"widget\" data-widget_type=\"heading.default\">\n\t\t\t\t<div class=\"elementor-widget-container\">\n\t\t\t\t\t<h2 class=\"elementor-heading-title elementor-size-default\">LimeLight \u00ae\u200b<\/h2>\t\t\t\t<\/div>\n\t\t\t\t<\/div>\n\t\t\t\t<div class=\"elementor-element elementor-element-9f467dc elementor-align-center elementor-widget elementor-widget-button\" data-id=\"9f467dc\" data-element_type=\"widget\" data-e-type=\"widget\" data-widget_type=\"button.default\">\n\t\t\t\t<div class=\"elementor-widget-container\">\n\t\t\t\t\t\t\t\t\t<div class=\"elementor-button-wrapper\">\n\t\t\t\t\t<a class=\"elementor-button elementor-button-link elementor-size-sm\" href=\"https:\/\/status-wellness.pt\/wp-content\/uploads\/2026\/03\/2021_limelight_50hz_warranty_sheet_rev_e_english_plomym-1.pdf\" target=\"_blank\">\n\t\t\t\t\t\t<span class=\"elementor-button-content-wrapper\">\n\t\t\t\t\t\t\t\t\t<span class=\"elementor-button-text\">Ver a garantia<\/span>\n\t\t\t\t\t<\/span>\n\t\t\t\t\t<\/a>\n\t\t\t\t<\/div>\n\t\t\t\t\t\t\t\t<\/div>\n\t\t\t\t<\/div>\n\t\t\t\t\t<\/div>\n\t\t<\/div>\n\t\t\t\t<div class=\"elementor-column elementor-col-25 elementor-top-column elementor-element elementor-element-6675fe5\" data-id=\"6675fe5\" data-element_type=\"column\" data-e-type=\"column\" data-settings=\"{&quot;background_background&quot;:&quot;classic&quot;}\">\n\t\t\t<div class=\"elementor-widget-wrap elementor-element-populated\">\n\t\t\t\t\t\t<div class=\"elementor-element elementor-element-e372829 elementor-widget elementor-widget-heading\" data-id=\"e372829\" data-element_type=\"widget\" data-e-type=\"widget\" data-widget_type=\"heading.default\">\n\t\t\t\t<div class=\"elementor-widget-container\">\n\t\t\t\t\t<h2 class=\"elementor-heading-title elementor-size-default\">Hot Spot \u00ae<\/h2>\t\t\t\t<\/div>\n\t\t\t\t<\/div>\n\t\t\t\t<div class=\"elementor-element elementor-element-4d07f00 elementor-align-center elementor-widget elementor-widget-button\" data-id=\"4d07f00\" data-element_type=\"widget\" data-e-type=\"widget\" data-widget_type=\"button.default\">\n\t\t\t\t<div class=\"elementor-widget-container\">\n\t\t\t\t\t\t\t\t\t<div class=\"elementor-button-wrapper\">\n\t\t\t\t\t<a class=\"elementor-button elementor-button-link elementor-size-sm\" href=\"https:\/\/status-wellness.pt\/wp-content\/uploads\/2026\/03\/2020-Hot-Spot-50Hz-Warranty-Sheet-Rev-C-English.pdf\" target=\"_blank\">\n\t\t\t\t\t\t<span class=\"elementor-button-content-wrapper\">\n\t\t\t\t\t\t\t\t\t<span class=\"elementor-button-text\">Ver a garantia<\/span>\n\t\t\t\t\t<\/span>\n\t\t\t\t\t<\/a>\n\t\t\t\t<\/div>\n\t\t\t\t\t\t\t\t<\/div>\n\t\t\t\t<\/div>\n\t\t\t\t\t<\/div>\n\t\t<\/div>\n\t\t\t\t<div class=\"elementor-column elementor-col-25 elementor-top-column elementor-element elementor-element-59fc01d\" data-id=\"59fc01d\" data-element_type=\"column\" data-e-type=\"column\" data-settings=\"{&quot;background_background&quot;:&quot;classic&quot;}\">\n\t\t\t<div class=\"elementor-widget-wrap elementor-element-populated\">\n\t\t\t\t\t\t<div class=\"elementor-element elementor-element-fe89fdf elementor-widget elementor-widget-heading\" data-id=\"fe89fdf\" data-element_type=\"widget\" data-e-type=\"widget\" data-widget_type=\"heading.default\">\n\t\t\t\t<div class=\"elementor-widget-container\">\n\t\t\t\t\t<h2 class=\"elementor-heading-title elementor-size-default\">FreeFlow Spas \u00ae<\/h2>\t\t\t\t<\/div>\n\t\t\t\t<\/div>\n\t\t\t\t<div class=\"elementor-element elementor-element-b613cae elementor-align-center elementor-widget elementor-widget-button\" data-id=\"b613cae\" data-element_type=\"widget\" data-e-type=\"widget\" data-widget_type=\"button.default\">\n\t\t\t\t<div class=\"elementor-widget-container\">\n\t\t\t\t\t\t\t\t\t<div class=\"elementor-button-wrapper\">\n\t\t\t\t\t<a class=\"elementor-button elementor-button-link elementor-size-sm\" href=\"https:\/\/status-wellness.pt\/wp-content\/uploads\/2026\/03\/2020_freeflow_50hz_warranty_sheet_rev_e_english_f4zoa4-1.pdf\" target=\"_blank\">\n\t\t\t\t\t\t<span class=\"elementor-button-content-wrapper\">\n\t\t\t\t\t\t\t\t\t<span class=\"elementor-button-text\">Ver a garantia<\/span>\n\t\t\t\t\t<\/span>\n\t\t\t\t\t<\/a>\n\t\t\t\t<\/div>\n\t\t\t\t\t\t\t\t<\/div>\n\t\t\t\t<\/div>\n\t\t\t\t\t<\/div>\n\t\t<\/div>\n\t\t\t\t\t<\/div>\n\t\t<\/section>\n\t\t\t\t<\/div>\n\t\t","protected":false},"excerpt":{"rendered":"<p>Garantias Ao investir num spa na Status Wellness, \u00e9 natural procurar garantias s\u00f3lidas e detalhadas que ofere\u00e7am tranquilidade e confian\u00e7a na durabilidade e desempenho do produto. Nesta p\u00e1gina ir\u00e1 encontrar as pol\u00edticas de garantia de produtos HotSpring, onde encontra a seguran\u00e7a necess\u00e1ria para desfrutar plenamente da sua experi\u00eancia de relaxamento e bem-estar. A sua satisfa\u00e7\u00e3o [&hellip;]<\/p>\n","protected":false},"author":1,"featured_media":1992,"parent":840,"menu_order":0,"comment_status":"closed","ping_status":"closed","template":"","meta":{"footnotes":""},"class_list":["post-908","page","type-page","status-publish","has-post-thumbnail","hentry"],"yoast_head":"<!-- This site is optimized with the Yoast SEO Premium plugin v20.4 (Yoast SEO v27.1.1) - https:\/\/yoast.com\/product\/yoast-seo-premium-wordpress\/ -->\n<title>Garantias - Status Wellness<\/title>\n<meta name=\"description\" content=\"Explore as nossas pol\u00edticas de garantias de cada spa atrav\u00e9s da sua qualidade e seguran\u00e7a para uma experi\u00eancia de compra sem preocupa\u00e7\u00f5es.\" \/>\n<meta name=\"robots\" content=\"index, follow, max-snippet:-1, max-image-preview:large, max-video-preview:-1\" \/>\n<link rel=\"canonical\" href=\"https:\/\/status-wellness.pt\/en\/apoio-ao-cliente\/garantias\/\" \/>\n<meta property=\"og:locale\" content=\"en_GB\" \/>\n<meta property=\"og:type\" content=\"article\" \/>\n<meta property=\"og:title\" content=\"Garantias - Status Wellness\" \/>\n<meta property=\"og:description\" content=\"Explore as nossas pol\u00edticas de garantias de cada spa atrav\u00e9s da sua qualidade e seguran\u00e7a para uma experi\u00eancia de compra sem preocupa\u00e7\u00f5es.\" \/>\n<meta property=\"og:url\" content=\"https:\/\/status-wellness.pt\/en\/apoio-ao-cliente\/garantias\/\" \/>\n<meta property=\"og:site_name\" content=\"Status Wellness\" \/>\n<meta property=\"article:publisher\" content=\"https:\/\/www.facebook.com\/statuswellness\" \/>\n<meta property=\"article:modified_time\" content=\"2026-03-26T08:19:54+00:00\" \/>\n<meta property=\"og:image\" content=\"https:\/\/status-wellness.pt\/wp-content\/uploads\/2023\/02\/E59BAB66-8F79-4F3F-99F3-D1C1DB2D35C1-2023-02-26-22_50_44.png\" \/>\n\t<meta property=\"og:image:width\" content=\"1200\" \/>\n\t<meta property=\"og:image:height\" content=\"630\" \/>\n\t<meta property=\"og:image:type\" content=\"image\/png\" \/>\n<meta name=\"twitter:card\" content=\"summary_large_image\" \/>\n<meta name=\"twitter:label1\" content=\"Estimated reading time\" \/>\n\t<meta name=\"twitter:data1\" content=\"2 minutes\" \/>\n<script type=\"application\/ld+json\" class=\"yoast-schema-graph\">{\"@context\":\"https:\/\/schema.org\",\"@graph\":[{\"@type\":\"WebPage\",\"@id\":\"https:\/\/status-wellness.pt\/apoio-ao-cliente\/garantias\/\",\"url\":\"https:\/\/status-wellness.pt\/apoio-ao-cliente\/garantias\/\",\"name\":\"Garantias - Status Wellness\",\"isPartOf\":{\"@id\":\"https:\/\/status-wellness.pt\/#website\"},\"primaryImageOfPage\":{\"@id\":\"https:\/\/status-wellness.pt\/apoio-ao-cliente\/garantias\/#primaryimage\"},\"image\":{\"@id\":\"https:\/\/status-wellness.pt\/apoio-ao-cliente\/garantias\/#primaryimage\"},\"thumbnailUrl\":\"https:\/\/status-wellness.pt\/wp-content\/uploads\/2023\/02\/E59BAB66-8F79-4F3F-99F3-D1C1DB2D35C1-2023-02-26-22_50_44.png\",\"datePublished\":\"2023-02-14T11:23:22+00:00\",\"dateModified\":\"2026-03-26T08:19:54+00:00\",\"description\":\"Explore as nossas pol\u00edticas de garantias de cada spa atrav\u00e9s da sua qualidade e seguran\u00e7a para uma experi\u00eancia de compra sem preocupa\u00e7\u00f5es.\",\"breadcrumb\":{\"@id\":\"https:\/\/status-wellness.pt\/apoio-ao-cliente\/garantias\/#breadcrumb\"},\"inLanguage\":\"en-GB\",\"potentialAction\":[{\"@type\":\"ReadAction\",\"target\":[\"https:\/\/status-wellness.pt\/apoio-ao-cliente\/garantias\/\"]}]},{\"@type\":\"ImageObject\",\"inLanguage\":\"en-GB\",\"@id\":\"https:\/\/status-wellness.pt\/apoio-ao-cliente\/garantias\/#primaryimage\",\"url\":\"https:\/\/status-wellness.pt\/wp-content\/uploads\/2023\/02\/E59BAB66-8F79-4F3F-99F3-D1C1DB2D35C1-2023-02-26-22_50_44.png\",\"contentUrl\":\"https:\/\/status-wellness.pt\/wp-content\/uploads\/2023\/02\/E59BAB66-8F79-4F3F-99F3-D1C1DB2D35C1-2023-02-26-22_50_44.png\",\"width\":1200,\"height\":630,\"caption\":\"logotipo status wellness\"},{\"@type\":\"BreadcrumbList\",\"@id\":\"https:\/\/status-wellness.pt\/apoio-ao-cliente\/garantias\/#breadcrumb\",\"itemListElement\":[{\"@type\":\"ListItem\",\"position\":1,\"name\":\"Home\",\"item\":\"https:\/\/status-wellness.pt\/\"},{\"@type\":\"ListItem\",\"position\":2,\"name\":\"Apoio ao Cliente\",\"item\":\"https:\/\/status-wellness.pt\/apoio-ao-cliente\/\"},{\"@type\":\"ListItem\",\"position\":3,\"name\":\"Garantias\"}]},{\"@type\":\"WebSite\",\"@id\":\"https:\/\/status-wellness.pt\/#website\",\"url\":\"https:\/\/status-wellness.pt\/\",\"name\":\"STATUS Wellness\",\"description\":\"Spas Exteriores, Jacuzzis e Saunas\",\"publisher\":{\"@id\":\"https:\/\/status-wellness.pt\/#organization\"},\"alternateName\":\"STATUS Wellness\",\"potentialAction\":[{\"@type\":\"SearchAction\",\"target\":{\"@type\":\"EntryPoint\",\"urlTemplate\":\"https:\/\/status-wellness.pt\/?s={search_term_string}\"},\"query-input\":{\"@type\":\"PropertyValueSpecification\",\"valueRequired\":true,\"valueName\":\"search_term_string\"}}],\"inLanguage\":\"en-GB\"},{\"@type\":\"Organization\",\"@id\":\"https:\/\/status-wellness.pt\/#organization\",\"name\":\"STATUS Wellness\",\"url\":\"https:\/\/status-wellness.pt\/\",\"logo\":{\"@type\":\"ImageObject\",\"inLanguage\":\"en-GB\",\"@id\":\"https:\/\/status-wellness.pt\/#\/schema\/logo\/image\/\",\"url\":\"https:\/\/status-wellness.pt\/wp-content\/uploads\/2023\/02\/cropped-icon.png\",\"contentUrl\":\"https:\/\/status-wellness.pt\/wp-content\/uploads\/2023\/02\/cropped-icon.png\",\"width\":512,\"height\":512,\"caption\":\"STATUS Wellness\"},\"image\":{\"@id\":\"https:\/\/status-wellness.pt\/#\/schema\/logo\/image\/\"},\"sameAs\":[\"https:\/\/www.facebook.com\/statuswellness\",\"https:\/\/www.instagram.com\/status_wellness\/\"]}]}<\/script>\n<!-- \/ Yoast SEO Premium plugin. -->","yoast_head_json":{"title":"Garantias - Status Wellness","description":"Explore as nossas pol\u00edticas de garantias de cada spa atrav\u00e9s da sua qualidade e seguran\u00e7a para uma experi\u00eancia de compra sem preocupa\u00e7\u00f5es.","robots":{"index":"index","follow":"follow","max-snippet":"max-snippet:-1","max-image-preview":"max-image-preview:large","max-video-preview":"max-video-preview:-1"},"canonical":"https:\/\/status-wellness.pt\/en\/apoio-ao-cliente\/garantias\/","og_locale":"en_GB","og_type":"article","og_title":"Garantias - Status Wellness","og_description":"Explore as nossas pol\u00edticas de garantias de cada spa atrav\u00e9s da sua qualidade e seguran\u00e7a para uma experi\u00eancia de compra sem preocupa\u00e7\u00f5es.","og_url":"https:\/\/status-wellness.pt\/en\/apoio-ao-cliente\/garantias\/","og_site_name":"Status Wellness","article_publisher":"https:\/\/www.facebook.com\/statuswellness","article_modified_time":"2026-03-26T08:19:54+00:00","og_image":[{"width":1200,"height":630,"url":"https:\/\/status-wellness.pt\/wp-content\/uploads\/2023\/02\/E59BAB66-8F79-4F3F-99F3-D1C1DB2D35C1-2023-02-26-22_50_44.png","type":"image\/png"}],"twitter_card":"summary_large_image","twitter_misc":{"Estimated reading time":"2 minutes"},"schema":{"@context":"https:\/\/schema.org","@graph":[{"@type":"WebPage","@id":"https:\/\/status-wellness.pt\/apoio-ao-cliente\/garantias\/","url":"https:\/\/status-wellness.pt\/apoio-ao-cliente\/garantias\/","name":"Garantias - Status Wellness","isPartOf":{"@id":"https:\/\/status-wellness.pt\/#website"},"primaryImageOfPage":{"@id":"https:\/\/status-wellness.pt\/apoio-ao-cliente\/garantias\/#primaryimage"},"image":{"@id":"https:\/\/status-wellness.pt\/apoio-ao-cliente\/garantias\/#primaryimage"},"thumbnailUrl":"https:\/\/status-wellness.pt\/wp-content\/uploads\/2023\/02\/E59BAB66-8F79-4F3F-99F3-D1C1DB2D35C1-2023-02-26-22_50_44.png","datePublished":"2023-02-14T11:23:22+00:00","dateModified":"2026-03-26T08:19:54+00:00","description":"Explore as nossas pol\u00edticas de garantias de cada spa atrav\u00e9s da sua qualidade e seguran\u00e7a para uma experi\u00eancia de compra sem preocupa\u00e7\u00f5es.","breadcrumb":{"@id":"https:\/\/status-wellness.pt\/apoio-ao-cliente\/garantias\/#breadcrumb"},"inLanguage":"en-GB","potentialAction":[{"@type":"ReadAction","target":["https:\/\/status-wellness.pt\/apoio-ao-cliente\/garantias\/"]}]},{"@type":"ImageObject","inLanguage":"en-GB","@id":"https:\/\/status-wellness.pt\/apoio-ao-cliente\/garantias\/#primaryimage","url":"https:\/\/status-wellness.pt\/wp-content\/uploads\/2023\/02\/E59BAB66-8F79-4F3F-99F3-D1C1DB2D35C1-2023-02-26-22_50_44.png","contentUrl":"https:\/\/status-wellness.pt\/wp-content\/uploads\/2023\/02\/E59BAB66-8F79-4F3F-99F3-D1C1DB2D35C1-2023-02-26-22_50_44.png","width":1200,"height":630,"caption":"logotipo status wellness"},{"@type":"BreadcrumbList","@id":"https:\/\/status-wellness.pt\/apoio-ao-cliente\/garantias\/#breadcrumb","itemListElement":[{"@type":"ListItem","position":1,"name":"Home","item":"https:\/\/status-wellness.pt\/"},{"@type":"ListItem","position":2,"name":"Apoio ao Cliente","item":"https:\/\/status-wellness.pt\/apoio-ao-cliente\/"},{"@type":"ListItem","position":3,"name":"Garantias"}]},{"@type":"WebSite","@id":"https:\/\/status-wellness.pt\/#website","url":"https:\/\/status-wellness.pt\/","name":"STATUS Wellness","description":"Spas Exteriores, Jacuzzis e Saunas","publisher":{"@id":"https:\/\/status-wellness.pt\/#organization"},"alternateName":"STATUS Wellness","potentialAction":[{"@type":"SearchAction","target":{"@type":"EntryPoint","urlTemplate":"https:\/\/status-wellness.pt\/?s={search_term_string}"},"query-input":{"@type":"PropertyValueSpecification","valueRequired":true,"valueName":"search_term_string"}}],"inLanguage":"en-GB"},{"@type":"Organization","@id":"https:\/\/status-wellness.pt\/#organization","name":"STATUS Wellness","url":"https:\/\/status-wellness.pt\/","logo":{"@type":"ImageObject","inLanguage":"en-GB","@id":"https:\/\/status-wellness.pt\/#\/schema\/logo\/image\/","url":"https:\/\/status-wellness.pt\/wp-content\/uploads\/2023\/02\/cropped-icon.png","contentUrl":"https:\/\/status-wellness.pt\/wp-content\/uploads\/2023\/02\/cropped-icon.png","width":512,"height":512,"caption":"STATUS Wellness"},"image":{"@id":"https:\/\/status-wellness.pt\/#\/schema\/logo\/image\/"},"sameAs":["https:\/\/www.facebook.com\/statuswellness","https:\/\/www.instagram.com\/status_wellness\/"]}]}},"_links":{"self":[{"href":"https:\/\/status-wellness.pt\/en\/wp-json\/wp\/v2\/pages\/908","targetHints":{"allow":["GET"]}}],"collection":[{"href":"https:\/\/status-wellness.pt\/en\/wp-json\/wp\/v2\/pages"}],"about":[{"href":"https:\/\/status-wellness.pt\/en\/wp-json\/wp\/v2\/types\/page"}],"author":[{"embeddable":true,"href":"https:\/\/status-wellness.pt\/en\/wp-json\/wp\/v2\/users\/1"}],"replies":[{"embeddable":true,"href":"https:\/\/status-wellness.pt\/en\/wp-json\/wp\/v2\/comments?post=908"}],"version-history":[{"count":23,"href":"https:\/\/status-wellness.pt\/en\/wp-json\/wp\/v2\/pages\/908\/revisions"}],"predecessor-version":[{"id":11139,"href":"https:\/\/status-wellness.pt\/en\/wp-json\/wp\/v2\/pages\/908\/revisions\/11139"}],"up":[{"embeddable":true,"href":"https:\/\/status-wellness.pt\/en\/wp-json\/wp\/v2\/pages\/840"}],"wp:featuredmedia":[{"embeddable":true,"href":"https:\/\/status-wellness.pt\/en\/wp-json\/wp\/v2\/media\/1992"}],"wp:attachment":[{"href":"https:\/\/status-wellness.pt\/en\/wp-json\/wp\/v2\/media?parent=908"}],"curies":[{"name":"wp","href":"https:\/\/api.w.org\/{rel}","templated":true}]}}